{"id":1338,"date":"2016-03-21T13:29:20","date_gmt":"2016-03-21T12:29:20","guid":{"rendered":"https:\/\/www.zollas.ch\/kontakt\/"},"modified":"2024-02-01T10:03:54","modified_gmt":"2024-02-01T09:03:54","slug":"contact","status":"publish","type":"page","link":"https:\/\/www.zollas.ch\/fr\/contact\/","title":{"rendered":"Contact"},"content":{"rendered":"<section class=\"wpb-content-wrapper\"><p>[vc_row bottom=\u00a0\u00bb30px\u00a0\u00bb slope_top=\u00a0\u00bbslope-top\u00a0\u00bb slope_top_pos=\u00a0\u00bbslope-top-outside\u00a0\u00bb slope_top_height=\u00a0\u00bb50px\u00a0\u00bb slope_top_color=\u00a0\u00bb#f2fdfa\u00a0\u00bb bg_color=\u00a0\u00bb#f2fdfa\u00a0\u00bb][vc_column width=\u00a0\u00bb1\/2&Prime; css=\u00a0\u00bb.vc_custom_1705581735126{padding-bottom: 25px !important;}\u00a0\u00bb][vc_column_text css=\u00a0\u00bb.vc_custom_1706778177708{padding-bottom: 25px !important;}\u00a0\u00bb]<\/p>\n<h3>Zollas Verzollungen Schweiz GmbH<\/h3>\n<p>Autobahnzoll<br \/>\nGeb\u00e4ude C (CH-Import) und Geb\u00e4ude R (CH-Export)<br \/>\nPostfach 2319<br \/>\n8280 Kreuzlingen<\/p>\n<p>T\u00e9l. CH: +41 71 67 79 50-0<br \/>\nT\u00e9l. DE: +49 75 31 45 55 54<\/p>\n<p>E-mail: <a href=\"mailto:info@zollas.ch\">info@zollas.ch<\/a>[\/vc_column_text][\/vc_column][vc_column width=\u00a0\u00bb1\/2&Prime; css=\u00a0\u00bb.vc_custom_1705581743924{padding-bottom: 25px !important;}\u00a0\u00bb][vc_column_text]<\/p>\n<h3>Heures d\u2019ouverture<\/h3>\n<table width=\"100%\">\n<tbody>\n<tr>\n<td>Du lundi au vendredi<\/td>\n<td>07:00 &#8211; 17:30<\/td>\n<\/tr>\n<tr>\n<td>Samedi<\/td>\n<td>07:00 &#8211; 10:00<\/td>\n<\/tr>\n<\/tbody>\n<\/table>\n<p>[\/vc_column_text][\/vc_column][\/vc_row][vc_row full_content_width=\u00a0\u00bbrow-inner-full\u00a0\u00bb row_height_type=\u00a0\u00bbfixed_height\u00a0\u00bb height=\u00a0\u00bb500&Prime; top=\u00a0\u00bb0&Prime; bottom=\u00a0\u00bb0&Prime; gap=\u00a0\u00bb0&Prime; content_placement=\u00a0\u00bbmiddle\u00a0\u00bb row_mobile_style=\u00a0\u00bbipad_full_width\u00a0\u00bb][vc_column css=\u00a0\u00bb.vc_custom_1705581664065{margin-top: 0px !important;margin-right: 0px !important;margin-bottom: 0px !important;margin-left: 0px !important;padding-top: 0px !important;padding-right: 0px !important;padding-bottom: 0px !important;padding-left: 0px !important;}\u00a0\u00bb][vc_gmaps link=\u00a0\u00bb#E-8_JTNDaWZyYW1lJTIwc3JjJTNEJTIyaHR0cHMlM0ElMkYlMkZ3d3cuZ29vZ2xlLmNvbSUyRm1hcHMlMkZlbWJlZCUzRnBiJTNEJTIxMW0xOCUyMTFtMTIlMjExbTMlMjExZDM2Ni4zMjg1Nzg2MTE5MjQ0JTIxMmQ5LjE1OTExMDkwNjYwNTA5OSUyMTNkNDcuNjU3MjU5MzY1NjEyOTE2JTIxMm0zJTIxMWYwJTIxMmYwJTIxM2YwJTIxM20yJTIxMWkxMDI0JTIxMmk3NjglMjE0ZjEzLjElMjEzbTMlMjExbTIlMjExczB4NDc5YWY3ZmI1MWM5ODhkZiUyNTNBMHhkZGU3ODc3YmQ4YmRkMTM5JTIxMnNab2xsYXMlMjUyMFZlcnpvbGx1bmdlbiUyNTIwU2Nod2VpeiUyNTIwR21iSCUyMTVlMCUyMTNtMiUyMTFzZGUlMjEyc2RlJTIxNHYxNjcyNjUzMjk1NzYxJTIxNW0yJTIxMXNkZSUyMTJzZGUlMjIlMjB3aWR0aCUzRCUyMjEwMCUyNSUyMiUyMGhlaWdodCUzRCUyMjUwMCUyMiUyMHN0eWxlJTNEJTIyYm9yZGVyJTNBMCUzQiUyMiUyMGFsbG93ZnVsbHNjcmVlbiUzRCUyMiUyMiUyMGxvYWRpbmclM0QlMjJsYXp5JTIyJTIwcmVmZXJyZXJwb2xpY3klM0QlMjJuby1yZWZlcnJlci13aGVuLWRvd25ncmFkZSUyMiUzRSUzQyUyRmlmcmFtZSUzRQ==\u00a0\u00bb css=\u00a0\u00bb.vc_custom_1705581673253{margin-top: 0px !important;margin-right: 0px !important;margin-bottom: 0px !important;margin-left: 0px !important;padding-top: 0px !important;padding-right: 0px !important;padding-bottom: 0px !important;padding-left: 0px !important;}\u00a0\u00bb][\/vc_column][\/vc_row]<\/p>\n<\/section>","protected":false},"excerpt":{"rendered":"<p>[vc_row bottom=\u00a0\u00bb30px\u00a0\u00bb slope_top=\u00a0\u00bbslope-top\u00a0\u00bb slope_top_pos=\u00a0\u00bbslope-top-outside\u00a0\u00bb slope_top_height=\u00a0\u00bb50px\u00a0\u00bb slope_top_color=\u00a0\u00bb#f2fdfa\u00a0\u00bb bg_color=\u00a0\u00bb#f2fdfa\u00a0\u00bb][vc_column width=\u00a0\u00bb1\/2&Prime; css=\u00a0\u00bb.vc_custom_1705581735126{padding-bottom: 25px !important;}\u00a0\u00bb][vc_column_text css=\u00a0\u00bb.vc_custom_1706778177708{padding-bottom: 25px !important;}\u00a0\u00bb] Zollas Verzollungen Schweiz GmbH Autobahnzoll Geb\u00e4ude C (CH-Import) und Geb\u00e4ude R (CH-Export) Postfach 2319 8280 Kreuzlingen T\u00e9l. CH: +41 71 67 79 50-0 T\u00e9l. DE: +49 75 31 45 55 54 E-mail: info@zollas.ch[\/vc_column_text][\/vc_column][vc_column width=\u00a0\u00bb1\/2&Prime; css=\u00a0\u00bb.vc_custom_1705581743924{padding-bottom: 25px !important;}\u00a0\u00bb][vc_column_text] Heures d\u2019ouverture Du lundi au vendredi 07:00 &#8211; 17:30 Samedi 07:00 &#8211; 10:00 [\/vc_column_text][\/vc_column][\/vc_row][vc_row full_content_width=\u00a0\u00bbrow-inner-full\u00a0\u00bb row_height_type=\u00a0\u00bbfixed_height\u00a0\u00bb height=\u00a0\u00bb500&Prime; top=\u00a0\u00bb0&Prime; bottom=\u00a0\u00bb0&Prime; gap=\u00a0\u00bb0&Prime; content_placement=\u00a0\u00bbmiddle\u00a0\u00bb row_mobile_style=\u00a0\u00bbipad_full_width\u00a0\u00bb][vc_column css=\u00a0\u00bb.vc_custom_1705581664065{margin-top: 0px&#8230;  <\/p>\n<div class=\"read-more\"><a class=\"excerpt-read-more\" href=\"https:\/\/www.zollas.ch\/fr\/contact\/\" title=\"Continue reading Contact\">Read more<i class=\"fa fa-angle-right\"><\/i><\/a><\/div>\n","protected":false},"author":1,"featured_media":0,"parent":0,"menu_order":0,"comment_status":"closed","ping_status":"closed","template":"","meta":{"inline_featured_image":false,"footnotes":""},"yoast_head":"<!-- This site is optimized with the Yoast SEO plugin v21.4 - https:\/\/yoast.com\/wordpress\/plugins\/seo\/ -->\n<title>Contact &#8211; Zollas Verzollungen Schweiz GmbH<\/title>\n<meta name=\"robots\" content=\"index, follow, max-snippet:-1, max-image-preview:large, max-video-preview:-1\" \/>\n<link rel=\"canonical\" href=\"https:\/\/www.zollas.ch\/fr\/contact\/\" \/>\n<meta property=\"og:locale\" content=\"fr_FR\" \/>\n<meta property=\"og:type\" content=\"article\" \/>\n<meta property=\"og:title\" content=\"Contact &#8211; Zollas Verzollungen Schweiz GmbH\" \/>\n<meta property=\"og:description\" content=\"[vc_row bottom=\u00a0\u00bb30px\u00a0\u00bb slope_top=\u00a0\u00bbslope-top\u00a0\u00bb slope_top_pos=\u00a0\u00bbslope-top-outside\u00a0\u00bb slope_top_height=\u00a0\u00bb50px\u00a0\u00bb slope_top_color=\u00a0\u00bb#f2fdfa\u00a0\u00bb bg_color=\u00a0\u00bb#f2fdfa\u00a0\u00bb][vc_column width=\u00a0\u00bb1\/2&Prime; css=\u00a0\u00bb.vc_custom_1705581735126{padding-bottom: 25px !important;}\u00a0\u00bb][vc_column_text css=\u00a0\u00bb.vc_custom_1706778177708{padding-bottom: 25px !important;}\u00a0\u00bb] Zollas Verzollungen Schweiz GmbH Autobahnzoll Geb\u00e4ude C (CH-Import) und Geb\u00e4ude R (CH-Export) Postfach 2319 8280 Kreuzlingen T\u00e9l. CH: +41 71 67 79 50-0 T\u00e9l. DE: +49 75 31 45 55 54 E-mail: info@zollas.ch[\/vc_column_text][\/vc_column][vc_column width=\u00a0\u00bb1\/2&Prime; css=\u00a0\u00bb.vc_custom_1705581743924{padding-bottom: 25px !important;}\u00a0\u00bb][vc_column_text] Heures d\u2019ouverture Du lundi au vendredi 07:00 &#8211; 17:30 Samedi 07:00 &#8211; 10:00 [\/vc_column_text][\/vc_column][\/vc_row][vc_row full_content_width=\u00a0\u00bbrow-inner-full\u00a0\u00bb row_height_type=\u00a0\u00bbfixed_height\u00a0\u00bb height=\u00a0\u00bb500&Prime; top=\u00a0\u00bb0&Prime; bottom=\u00a0\u00bb0&Prime; gap=\u00a0\u00bb0&Prime; content_placement=\u00a0\u00bbmiddle\u00a0\u00bb row_mobile_style=\u00a0\u00bbipad_full_width\u00a0\u00bb][vc_column css=\u00a0\u00bb.vc_custom_1705581664065{margin-top: 0px... Read more\" \/>\n<meta property=\"og:url\" content=\"https:\/\/www.zollas.ch\/fr\/contact\/\" \/>\n<meta property=\"og:site_name\" content=\"Zollas Verzollungen Schweiz GmbH\" \/>\n<meta property=\"article:modified_time\" content=\"2024-02-01T09:03:54+00:00\" \/>\n<meta name=\"twitter:card\" content=\"summary_large_image\" \/>\n<meta name=\"twitter:label1\" content=\"Dur\u00e9e de lecture estim\u00e9e\" \/>\n\t<meta name=\"twitter:data1\" content=\"1 minute\" \/>\n<script type=\"application\/ld+json\" class=\"yoast-schema-graph\">{\"@context\":\"https:\/\/schema.org\",\"@graph\":[{\"@type\":\"WebPage\",\"@id\":\"https:\/\/www.zollas.ch\/fr\/contact\/\",\"url\":\"https:\/\/www.zollas.ch\/fr\/contact\/\",\"name\":\"Contact &#8211; Zollas Verzollungen Schweiz GmbH\",\"isPartOf\":{\"@id\":\"https:\/\/www.zollas.ch\/pl\/#website\"},\"datePublished\":\"2016-03-21T12:29:20+00:00\",\"dateModified\":\"2024-02-01T09:03:54+00:00\",\"breadcrumb\":{\"@id\":\"https:\/\/www.zollas.ch\/fr\/contact\/#breadcrumb\"},\"inLanguage\":\"fr-FR\",\"potentialAction\":[{\"@type\":\"ReadAction\",\"target\":[\"https:\/\/www.zollas.ch\/fr\/contact\/\"]}]},{\"@type\":\"BreadcrumbList\",\"@id\":\"https:\/\/www.zollas.ch\/fr\/contact\/#breadcrumb\",\"itemListElement\":[{\"@type\":\"ListItem\",\"position\":1,\"name\":\"Home\",\"item\":\"https:\/\/www.zollas.ch\/fr\/\"},{\"@type\":\"ListItem\",\"position\":2,\"name\":\"Contact\"}]},{\"@type\":\"WebSite\",\"@id\":\"https:\/\/www.zollas.ch\/pl\/#website\",\"url\":\"https:\/\/www.zollas.ch\/pl\/\",\"name\":\"Zollas Verzollungen Schweiz GmbH\",\"description\":\"\",\"potentialAction\":[{\"@type\":\"SearchAction\",\"target\":{\"@type\":\"EntryPoint\",\"urlTemplate\":\"https:\/\/www.zollas.ch\/pl\/?s={search_term_string}\"},\"query-input\":\"required name=search_term_string\"}],\"inLanguage\":\"fr-FR\"}]}<\/script>\n<!-- \/ Yoast SEO plugin. -->","yoast_head_json":{"title":"Contact &#8211; Zollas Verzollungen Schweiz GmbH","robots":{"index":"index","follow":"follow","max-snippet":"max-snippet:-1","max-image-preview":"max-image-preview:large","max-video-preview":"max-video-preview:-1"},"canonical":"https:\/\/www.zollas.ch\/fr\/contact\/","og_locale":"fr_FR","og_type":"article","og_title":"Contact &#8211; Zollas Verzollungen Schweiz GmbH","og_description":"[vc_row bottom=\u00a0\u00bb30px\u00a0\u00bb slope_top=\u00a0\u00bbslope-top\u00a0\u00bb slope_top_pos=\u00a0\u00bbslope-top-outside\u00a0\u00bb slope_top_height=\u00a0\u00bb50px\u00a0\u00bb slope_top_color=\u00a0\u00bb#f2fdfa\u00a0\u00bb bg_color=\u00a0\u00bb#f2fdfa\u00a0\u00bb][vc_column width=\u00a0\u00bb1\/2&Prime; css=\u00a0\u00bb.vc_custom_1705581735126{padding-bottom: 25px !important;}\u00a0\u00bb][vc_column_text css=\u00a0\u00bb.vc_custom_1706778177708{padding-bottom: 25px !important;}\u00a0\u00bb] Zollas Verzollungen Schweiz GmbH Autobahnzoll Geb\u00e4ude C (CH-Import) und Geb\u00e4ude R (CH-Export) Postfach 2319 8280 Kreuzlingen T\u00e9l. CH: +41 71 67 79 50-0 T\u00e9l. DE: +49 75 31 45 55 54 E-mail: info@zollas.ch[\/vc_column_text][\/vc_column][vc_column width=\u00a0\u00bb1\/2&Prime; css=\u00a0\u00bb.vc_custom_1705581743924{padding-bottom: 25px !important;}\u00a0\u00bb][vc_column_text] Heures d\u2019ouverture Du lundi au vendredi 07:00 &#8211; 17:30 Samedi 07:00 &#8211; 10:00 [\/vc_column_text][\/vc_column][\/vc_row][vc_row full_content_width=\u00a0\u00bbrow-inner-full\u00a0\u00bb row_height_type=\u00a0\u00bbfixed_height\u00a0\u00bb height=\u00a0\u00bb500&Prime; top=\u00a0\u00bb0&Prime; bottom=\u00a0\u00bb0&Prime; gap=\u00a0\u00bb0&Prime; content_placement=\u00a0\u00bbmiddle\u00a0\u00bb row_mobile_style=\u00a0\u00bbipad_full_width\u00a0\u00bb][vc_column css=\u00a0\u00bb.vc_custom_1705581664065{margin-top: 0px... Read more","og_url":"https:\/\/www.zollas.ch\/fr\/contact\/","og_site_name":"Zollas Verzollungen Schweiz GmbH","article_modified_time":"2024-02-01T09:03:54+00:00","twitter_card":"summary_large_image","twitter_misc":{"Dur\u00e9e de lecture estim\u00e9e":"1 minute"},"schema":{"@context":"https:\/\/schema.org","@graph":[{"@type":"WebPage","@id":"https:\/\/www.zollas.ch\/fr\/contact\/","url":"https:\/\/www.zollas.ch\/fr\/contact\/","name":"Contact &#8211; Zollas Verzollungen Schweiz GmbH","isPartOf":{"@id":"https:\/\/www.zollas.ch\/pl\/#website"},"datePublished":"2016-03-21T12:29:20+00:00","dateModified":"2024-02-01T09:03:54+00:00","breadcrumb":{"@id":"https:\/\/www.zollas.ch\/fr\/contact\/#breadcrumb"},"inLanguage":"fr-FR","potentialAction":[{"@type":"ReadAction","target":["https:\/\/www.zollas.ch\/fr\/contact\/"]}]},{"@type":"BreadcrumbList","@id":"https:\/\/www.zollas.ch\/fr\/contact\/#breadcrumb","itemListElement":[{"@type":"ListItem","position":1,"name":"Home","item":"https:\/\/www.zollas.ch\/fr\/"},{"@type":"ListItem","position":2,"name":"Contact"}]},{"@type":"WebSite","@id":"https:\/\/www.zollas.ch\/pl\/#website","url":"https:\/\/www.zollas.ch\/pl\/","name":"Zollas Verzollungen Schweiz GmbH","description":"","potentialAction":[{"@type":"SearchAction","target":{"@type":"EntryPoint","urlTemplate":"https:\/\/www.zollas.ch\/pl\/?s={search_term_string}"},"query-input":"required name=search_term_string"}],"inLanguage":"fr-FR"}]}},"_links":{"self":[{"href":"https:\/\/www.zollas.ch\/fr\/wp-json\/wp\/v2\/pages\/1338"}],"collection":[{"href":"https:\/\/www.zollas.ch\/fr\/wp-json\/wp\/v2\/pages"}],"about":[{"href":"https:\/\/www.zollas.ch\/fr\/wp-json\/wp\/v2\/types\/page"}],"author":[{"embeddable":true,"href":"https:\/\/www.zollas.ch\/fr\/wp-json\/wp\/v2\/users\/1"}],"replies":[{"embeddable":true,"href":"https:\/\/www.zollas.ch\/fr\/wp-json\/wp\/v2\/comments?post=1338"}],"version-history":[{"count":2,"href":"https:\/\/www.zollas.ch\/fr\/wp-json\/wp\/v2\/pages\/1338\/revisions"}],"predecessor-version":[{"id":1340,"href":"https:\/\/www.zollas.ch\/fr\/wp-json\/wp\/v2\/pages\/1338\/revisions\/1340"}],"wp:attachment":[{"href":"https:\/\/www.zollas.ch\/fr\/wp-json\/wp\/v2\/media?parent=1338"}],"curies":[{"name":"wp","href":"https:\/\/api.w.org\/{rel}","templated":true}]}}