{"id":1341,"date":"2016-03-18T13:10:53","date_gmt":"2016-03-18T12:10:53","guid":{"rendered":"https:\/\/www.zollas.ch\/home\/"},"modified":"2024-02-02T11:43:52","modified_gmt":"2024-02-02T10:43:52","slug":"home","status":"publish","type":"page","link":"https:\/\/www.zollas.ch\/fr\/","title":{"rendered":"Home"},"content":{"rendered":"<section class=\"wpb-content-wrapper\"><p>[vc_row full_content_width=\u00a0\u00bbrow-inner-full\u00a0\u00bb top=\u00a0\u00bb0&Prime; bottom=\u00a0\u00bb0&Prime; slope_bottom=\u00a0\u00bbslope-bottom\u00a0\u00bb slope_bottom_height=\u00a0\u00bb50px\u00a0\u00bb slope_bottom_color=\u00a0\u00bb#ffffff\u00a0\u00bb][vc_column]\n\t\t\t<!-- START Home FR REVOLUTION SLIDER 6.6.15 --><p class=\"rs-p-wp-fix\"><\/p>\n\t\t\t<rs-module-wrap id=\"rev_slider_5_1_wrapper\" data-source=\"gallery\" style=\"visibility:hidden;background:#3ab78b;padding:0;margin:0px auto;margin-top:0;margin-bottom:0;\">\n\t\t\t\t<rs-module id=\"rev_slider_5_1\" style=\"\" data-version=\"6.6.15\">\n\t\t\t\t\t<rs-slides style=\"overflow: hidden; position: absolute;\">\n\t\t\t\t\t\t<rs-slide style=\"position: absolute;\" data-key=\"rs-5\" data-title=\"Slide\" data-anim=\"adpr:false;\" data-in=\"o:0;\" data-out=\"a:false;\">\n\t\t\t\t\t\t\t<img src=\"\/\/www.zollas.ch\/wp-content\/plugins\/revslider\/public\/assets\/assets\/dummy.png\" alt=\"Slide\" title=\"Home\" class=\"rev-slidebg tp-rs-img rs-lazyload\" data-lazyload=\"\/\/www.zollas.ch\/wp-content\/plugins\/revslider\/public\/assets\/assets\/transparent.png\" data-bg=\"p:center top;c:linear-gradient(rgba(58,183,139,1) 0%, rgba(242,253,250,1) 100%);r:repeat-x;\" data-no-retina>\n<!--\n\t\t\t\t\t\t\t--><rs-layer\n\t\t\t\t\t\t\t\tid=\"slider-5-slide-5-layer-2\" \n\t\t\t\t\t\t\t\tdata-type=\"image\"\n\t\t\t\t\t\t\t\tdata-rsp_ch=\"on\"\n\t\t\t\t\t\t\t\tdata-xy=\"x:c;y:b;yo:30px,-30px,0,0;\"\n\t\t\t\t\t\t\t\tdata-text=\"l:22;\"\n\t\t\t\t\t\t\t\tdata-dim=\"w:1200px,1200px,800px,550px;h:628px,628px,419px,288px;\"\n\t\t\t\t\t\t\t\tdata-frame_1=\"e:power2.inOut;st:500;sp:50;\"\n\t\t\t\t\t\t\t\tdata-frame_999=\"o:0;e:nothing;st:w;\"\n\t\t\t\t\t\t\t\tstyle=\"z-index:5;\"\n\t\t\t\t\t\t\t><img src=\"\/\/www.zollas.ch\/wp-content\/plugins\/revslider\/public\/assets\/assets\/dummy.png\" alt=\"\" class=\"tp-rs-img rs-lazyload\" width=\"2500\" height=\"1309\" data-lazyload=\"\/\/www.zollas.ch\/wp-content\/uploads\/2024\/02\/Zollas-Grafik-FR.png\" data-no-retina> \n\t\t\t\t\t\t\t<\/rs-layer><!--\n-->\t\t\t\t\t\t<\/rs-slide>\n\t\t\t\t\t<\/rs-slides>\n\t\t\t\t<\/rs-module>\n\t\t\t\t<script>\n\t\t\t\t\tsetREVStartSize({c: 'rev_slider_5_1',rl:[1240,1024,778,480],el:[660,560,460,410],gw:[1240,1024,778,480],gh:[660,560,460,410],type:'standard',justify:'',layout:'fullwidth',mh:\"0\"});if (window.RS_MODULES!==undefined && window.RS_MODULES.modules!==undefined && window.RS_MODULES.modules[\"revslider51\"]!==undefined) {window.RS_MODULES.modules[\"revslider51\"].once = false;window.revapi5 = undefined;if (window.RS_MODULES.checkMinimal!==undefined) window.RS_MODULES.checkMinimal()}\n\t\t\t\t<\/script>\n\t\t\t<\/rs-module-wrap>\n\t\t\t<!-- END REVOLUTION SLIDER -->\n[\/vc_column][\/vc_row][vc_row textalign=\u00a0\u00bbleft\u00a0\u00bb][vc_column width=\u00a0\u00bb2\/3&Prime; css=\u00a0\u00bb.vc_custom_1705662232672{padding-bottom: 50px !important;}\u00a0\u00bb][vc_column_text]<\/p>\n<h1>Bienvenue dans le monde de l\u2019efficacit\u00e9 sans fronti\u00e8res!<\/h1>\n<h2>Willkommen! Gruezi! Welcome! Benvenuti!<\/h2>\n<p>Vous avez besoin de quelqu\u2019un qui s\u2019occupe de tous vos d\u00e9douanements? Alors vous \u00eates \u00e0 la bonne adresse! Nous traitons tous vos envois internationaux de marchandises avec rapidit\u00e9, comp\u00e9tence et en toute s\u00e9curit\u00e9. Qu\u2019il s\u2019agisse d\u2019un r\u00e9gime de transit, d\u2019une importation pour la libre circulation, d\u2019une d\u00e9claration d\u2019exportation ou d\u2019importation, nous ma\u00eetrisons toutes les proc\u00e9dures douani\u00e8res et nous choisirons celle qui vous convient le mieux. En tant qu\u2019agence de services impartiale, nous sommes ind\u00e9pendants des transporteurs et des entreprises.<\/p>\n<h4>Avec nous, vous travaillerez avec de vrais professionnels de la douane et vous garderez votre temps pour des t\u00e2ches plus importantes!<\/h4>\n<p>[\/vc_column_text][\/vc_column][vc_column width=\u00a0\u00bb1\/3&Prime; el_class=\u00a0\u00bbnews-home\u00a0\u00bb css=\u00a0\u00bb.vc_custom_1705662095245{margin-top: 0px !important;padding-top: 0px !important;}\u00a0\u00bb][vc_column_text]<\/p>\n<h2>News<\/h2>\n<p>[\/vc_column_text][vc_basic_grid post_type=\u00a0\u00bbpost\u00a0\u00bb max_items=\u00a0\u00bb1&Prime; element_width=\u00a0\u00bb12&Prime; gap=\u00a0\u00bb0&Prime; item=\u00a0\u00bb437&Prime; grid_id=\u00a0\u00bbvc_gid:1706870624124-43f0dcca-33d7-3&Prime; css=\u00a0\u00bb.vc_custom_1705662338826{padding-top: 23px !important;padding-left: 0px !important;}\u00a0\u00bb][\/vc_column][\/vc_row][vc_row slope_top=\u00a0\u00bbslope-top\u00a0\u00bb slope_top_pos=\u00a0\u00bbslope-top-outside\u00a0\u00bb slope_top_height=\u00a0\u00bb50px\u00a0\u00bb slope_top_color=\u00a0\u00bb#f2fdfa\u00a0\u00bb bg_color=\u00a0\u00bb#f2fdfa\u00a0\u00bb][vc_column textalign=\u00a0\u00bbcenter\u00a0\u00bb width=\u00a0\u00bb1\/2&Prime; css=\u00a0\u00bb.vc_custom_1458311446150{padding-bottom: 60px !important;}\u00a0\u00bb][vc_single_image image=\u00a0\u00bb153&Prime; img_size=\u00a0\u00bb175&#215;125&Prime; alignment=\u00a0\u00bbcenter\u00a0\u00bb onclick=\u00a0\u00bbcustom_link\u00a0\u00bb css=\u00a0\u00bb.vc_custom_1705938888365{padding-bottom: 25px !important;}\u00a0\u00bb link=\u00a0\u00bbhttps:\/\/www.zollas.ch\/zollberatung\u00a0\u00bb][vc_column_text]<\/p>\n<h2>Conseil en douane<\/h2>\n<p>Notre \u00e9quipe se tient \u00e9galement \u00e0 votre disposition pour les questions sp\u00e9cifiques li\u00e9es \u00e0 la circulation transfrontali\u00e8re des marchandises.<\/p>\n<h5><a href=\"https:\/\/www.zollas.ch\/fr\/conseil-en-douane\/\">Notre conseil en douane, neutre et impartial&#8230;<\/a><\/h5>\n<p>[\/vc_column_text][\/vc_column][vc_column textalign=\u00a0\u00bbcenter\u00a0\u00bb width=\u00a0\u00bb1\/2&Prime; css=\u00a0\u00bb.vc_custom_1458311454301{padding-bottom: 60px !important;}\u00a0\u00bb][vc_single_image image=\u00a0\u00bb152&Prime; img_size=\u00a0\u00bb175&#215;125&Prime; alignment=\u00a0\u00bbcenter\u00a0\u00bb onclick=\u00a0\u00bbcustom_link\u00a0\u00bb css=\u00a0\u00bb.vc_custom_1705938903601{padding-bottom: 25px !important;}\u00a0\u00bb link=\u00a0\u00bbhttps:\/\/www.zollas.ch\/verzollungen\u00a0\u00bb][vc_column_text]<\/p>\n<h2>D\u00e9douanements<\/h2>\n<p>Nous nous chargeons de toutes les formalit\u00e9s et de tous les documents n\u00e9cessaires au d\u00e9douanement des importations et des exportations dans le cadre du transport transfrontalier de marchandises.<\/p>\n<h5><a href=\"https:\/\/www.zollas.ch\/fr\/dedouanements\/\">Nous ouvrons les fronti\u00e8res pour vous&#8230;<\/a><\/h5>\n<p>[\/vc_column_text][\/vc_column][\/vc_row][vc_row bottom=\u00a0\u00bb50px\u00a0\u00bb content_placement=\u00a0\u00bbbottom\u00a0\u00bb bg_type=\u00a0\u00bbimage\u00a0\u00bb slope_top=\u00a0\u00bbslope-top\u00a0\u00bb slope_top_pos=\u00a0\u00bbslope-top-outside\u00a0\u00bb slope_top_height=\u00a0\u00bb50px\u00a0\u00bb bg_color=\u00a0\u00bb#d01313&Prime; slope_top_color=\u00a0\u00bb#d01313&Prime; el_class=\u00a0\u00bbwhite\u00a0\u00bb][vc_column width=\u00a0\u00bb2\/3&Prime;][vc_column_text css=\u00a0\u00bb.vc_custom_1706778650093{padding-bottom: 25px !important;}\u00a0\u00bb]<\/p>\n<h2>Comment pouvons-nous vous aider?<\/h2>\n<p>Nous nous tenons \u00e0 votre disposition pour toute question et nous r\u00e9jouissons de votre prise de contact!<\/p>\n<p><span style=\"font-weight: 500;\">T\u00e9l. CH: <a href=\"tel:0041716779500\">+41 71 67 79 50-0<\/a> \u00a0 | \u00a0 T\u00e9l. DE: <a href=\"tel:00497531455554\">+49 75 31 45 55 54<\/a> \u00a0 | \u00a0 E-mail: <a href=\"mailto:info@zollas.ch\">info@zollas.ch<\/a><\/span>[\/vc_column_text][\/vc_column][vc_column textalign=\u00a0\u00bbcenter\u00a0\u00bb width=\u00a0\u00bb1\/3&Prime; css=\u00a0\u00bb.vc_custom_1705939388119{margin-bottom: 30px !important;}\u00a0\u00bb][vc_single_image image=\u00a0\u00bb1287&Prime; img_size=\u00a0\u00bb300&#215;200&Prime; alignment=\u00a0\u00bbcenter\u00a0\u00bb css=\u00a0\u00bb.vc_custom_1706001663647{margin-top: -50px !important;}\u00a0\u00bb][vc_button title=\u00a0\u00bbContactez-nous!\u00a0\u00bb size=\u00a0\u00bbbtn-large\u00a0\u00bb color=\u00a0\u00bbbtn_white\u00a0\u00bb link=\u00a0\u00bburl:https%3A%2F%2Fwww.zollas.ch%2Ffr%2Fcontact%2F\u00a0\u00bb][\/vc_column][\/vc_row]<\/p>\n<\/section>","protected":false},"excerpt":{"rendered":"<p>[vc_row full_content_width=\u00a0\u00bbrow-inner-full\u00a0\u00bb top=\u00a0\u00bb0&Prime; bottom=\u00a0\u00bb0&Prime; slope_bottom=\u00a0\u00bbslope-bottom\u00a0\u00bb slope_bottom_height=\u00a0\u00bb50px\u00a0\u00bb slope_bottom_color=\u00a0\u00bb#ffffff\u00a0\u00bb][vc_column][\/vc_column][\/vc_row][vc_row textalign=\u00a0\u00bbleft\u00a0\u00bb][vc_column width=\u00a0\u00bb2\/3&Prime; css=\u00a0\u00bb.vc_custom_1705662232672{padding-bottom: 50px !important;}\u00a0\u00bb][vc_column_text] Bienvenue dans le monde de l\u2019efficacit\u00e9 sans fronti\u00e8res! Willkommen! Gruezi! Welcome! Benvenuti! Vous avez besoin de quelqu\u2019un qui s\u2019occupe de tous vos d\u00e9douanements? Alors vous \u00eates \u00e0 la bonne adresse! Nous traitons tous vos envois internationaux de marchandises avec rapidit\u00e9, comp\u00e9tence et en toute s\u00e9curit\u00e9. Qu\u2019il s\u2019agisse d\u2019un r\u00e9gime de transit, d\u2019une importation pour la libre circulation, d\u2019une d\u00e9claration d\u2019exportation ou d\u2019importation, nous&#8230;  <\/p>\n<div class=\"read-more\"><a class=\"excerpt-read-more\" href=\"https:\/\/www.zollas.ch\/fr\/\" title=\"Continue reading Home\">Read more<i class=\"fa fa-angle-right\"><\/i><\/a><\/div>\n","protected":false},"author":1,"featured_media":0,"parent":0,"menu_order":0,"comment_status":"closed","ping_status":"closed","template":"","meta":{"inline_featured_image":false,"footnotes":""},"yoast_head":"<!-- This site is optimized with the Yoast SEO plugin v21.4 - https:\/\/yoast.com\/wordpress\/plugins\/seo\/ -->\n<title>Zollas Verzollungen Schweiz GmbH<\/title>\n<meta name=\"description\" content=\"Vous avez besoin de quelqu\u2019un qui s\u2019occupe de tous vos d\u00e9douanements? Alors vous \u00eates \u00e0 la bonne adresse!\" \/>\n<meta name=\"robots\" content=\"index, follow, max-snippet:-1, max-image-preview:large, max-video-preview:-1\" \/>\n<link rel=\"canonical\" href=\"https:\/\/www.zollas.ch\/fr\/\" \/>\n<meta property=\"og:locale\" content=\"fr_FR\" \/>\n<meta property=\"og:type\" content=\"article\" \/>\n<meta property=\"og:title\" content=\"Zollas Verzollungen Schweiz GmbH\" \/>\n<meta property=\"og:description\" content=\"Vous avez besoin de quelqu\u2019un qui s\u2019occupe de tous vos d\u00e9douanements? Alors vous \u00eates \u00e0 la bonne adresse!\" \/>\n<meta property=\"og:url\" content=\"https:\/\/www.zollas.ch\/fr\/\" \/>\n<meta property=\"og:site_name\" content=\"Zollas Verzollungen Schweiz GmbH\" \/>\n<meta property=\"article:modified_time\" content=\"2024-02-02T10:43:52+00:00\" \/>\n<meta name=\"twitter:card\" content=\"summary_large_image\" \/>\n<meta name=\"twitter:label1\" content=\"Dur\u00e9e de lecture estim\u00e9e\" \/>\n\t<meta name=\"twitter:data1\" content=\"2 minutes\" \/>\n<script type=\"application\/ld+json\" class=\"yoast-schema-graph\">{\"@context\":\"https:\/\/schema.org\",\"@graph\":[{\"@type\":\"WebPage\",\"@id\":\"https:\/\/www.zollas.ch\/fr\/\",\"url\":\"https:\/\/www.zollas.ch\/fr\/\",\"name\":\"Zollas Verzollungen Schweiz GmbH\",\"isPartOf\":{\"@id\":\"https:\/\/www.zollas.ch\/pl\/#website\"},\"datePublished\":\"2016-03-18T12:10:53+00:00\",\"dateModified\":\"2024-02-02T10:43:52+00:00\",\"description\":\"Vous avez besoin de quelqu\u2019un qui s\u2019occupe de tous vos d\u00e9douanements? Alors vous \u00eates \u00e0 la bonne adresse!\",\"breadcrumb\":{\"@id\":\"https:\/\/www.zollas.ch\/fr\/#breadcrumb\"},\"inLanguage\":\"fr-FR\",\"potentialAction\":[{\"@type\":\"ReadAction\",\"target\":[\"https:\/\/www.zollas.ch\/fr\/\"]}]},{\"@type\":\"BreadcrumbList\",\"@id\":\"https:\/\/www.zollas.ch\/fr\/#breadcrumb\",\"itemListElement\":[{\"@type\":\"ListItem\",\"position\":1,\"name\":\"Home\",\"item\":\"https:\/\/www.zollas.ch\/fr\/\"},{\"@type\":\"ListItem\",\"position\":2,\"name\":\"Home\"}]},{\"@type\":\"WebSite\",\"@id\":\"https:\/\/www.zollas.ch\/pl\/#website\",\"url\":\"https:\/\/www.zollas.ch\/pl\/\",\"name\":\"Zollas Verzollungen Schweiz GmbH\",\"description\":\"\",\"potentialAction\":[{\"@type\":\"SearchAction\",\"target\":{\"@type\":\"EntryPoint\",\"urlTemplate\":\"https:\/\/www.zollas.ch\/pl\/?s={search_term_string}\"},\"query-input\":\"required name=search_term_string\"}],\"inLanguage\":\"fr-FR\"}]}<\/script>\n<!-- \/ Yoast SEO plugin. -->","yoast_head_json":{"title":"Zollas Verzollungen Schweiz GmbH","description":"Vous avez besoin de quelqu\u2019un qui s\u2019occupe de tous vos d\u00e9douanements? Alors vous \u00eates \u00e0 la bonne adresse!","robots":{"index":"index","follow":"follow","max-snippet":"max-snippet:-1","max-image-preview":"max-image-preview:large","max-video-preview":"max-video-preview:-1"},"canonical":"https:\/\/www.zollas.ch\/fr\/","og_locale":"fr_FR","og_type":"article","og_title":"Zollas Verzollungen Schweiz GmbH","og_description":"Vous avez besoin de quelqu\u2019un qui s\u2019occupe de tous vos d\u00e9douanements? Alors vous \u00eates \u00e0 la bonne adresse!","og_url":"https:\/\/www.zollas.ch\/fr\/","og_site_name":"Zollas Verzollungen Schweiz GmbH","article_modified_time":"2024-02-02T10:43:52+00:00","twitter_card":"summary_large_image","twitter_misc":{"Dur\u00e9e de lecture estim\u00e9e":"2 minutes"},"schema":{"@context":"https:\/\/schema.org","@graph":[{"@type":"WebPage","@id":"https:\/\/www.zollas.ch\/fr\/","url":"https:\/\/www.zollas.ch\/fr\/","name":"Zollas Verzollungen Schweiz GmbH","isPartOf":{"@id":"https:\/\/www.zollas.ch\/pl\/#website"},"datePublished":"2016-03-18T12:10:53+00:00","dateModified":"2024-02-02T10:43:52+00:00","description":"Vous avez besoin de quelqu\u2019un qui s\u2019occupe de tous vos d\u00e9douanements? Alors vous \u00eates \u00e0 la bonne adresse!","breadcrumb":{"@id":"https:\/\/www.zollas.ch\/fr\/#breadcrumb"},"inLanguage":"fr-FR","potentialAction":[{"@type":"ReadAction","target":["https:\/\/www.zollas.ch\/fr\/"]}]},{"@type":"BreadcrumbList","@id":"https:\/\/www.zollas.ch\/fr\/#breadcrumb","itemListElement":[{"@type":"ListItem","position":1,"name":"Home","item":"https:\/\/www.zollas.ch\/fr\/"},{"@type":"ListItem","position":2,"name":"Home"}]},{"@type":"WebSite","@id":"https:\/\/www.zollas.ch\/pl\/#website","url":"https:\/\/www.zollas.ch\/pl\/","name":"Zollas Verzollungen Schweiz GmbH","description":"","potentialAction":[{"@type":"SearchAction","target":{"@type":"EntryPoint","urlTemplate":"https:\/\/www.zollas.ch\/pl\/?s={search_term_string}"},"query-input":"required name=search_term_string"}],"inLanguage":"fr-FR"}]}},"_links":{"self":[{"href":"https:\/\/www.zollas.ch\/fr\/wp-json\/wp\/v2\/pages\/1341"}],"collection":[{"href":"https:\/\/www.zollas.ch\/fr\/wp-json\/wp\/v2\/pages"}],"about":[{"href":"https:\/\/www.zollas.ch\/fr\/wp-json\/wp\/v2\/types\/page"}],"author":[{"embeddable":true,"href":"https:\/\/www.zollas.ch\/fr\/wp-json\/wp\/v2\/users\/1"}],"replies":[{"embeddable":true,"href":"https:\/\/www.zollas.ch\/fr\/wp-json\/wp\/v2\/comments?post=1341"}],"version-history":[{"count":7,"href":"https:\/\/www.zollas.ch\/fr\/wp-json\/wp\/v2\/pages\/1341\/revisions"}],"predecessor-version":[{"id":1514,"href":"https:\/\/www.zollas.ch\/fr\/wp-json\/wp\/v2\/pages\/1341\/revisions\/1514"}],"wp:attachment":[{"href":"https:\/\/www.zollas.ch\/fr\/wp-json\/wp\/v2\/media?parent=1341"}],"curies":[{"name":"wp","href":"https:\/\/api.w.org\/{rel}","templated":true}]}}