{"id":1354,"date":"2016-03-21T12:25:55","date_gmt":"2016-03-21T11:25:55","guid":{"rendered":"https:\/\/www.zollas.ch\/zollberatung\/"},"modified":"2024-02-02T11:44:34","modified_gmt":"2024-02-02T10:44:34","slug":"conseil-en-douane","status":"publish","type":"page","link":"https:\/\/www.zollas.ch\/fr\/conseil-en-douane\/","title":{"rendered":"Conseil en douane"},"content":{"rendered":"<section class=\"wpb-content-wrapper\"><p>[vc_row bottom=\u00a0\u00bb90px\u00a0\u00bb slope_top=\u00a0\u00bbslope-top\u00a0\u00bb slope_top_pos=\u00a0\u00bbslope-top-outside\u00a0\u00bb slope_top_height=\u00a0\u00bb50px\u00a0\u00bb slope_top_color=\u00a0\u00bb#f2fdfa\u00a0\u00bb bg_color=\u00a0\u00bb#f2fdfa\u00a0\u00bb][vc_column width=\u00a0\u00bb2\/3&Prime;][vc_column_text]<\/p>\n<h2>Un service de conseil impartial par de vrais professionnels de la douane!<\/h2>\n<p>Notre \u00e9quipe se tient \u00e9galement \u00e0 votre disposition pour les questions sp\u00e9cifiques li\u00e9es \u00e0 la circulation transfrontali\u00e8re des marchandises.[\/vc_column_text][\/vc_column][vc_column width=\u00a0\u00bb1\/3&Prime;][vc_single_image image=\u00a0\u00bb163&Prime; img_size=\u00a0\u00bb300&#215;200&Prime;][\/vc_column][\/vc_row][vc_row bottom=\u00a0\u00bb0&Prime; content_placement=\u00a0\u00bbmiddle\u00a0\u00bb slope_top=\u00a0\u00bbslope-top\u00a0\u00bb slope_top_pos=\u00a0\u00bbslope-top-outside\u00a0\u00bb slope_top_height=\u00a0\u00bb50px\u00a0\u00bb slope_top_color=\u00a0\u00bb#ffffff\u00a0\u00bb bg_color=\u00a0\u00bb#ffffff\u00a0\u00bb][vc_column width=\u00a0\u00bb5\/6&Prime;][vc_column_text css=\u00a0\u00bb.vc_custom_1706779071687{margin-bottom: 25px !important;}\u00a0\u00bb]<\/p>\n<h2>FAQ de la douane<\/h2>\n<p>[\/vc_column_text][\/vc_column][vc_column width=\u00a0\u00bb1\/6&Prime;][vc_single_image image=\u00a0\u00bb1200&Prime; img_size=\u00a0\u00bb200&#215;250&Prime;][\/vc_column][\/vc_row][vc_row top=\u00a0\u00bb0&Prime; bottom=\u00a0\u00bb120px\u00a0\u00bb content_placement=\u00a0\u00bbbottom\u00a0\u00bb slope_top=\u00a0\u00bbslope-top\u00a0\u00bb slope_top_pos=\u00a0\u00bbslope-top-outside\u00a0\u00bb slope_top_height=\u00a0\u00bb50px\u00a0\u00bb slope_top_color=\u00a0\u00bb#ffffff\u00a0\u00bb bg_color=\u00a0\u00bb#ffffff\u00a0\u00bb][vc_column][vc_accordion style=\u00a0\u00bbaccordion_minimal\u00a0\u00bb collapsible=\u00a0\u00bbyes\u00a0\u00bb][vc_accordion_tab title=\u00a0\u00bbQuels sont les documents n\u00e9cessaires pour un d\u00e9douanement \u00e0 l\u2019\u00e9tranger?\u00a0\u00bb][vc_column_text]Pour tout envoi international, il vous faut une facture valable. Dans l\u2019id\u00e9al, celle-ci fait mention du vendeur et de l\u2019acheteur, ainsi que de la valeur, du poids et du nombre de colis. La deuxi\u00e8me \u00e9tape consiste \u00e0 cr\u00e9er un document d\u2019exportation appropri\u00e9 \u00e0 partir de ces donn\u00e9es. C\u2019est l\u00e0 que nous intervenons pour vous![\/vc_column_text][\/vc_accordion_tab][vc_accordion_tab title=\u00a0\u00bbDans quels cas a-t-on besoin d\u2019un certificat d\u2019origine?\u00a0\u00bb][vc_column_text]Chaque fois qu\u2019il s\u2019agit d\u2019\u00e9viter des DROITS de douane \u00e0 l&rsquo;importation. Les TAXES douani\u00e8res \u00e0 l&rsquo;importation sont certes toujours dues. Mais les DROITS le sont uniquement si l\u2019on ne dispose pas d\u2019un certificat d\u2019origine.[\/vc_column_text][\/vc_accordion_tab][vc_accordion_tab title=\u00a0\u00bbComment savoir si un produit est soumis \u00e0 des droits de douane?\u00a0\u00bb][vc_column_text]Ceci est d\u00e9termin\u00e9 en fonction des d\u00e9clarations de fournisseurs en vigueur, lesquelles donnent en principe un aper\u00e7u suffisant de la composition exacte du produit.[\/vc_column_text][\/vc_accordion_tab][vc_accordion_tab title=\u00a0\u00bbQu\u2019est-ce qu\u2019un EAD (document d\u2019accompagnement \u00e0 l\u2019export) et comment l\u2019obtenir?\u00a0\u00bb][vc_column_text]Il s\u2019agit d\u2019un document d\u2019exportation de l\u2019UE, que nous \u00e9tablissons volontiers pour vous via n\u2019importe quel bureau de douane int\u00e9rieur allemand. Pour cela, vous avez besoin d\u2019un num\u00e9ro EORI que vous pouvez demander gratuitement \u00e0 tout moment.[\/vc_column_text][\/vc_accordion_tab][vc_accordion_tab title=\u00a0\u00bbQu\u2019est-ce qu\u2019une liste d\u2019exportation e-dec pour le d\u00e9douanement \u00e0 l\u2019exportation CH et comment est-elle \u00e9tablie?\u00a0\u00bb][vc_column_text]L\u2019e-dec exportation est le document d\u2019exportation propre \u00e0 la Suisse. Pour l\u2019obtenir, vous avez besoin d\u2019un num\u00e9ro de TVA suisse. Nous nous chargerons du reste pour vous.[\/vc_column_text][\/vc_accordion_tab][vc_accordion_tab title=\u00a0\u00bbUne entreprise peut-elle \u00e9viter de se rendre au guichet des douanes si elle doit livrer particuli\u00e8rement rapidement?\u00a0\u00bb][vc_column_text]Dans le trafic de marchandises avec la Suisse, il existe des possibilit\u00e9s au cas par cas afin que vos envois arrivent plus rapidement \u00e0 destination, sans avoir \u00e0 s\u2019arr\u00eater \u00e0 un bureau de douane. Nous vous conseillons volontiers avec des solutions personnalis\u00e9es \u00e0 ce sujet.[\/vc_column_text][\/vc_accordion_tab][\/vc_accordion][\/vc_column][\/vc_row][vc_row bottom=\u00a0\u00bb\u00a0\u00bb columns_placement=\u00a0\u00bbmiddle\u00a0\u00bb content_placement=\u00a0\u00bbbottom\u00a0\u00bb slope_top=\u00a0\u00bbslope-top\u00a0\u00bb slope_top_pos=\u00a0\u00bbslope-top-outside\u00a0\u00bb slope_top_height=\u00a0\u00bb50px\u00a0\u00bb slope_top_color=\u00a0\u00bb#f2fdfa\u00a0\u00bb bg_color=\u00a0\u00bb#f2fdfa\u00a0\u00bb][vc_column css=\u00a0\u00bb.vc_custom_1705926028371{margin-bottom: 0px !important;padding-bottom: 0px !important;}\u00a0\u00bb][vc_column_text css=\u00a0\u00bb.vc_custom_1706779199641{margin-bottom: 0px !important;padding-bottom: 0px !important;}\u00a0\u00bb]<\/p>\n<h2>Profitez de notre service!<\/h2>\n<p>[\/vc_column_text][\/vc_column][\/vc_row][vc_row top=\u00a0\u00bb0&Prime; bottom=\u00a0\u00bb90px\u00a0\u00bb bg_color=\u00a0\u00bb#f2fdfa\u00a0\u00bb][vc_column width=\u00a0\u00bb1\/3&Prime; css=\u00a0\u00bb.vc_custom_1705922734577{margin-top: 0px !important;padding-top: 0px !important;}\u00a0\u00bb][vc_row_inner top=\u00a0\u00bb0&Prime; bottom=\u00a0\u00bb25&Prime;][vc_column_inner css=\u00a0\u00bb.vc_custom_1705937893089{padding-bottom: 25px !important;}\u00a0\u00bb][vc_single_image image=\u00a0\u00bb1191&Prime; img_size=\u00a0\u00bb125&#215;125&Prime; alignment=\u00a0\u00bbcenter\u00a0\u00bb][\/vc_column_inner][\/vc_row_inner][vc_row_inner top=\u00a0\u00bb\u00a0\u00bb bottom=\u00a0\u00bb\u00a0\u00bb font_color=\u00a0\u00bb#ffffff\u00a0\u00bb bg_color=\u00a0\u00bb#006346&Prime;][vc_column_inner css=\u00a0\u00bb.vc_custom_1705923158870{padding-top: 30px !important;padding-right: 30px !important;padding-bottom: 30px !important;padding-left: 30px !important;}\u00a0\u00bb][vc_column_text]<strong>Nous nous occupons de toutes vos formalit\u00e9s douani\u00e8res, vous laissant ainsi plus de temps pour d\u2019autres t\u00e2ches.<\/strong>[\/vc_column_text][\/vc_column_inner][\/vc_row_inner][\/vc_column][vc_column width=\u00a0\u00bb1\/3&Prime; css=\u00a0\u00bb.vc_custom_1705922743328{margin-top: 0px !important;padding-top: 0px !important;}\u00a0\u00bb][vc_row_inner top=\u00a0\u00bb0&Prime; bottom=\u00a0\u00bb25&Prime;][vc_column_inner css=\u00a0\u00bb.vc_custom_1705937898632{padding-bottom: 25px !important;}\u00a0\u00bb][vc_single_image image=\u00a0\u00bb1197&Prime; img_size=\u00a0\u00bb100&#215;125&Prime; alignment=\u00a0\u00bbcenter\u00a0\u00bb][\/vc_column_inner][\/vc_row_inner][vc_row_inner top=\u00a0\u00bb\u00a0\u00bb bottom=\u00a0\u00bb\u00a0\u00bb font_color=\u00a0\u00bb#ffffff\u00a0\u00bb bg_color=\u00a0\u00bb#006346&Prime;][vc_column_inner css=\u00a0\u00bb.vc_custom_1705923163294{padding-top: 30px !important;padding-right: 30px !important;padding-bottom: 30px !important;padding-left: 30px !important;}\u00a0\u00bb][vc_column_text]<strong>Ayez l\u2019esprit tranquille avec la certitude que vous \u00eates en r\u00e8gle par rapport \u00e0 vos droits d\u2019importation.<\/strong>[\/vc_column_text][\/vc_column_inner][\/vc_row_inner][\/vc_column][vc_column width=\u00a0\u00bb1\/3&Prime; css=\u00a0\u00bb.vc_custom_1705922748946{margin-top: 0px !important;padding-top: 0px !important;}\u00a0\u00bb][vc_row_inner top=\u00a0\u00bb0&Prime; bottom=\u00a0\u00bb25&Prime;][vc_column_inner css=\u00a0\u00bb.vc_custom_1705937911816{padding-bottom: 25px !important;}\u00a0\u00bb][vc_single_image image=\u00a0\u00bb1194&Prime; img_size=\u00a0\u00bb100&#215;125&Prime; alignment=\u00a0\u00bbcenter\u00a0\u00bb][\/vc_column_inner][\/vc_row_inner][vc_row_inner top=\u00a0\u00bb\u00a0\u00bb bottom=\u00a0\u00bb\u00a0\u00bb font_color=\u00a0\u00bb#ffffff\u00a0\u00bb bg_color=\u00a0\u00bb#006346&Prime;][vc_column_inner css=\u00a0\u00bb.vc_custom_1705923187893{padding-top: 30px !important;padding-right: 30px !important;padding-bottom: 30px !important;padding-left: 30px !important;}\u00a0\u00bb][vc_column_text]<strong>Atteignez votre client\u00e8le plus rapidement.<\/strong>[\/vc_column_text][\/vc_column_inner][\/vc_row_inner][\/vc_column][\/vc_row][vc_row bottom=\u00a0\u00bb50px\u00a0\u00bb equal_height=\u00a0\u00bbcontent-fadeout\u00a0\u00bb content_placement=\u00a0\u00bbbottom\u00a0\u00bb bg_type=\u00a0\u00bbimage\u00a0\u00bb slope_top=\u00a0\u00bbslope-top\u00a0\u00bb slope_top_pos=\u00a0\u00bbslope-top-outside\u00a0\u00bb slope_top_height=\u00a0\u00bb50px\u00a0\u00bb slope_top_color=\u00a0\u00bb#d01313&Prime; el_class=\u00a0\u00bbwhite\u00a0\u00bb bg_color=\u00a0\u00bb#d01313&Prime;][vc_column textalign=\u00a0\u00bbleft\u00a0\u00bb width=\u00a0\u00bb2\/3&Prime;][vc_column_text css=\u00a0\u00bb.vc_custom_1706779312858{padding-bottom: 25px !important;}\u00a0\u00bb]<\/p>\n<h2>Nous mettons volontiers notre savoir-faire \u00e0 votre disposition.<\/h2>\n<p>\u00c9conomisez des ressources co\u00fbteuses en temps et en argent \u2013 contactez-nous!<\/p>\n<p><span style=\"font-weight: 500;\">T\u00e9l. CH: <a href=\"tel:0041716779500\">+41 71 67 79 50-0<\/a> \u00a0 | \u00a0 T\u00e9l. DE: <a href=\"tel:00497531455554\">+49 75 31 45 55 54<\/a> \u00a0 | \u00a0 E-mail: <a href=\"mailto:info@zollas.ch\">info@zollas.ch<\/a><\/span>[\/vc_column_text][\/vc_column][vc_column textalign=\u00a0\u00bbcenter\u00a0\u00bb width=\u00a0\u00bb1\/3&Prime; css=\u00a0\u00bb.vc_custom_1705924965472{margin-bottom: 30px !important;}\u00a0\u00bb][vc_single_image image=\u00a0\u00bb1287&Prime; img_size=\u00a0\u00bb300&#215;200&Prime; alignment=\u00a0\u00bbcenter\u00a0\u00bb css=\u00a0\u00bb.vc_custom_1706001763175{margin-top: -50px !important;}\u00a0\u00bb][vc_button title=\u00a0\u00bbContactez-nous!\u00a0\u00bb size=\u00a0\u00bbbtn-large\u00a0\u00bb color=\u00a0\u00bbbtn_white\u00a0\u00bb link=\u00a0\u00bburl:https%3A%2F%2Fwww.zollas.ch%2Ffr%2Fcontact%2F|title:Kontakt\u00a0\u00bb][\/vc_column][\/vc_row]<\/p>\n<\/section>","protected":false},"excerpt":{"rendered":"<p>[vc_row bottom=\u00a0\u00bb90px\u00a0\u00bb slope_top=\u00a0\u00bbslope-top\u00a0\u00bb slope_top_pos=\u00a0\u00bbslope-top-outside\u00a0\u00bb slope_top_height=\u00a0\u00bb50px\u00a0\u00bb slope_top_color=\u00a0\u00bb#f2fdfa\u00a0\u00bb bg_color=\u00a0\u00bb#f2fdfa\u00a0\u00bb][vc_column width=\u00a0\u00bb2\/3&Prime;][vc_column_text] Un service de conseil impartial par de vrais professionnels de la douane! Notre \u00e9quipe se tient \u00e9galement \u00e0 votre disposition pour les questions sp\u00e9cifiques li\u00e9es \u00e0 la circulation transfrontali\u00e8re des marchandises.[\/vc_column_text][\/vc_column][vc_column width=\u00a0\u00bb1\/3&Prime;][vc_single_image image=\u00a0\u00bb163&Prime; img_size=\u00a0\u00bb300&#215;200&Prime;][\/vc_column][\/vc_row][vc_row bottom=\u00a0\u00bb0&Prime; content_placement=\u00a0\u00bbmiddle\u00a0\u00bb slope_top=\u00a0\u00bbslope-top\u00a0\u00bb slope_top_pos=\u00a0\u00bbslope-top-outside\u00a0\u00bb slope_top_height=\u00a0\u00bb50px\u00a0\u00bb slope_top_color=\u00a0\u00bb#ffffff\u00a0\u00bb bg_color=\u00a0\u00bb#ffffff\u00a0\u00bb][vc_column width=\u00a0\u00bb5\/6&Prime;][vc_column_text css=\u00a0\u00bb.vc_custom_1706779071687{margin-bottom: 25px !important;}\u00a0\u00bb] FAQ de la douane [\/vc_column_text][\/vc_column][vc_column width=\u00a0\u00bb1\/6&Prime;][vc_single_image image=\u00a0\u00bb1200&Prime; img_size=\u00a0\u00bb200&#215;250&Prime;][\/vc_column][\/vc_row][vc_row top=\u00a0\u00bb0&Prime; bottom=\u00a0\u00bb120px\u00a0\u00bb content_placement=\u00a0\u00bbbottom\u00a0\u00bb slope_top=\u00a0\u00bbslope-top\u00a0\u00bb slope_top_pos=\u00a0\u00bbslope-top-outside\u00a0\u00bb slope_top_height=\u00a0\u00bb50px\u00a0\u00bb slope_top_color=\u00a0\u00bb#ffffff\u00a0\u00bb bg_color=\u00a0\u00bb#ffffff\u00a0\u00bb][vc_column][vc_accordion style=\u00a0\u00bbaccordion_minimal\u00a0\u00bb collapsible=\u00a0\u00bbyes\u00a0\u00bb][vc_accordion_tab title=\u00a0\u00bbQuels sont les documents&#8230;  <\/p>\n<div class=\"read-more\"><a class=\"excerpt-read-more\" href=\"https:\/\/www.zollas.ch\/fr\/conseil-en-douane\/\" title=\"Continue reading Conseil en douane\">Read more<i class=\"fa fa-angle-right\"><\/i><\/a><\/div>\n","protected":false},"author":1,"featured_media":0,"parent":0,"menu_order":0,"comment_status":"closed","ping_status":"closed","template":"","meta":{"inline_featured_image":false,"footnotes":""},"yoast_head":"<!-- This site is optimized with the Yoast SEO plugin v21.4 - https:\/\/yoast.com\/wordpress\/plugins\/seo\/ -->\n<title>Conseil en douane &#8211; Zollas Verzollungen Schweiz GmbH<\/title>\n<meta name=\"description\" content=\"Notre \u00e9quipe se tient \u00e9galement \u00e0 votre disposition pour les questions sp\u00e9cifiques li\u00e9es \u00e0 la circulation transfrontali\u00e8re des marchandises.\" \/>\n<meta name=\"robots\" content=\"index, follow, max-snippet:-1, max-image-preview:large, max-video-preview:-1\" \/>\n<link rel=\"canonical\" href=\"https:\/\/www.zollas.ch\/fr\/conseil-en-douane\/\" \/>\n<meta property=\"og:locale\" content=\"fr_FR\" \/>\n<meta property=\"og:type\" content=\"article\" \/>\n<meta property=\"og:title\" content=\"Conseil en douane &#8211; Zollas Verzollungen Schweiz GmbH\" \/>\n<meta property=\"og:description\" content=\"Notre \u00e9quipe se tient \u00e9galement \u00e0 votre disposition pour les questions sp\u00e9cifiques li\u00e9es \u00e0 la circulation transfrontali\u00e8re des marchandises.\" \/>\n<meta property=\"og:url\" content=\"https:\/\/www.zollas.ch\/fr\/conseil-en-douane\/\" \/>\n<meta property=\"og:site_name\" content=\"Zollas Verzollungen Schweiz GmbH\" \/>\n<meta property=\"article:modified_time\" content=\"2024-02-02T10:44:34+00:00\" \/>\n<meta name=\"twitter:card\" content=\"summary_large_image\" \/>\n<meta name=\"twitter:label1\" content=\"Dur\u00e9e de lecture estim\u00e9e\" \/>\n\t<meta name=\"twitter:data1\" content=\"4 minutes\" \/>\n<script type=\"application\/ld+json\" class=\"yoast-schema-graph\">{\"@context\":\"https:\/\/schema.org\",\"@graph\":[{\"@type\":\"WebPage\",\"@id\":\"https:\/\/www.zollas.ch\/fr\/conseil-en-douane\/\",\"url\":\"https:\/\/www.zollas.ch\/fr\/conseil-en-douane\/\",\"name\":\"Conseil en douane &#8211; Zollas Verzollungen Schweiz GmbH\",\"isPartOf\":{\"@id\":\"https:\/\/www.zollas.ch\/pl\/#website\"},\"datePublished\":\"2016-03-21T11:25:55+00:00\",\"dateModified\":\"2024-02-02T10:44:34+00:00\",\"description\":\"Notre \u00e9quipe se tient \u00e9galement \u00e0 votre disposition pour les questions sp\u00e9cifiques li\u00e9es \u00e0 la circulation transfrontali\u00e8re des marchandises.\",\"breadcrumb\":{\"@id\":\"https:\/\/www.zollas.ch\/fr\/conseil-en-douane\/#breadcrumb\"},\"inLanguage\":\"fr-FR\",\"potentialAction\":[{\"@type\":\"ReadAction\",\"target\":[\"https:\/\/www.zollas.ch\/fr\/conseil-en-douane\/\"]}]},{\"@type\":\"BreadcrumbList\",\"@id\":\"https:\/\/www.zollas.ch\/fr\/conseil-en-douane\/#breadcrumb\",\"itemListElement\":[{\"@type\":\"ListItem\",\"position\":1,\"name\":\"Home\",\"item\":\"https:\/\/www.zollas.ch\/fr\/\"},{\"@type\":\"ListItem\",\"position\":2,\"name\":\"Conseil en douane\"}]},{\"@type\":\"WebSite\",\"@id\":\"https:\/\/www.zollas.ch\/pl\/#website\",\"url\":\"https:\/\/www.zollas.ch\/pl\/\",\"name\":\"Zollas Verzollungen Schweiz GmbH\",\"description\":\"\",\"potentialAction\":[{\"@type\":\"SearchAction\",\"target\":{\"@type\":\"EntryPoint\",\"urlTemplate\":\"https:\/\/www.zollas.ch\/pl\/?s={search_term_string}\"},\"query-input\":\"required name=search_term_string\"}],\"inLanguage\":\"fr-FR\"}]}<\/script>\n<!-- \/ Yoast SEO plugin. -->","yoast_head_json":{"title":"Conseil en douane &#8211; Zollas Verzollungen Schweiz GmbH","description":"Notre \u00e9quipe se tient \u00e9galement \u00e0 votre disposition pour les questions sp\u00e9cifiques li\u00e9es \u00e0 la circulation transfrontali\u00e8re des marchandises.","robots":{"index":"index","follow":"follow","max-snippet":"max-snippet:-1","max-image-preview":"max-image-preview:large","max-video-preview":"max-video-preview:-1"},"canonical":"https:\/\/www.zollas.ch\/fr\/conseil-en-douane\/","og_locale":"fr_FR","og_type":"article","og_title":"Conseil en douane &#8211; Zollas Verzollungen Schweiz GmbH","og_description":"Notre \u00e9quipe se tient \u00e9galement \u00e0 votre disposition pour les questions sp\u00e9cifiques li\u00e9es \u00e0 la circulation transfrontali\u00e8re des marchandises.","og_url":"https:\/\/www.zollas.ch\/fr\/conseil-en-douane\/","og_site_name":"Zollas Verzollungen Schweiz GmbH","article_modified_time":"2024-02-02T10:44:34+00:00","twitter_card":"summary_large_image","twitter_misc":{"Dur\u00e9e de lecture estim\u00e9e":"4 minutes"},"schema":{"@context":"https:\/\/schema.org","@graph":[{"@type":"WebPage","@id":"https:\/\/www.zollas.ch\/fr\/conseil-en-douane\/","url":"https:\/\/www.zollas.ch\/fr\/conseil-en-douane\/","name":"Conseil en douane &#8211; Zollas Verzollungen Schweiz GmbH","isPartOf":{"@id":"https:\/\/www.zollas.ch\/pl\/#website"},"datePublished":"2016-03-21T11:25:55+00:00","dateModified":"2024-02-02T10:44:34+00:00","description":"Notre \u00e9quipe se tient \u00e9galement \u00e0 votre disposition pour les questions sp\u00e9cifiques li\u00e9es \u00e0 la circulation transfrontali\u00e8re des marchandises.","breadcrumb":{"@id":"https:\/\/www.zollas.ch\/fr\/conseil-en-douane\/#breadcrumb"},"inLanguage":"fr-FR","potentialAction":[{"@type":"ReadAction","target":["https:\/\/www.zollas.ch\/fr\/conseil-en-douane\/"]}]},{"@type":"BreadcrumbList","@id":"https:\/\/www.zollas.ch\/fr\/conseil-en-douane\/#breadcrumb","itemListElement":[{"@type":"ListItem","position":1,"name":"Home","item":"https:\/\/www.zollas.ch\/fr\/"},{"@type":"ListItem","position":2,"name":"Conseil en douane"}]},{"@type":"WebSite","@id":"https:\/\/www.zollas.ch\/pl\/#website","url":"https:\/\/www.zollas.ch\/pl\/","name":"Zollas Verzollungen Schweiz GmbH","description":"","potentialAction":[{"@type":"SearchAction","target":{"@type":"EntryPoint","urlTemplate":"https:\/\/www.zollas.ch\/pl\/?s={search_term_string}"},"query-input":"required name=search_term_string"}],"inLanguage":"fr-FR"}]}},"_links":{"self":[{"href":"https:\/\/www.zollas.ch\/fr\/wp-json\/wp\/v2\/pages\/1354"}],"collection":[{"href":"https:\/\/www.zollas.ch\/fr\/wp-json\/wp\/v2\/pages"}],"about":[{"href":"https:\/\/www.zollas.ch\/fr\/wp-json\/wp\/v2\/types\/page"}],"author":[{"embeddable":true,"href":"https:\/\/www.zollas.ch\/fr\/wp-json\/wp\/v2\/users\/1"}],"replies":[{"embeddable":true,"href":"https:\/\/www.zollas.ch\/fr\/wp-json\/wp\/v2\/comments?post=1354"}],"version-history":[{"count":8,"href":"https:\/\/www.zollas.ch\/fr\/wp-json\/wp\/v2\/pages\/1354\/revisions"}],"predecessor-version":[{"id":1516,"href":"https:\/\/www.zollas.ch\/fr\/wp-json\/wp\/v2\/pages\/1354\/revisions\/1516"}],"wp:attachment":[{"href":"https:\/\/www.zollas.ch\/fr\/wp-json\/wp\/v2\/media?parent=1354"}],"curies":[{"name":"wp","href":"https:\/\/api.w.org\/{rel}","templated":true}]}}