{"id":1361,"date":"2016-03-21T12:12:51","date_gmt":"2016-03-21T11:12:51","guid":{"rendered":"https:\/\/www.zollas.ch\/verzollungen\/"},"modified":"2024-02-02T11:44:45","modified_gmt":"2024-02-02T10:44:45","slug":"dedouanements","status":"publish","type":"page","link":"https:\/\/www.zollas.ch\/fr\/dedouanements\/","title":{"rendered":"D\u00e9douanements"},"content":{"rendered":"<section class=\"wpb-content-wrapper\"><p>[vc_row bottom=\u00a0\u00bb90px\u00a0\u00bb slope_top=\u00a0\u00bbslope-top\u00a0\u00bb slope_top_pos=\u00a0\u00bbslope-top-outside\u00a0\u00bb slope_top_height=\u00a0\u00bb50px\u00a0\u00bb bg_color=\u00a0\u00bb#f2fdfa\u00a0\u00bb slope_top_color=\u00a0\u00bb#f2fdfa\u00a0\u00bb][vc_column width=\u00a0\u00bb2\/3&Prime;][vc_column_text]<\/p>\n<h2>En quoi pouvons-nous vous \u00eatre utile?<\/h2>\n<p>Nous \u00e9tablissons pour vous tous les documents n\u00e9cessaires au d\u00e9douanement \u00e0 l\u2019importation et \u00e0 l\u2019exportation dans le cadre du trafic transfrontalier de marchandises. Nous vous garantissons toujours un petit \u00abplus\u00bb en mati\u00e8re de services afin d\u2019assurer une coop\u00e9ration constructive \u00e0 long terme.[\/vc_column_text][\/vc_column][vc_column width=\u00a0\u00bb1\/3&Prime;][vc_single_image image=\u00a0\u00bb165&Prime; img_size=\u00a0\u00bb300&#215;200&Prime;][\/vc_column][\/vc_row][vc_row top=\u00a0\u00bbpx\u00a0\u00bb bottom=\u00a0\u00bb90px\u00a0\u00bb content_placement=\u00a0\u00bbbottom\u00a0\u00bb slope_top=\u00a0\u00bbslope-top\u00a0\u00bb slope_top_pos=\u00a0\u00bbslope-top-outside\u00a0\u00bb slope_top_height=\u00a0\u00bb50px\u00a0\u00bb slope_top_color=\u00a0\u00bb#ffffff\u00a0\u00bb][vc_column css=\u00a0\u00bb.vc_custom_1706093098288{margin-left: 0px !important;padding-left: 0px !important;}\u00a0\u00bb][vc_row_inner top=\u00a0\u00bb0px\u00a0\u00bb][vc_column_inner][vc_column_text]<\/p>\n<h2>Nos d\u00e9lais de traitement <span style=\"color: #ff0000;\"><sup>*<\/sup><\/span><\/h2>\n<p>[\/vc_column_text][\/vc_column_inner][\/vc_row_inner][vc_row_inner top=\u00a0\u00bb0&Prime; bottom=\u00a0\u00bb0&Prime;][vc_column_inner width=\u00a0\u00bb1\/6&Prime;][vc_single_image image=\u00a0\u00bb1206&Prime; img_size=\u00a0\u00bb200&#215;250&Prime;][\/vc_column_inner][vc_column_inner width=\u00a0\u00bb5\/6&Prime;][vc_column_text]<\/p>\n<h4>ATLAS Export <sup>10 Minutes<\/sup><\/h4>\n<p>Pour toutes les exportations, vous avez besoin d\u2019une d\u00e9claration d\u2019exportation. Nous nous en chargeons pour vous, dans toute l\u2019Allemagne!<\/p>\n<h4>E-dec exportation <sup>10 Minutes<\/sup><\/h4>\n<p>Nous nous chargeons de la d\u00e9claration d\u2019exportation aupr\u00e8s de tous les bureaux de douane du nord au sud et d\u2019est en ouest.<\/p>\n<h4>D\u00e9douanement \u00e0 l\u2019importation en Allemagne et en Suisse <sup>15 Minutes<\/sup><\/h4>\n<p>Traitement en toute tranquillit\u00e9 de vos importations en provenance de l\u2019\u00e9tranger! Nous d\u00e9clarons vos marchandises en provenance de l\u2019\u00e9tranger pour vous \u00e0 la douane.<\/p>\n<h4>Certificats de circulation <sup>30 Minutes<\/sup><\/h4>\n<p>Faites l\u2019\u00e9conomie de droits de douane inutiles. Cr\u00e9ez votre certificat de circulation EUR.1 par notre interm\u00e9diaire!<\/p>\n<h4>Proc\u00e9dure de transit T1\/T2 <sup>10 Minutes<\/sup><\/h4>\n<p>Passer rapidement les fronti\u00e8res et se d\u00e9clarer ult\u00e9rieurement au bureau de douane int\u00e9rieur? C\u2019est possible avec une d\u00e9claration de transit. Nous nous en chargeons pour vous!<\/p>\n<h4>D\u00e9claration douani\u00e8re d\u2019admission temporaire <sup>30-45 Minutes<\/sup><\/h4>\n<p>Vous fournissez la sc\u00e8ne d\u2019un grand concert ou r\u00e9parez une machine pour un client \u00e0 l\u2019\u00e9tranger? Ici aussi, nous veillons \u00e0 ce que le passage \u00e0 la douane se d\u00e9roule sans complication.<\/p>\n<h4>Conseil en douane <sup>nous prendrons ici tout le temps n\u00e9cessaire<\/sup><\/h4>\n<p>Vous souhaitez exporter vos produits, mais vous ne savez pas par o\u00f9 commencer avec les formalit\u00e9s douani\u00e8res? Demandez-nous conseil, nous nous ferons un plaisir de vous aider.[\/vc_column_text][\/vc_column_inner][\/vc_row_inner][vc_row_inner bottom=\u00a0\u00bb\u00a0\u00bb][vc_column_inner][vc_separator color=\u00a0\u00bb#3ab78b\u00a0\u00bb][vc_column_text css=\u00a0\u00bb.vc_custom_1706870586927{padding-top: 50px !important;}\u00a0\u00bb]<\/p>\n<h6><span style=\"color: #ff0000;\">*<\/span> Temps d\u2019attente estim\u00e9 dans des conditions id\u00e9ales<\/h6>\n<p>En d\u2019autres termes: envoyez-nous tous les documents douaniers n\u00e9cessaires \u00e0 votre d\u00e9marche entre 24 et 36 heures ouvrables soit avant l\u2019arriv\u00e9e \u00e0 la fronti\u00e8re\/au bureau de douane int\u00e9rieur, soit avant le chargement, selon la proc\u00e9dure douani\u00e8re requise. La d\u00e9claration de douane comprend 1 \u00e0 3 positions douani\u00e8res. La r\u00e9f\u00e9rence de d\u00e9douanement correcte est mentionn\u00e9e \u00e0 l\u2019arriv\u00e9e \u00e0 la fronti\u00e8re.[\/vc_column_text][\/vc_column_inner][\/vc_row_inner][\/vc_column][\/vc_row][vc_row bottom=\u00a0\u00bb90px\u00a0\u00bb bg_type=\u00a0\u00bbimage\u00a0\u00bb bg_repeat=\u00a0\u00bbno-repeat\u00a0\u00bb bg_position=\u00a0\u00bbCenter center\u00a0\u00bb slope_top=\u00a0\u00bbslope-top\u00a0\u00bb slope_top_pos=\u00a0\u00bbslope-top-outside\u00a0\u00bb slope_top_height=\u00a0\u00bb50px\u00a0\u00bb slope_top_color=\u00a0\u00bb#f2fdfa\u00a0\u00bb bg_color=\u00a0\u00bb#f2fdfa\u00a0\u00bb bg_image=\u00a0\u00bb1284&Prime;][vc_column][vc_column_text]<\/p>\n<h2>Vos avantages Zollas<\/h2>\n<ul class=\"check\">\n<li>Un meilleur contr\u00f4le et une r\u00e9duction des risques.<\/li>\n<li>Un acc\u00e8s direct au savoir-faire d\u2019experts de la douane et \u00e0 des processus douaniers de haute qualit\u00e9<\/li>\n<li>Atteignez votre client\u00e8le plus rapidement<\/li>\n<li>Des co\u00fbts d\u2019exploitation r\u00e9duits<\/li>\n<li>Consolidation de vos informations douani\u00e8res et simplification de vos rapports \u2013 le tout d\u2019une seule source.<\/li>\n<li>Nous nous occupons de toutes vos formalit\u00e9s douani\u00e8res, vous laissant ainsi plus de temps pour d\u2019autres t\u00e2ches.<\/li>\n<li>Ayez l\u2019esprit tranquille avec la certitude que vous \u00eates en r\u00e8gle par rapport \u00e0 vos droits d\u2019importation.<\/li>\n<\/ul>\n<p>[\/vc_column_text][vc_single_image image=\u00a0\u00bb1185&Prime; img_size=\u00a0\u00bb375&#215;130&Prime;][\/vc_column][\/vc_row][vc_row bottom=\u00a0\u00bb50px\u00a0\u00bb content_placement=\u00a0\u00bbbottom\u00a0\u00bb bg_type=\u00a0\u00bbimage\u00a0\u00bb slope_top=\u00a0\u00bbslope-top\u00a0\u00bb slope_top_pos=\u00a0\u00bbslope-top-outside\u00a0\u00bb slope_top_height=\u00a0\u00bb50px\u00a0\u00bb bg_color=\u00a0\u00bb#c40c0c\u00a0\u00bb slope_top_color=\u00a0\u00bb#c40c0c\u00a0\u00bb el_class=\u00a0\u00bbwhite\u00a0\u00bb][vc_column textalign=\u00a0\u00bbleft\u00a0\u00bb width=\u00a0\u00bb2\/3&Prime;][vc_column_text css=\u00a0\u00bb.vc_custom_1706779901828{padding-bottom: 25px !important;}\u00a0\u00bb]<\/p>\n<h2>Comment pouvons-nous vous \u00eatre utile?<\/h2>\n<p>Nous sommes \u00e0 vos c\u00f4t\u00e9s pour le d\u00e9douanement de vos marchandises transfrontali\u00e8res!<\/p>\n<p><span style=\"font-weight: 500;\">T\u00e9l. CH: <a href=\"tel:0041716779500\">+41 71 67 79 50-0<\/a> \u00a0 | \u00a0 T\u00e9l. DE: <a href=\"tel:00497531455554\">+49 75 31 45 55 54<\/a> \u00a0 | \u00a0 E-mail: <a href=\"mailto:info@zollas.ch\">info@zollas.ch<\/a><\/span>[\/vc_column_text][\/vc_column][vc_column textalign=\u00a0\u00bbcenter\u00a0\u00bb width=\u00a0\u00bb1\/3&Prime; css=\u00a0\u00bb.vc_custom_1705926604222{margin-bottom: 30px !important;}\u00a0\u00bb][vc_single_image image=\u00a0\u00bb1287&Prime; img_size=\u00a0\u00bb300&#215;200&Prime; alignment=\u00a0\u00bbcenter\u00a0\u00bb css=\u00a0\u00bb.vc_custom_1706001789156{margin-top: -50px !important;}\u00a0\u00bb][vc_button title=\u00a0\u00bbContactez-nous!\u00a0\u00bb size=\u00a0\u00bbbtn-large\u00a0\u00bb color=\u00a0\u00bbbtn_white\u00a0\u00bb link=\u00a0\u00bburl:https%3A%2F%2Fwww.zollas.ch%2Ffr%2Fcontact%2F|title:Kontakt\u00a0\u00bb][\/vc_column][\/vc_row]<\/p>\n<\/section>","protected":false},"excerpt":{"rendered":"<p>[vc_row bottom=\u00a0\u00bb90px\u00a0\u00bb slope_top=\u00a0\u00bbslope-top\u00a0\u00bb slope_top_pos=\u00a0\u00bbslope-top-outside\u00a0\u00bb slope_top_height=\u00a0\u00bb50px\u00a0\u00bb bg_color=\u00a0\u00bb#f2fdfa\u00a0\u00bb slope_top_color=\u00a0\u00bb#f2fdfa\u00a0\u00bb][vc_column width=\u00a0\u00bb2\/3&Prime;][vc_column_text] En quoi pouvons-nous vous \u00eatre utile? Nous \u00e9tablissons pour vous tous les documents n\u00e9cessaires au d\u00e9douanement \u00e0 l\u2019importation et \u00e0 l\u2019exportation dans le cadre du trafic transfrontalier de marchandises. Nous vous garantissons toujours un petit \u00abplus\u00bb en mati\u00e8re de services afin d\u2019assurer une coop\u00e9ration constructive \u00e0 long terme.[\/vc_column_text][\/vc_column][vc_column width=\u00a0\u00bb1\/3&Prime;][vc_single_image image=\u00a0\u00bb165&Prime; img_size=\u00a0\u00bb300&#215;200&Prime;][\/vc_column][\/vc_row][vc_row top=\u00a0\u00bbpx\u00a0\u00bb bottom=\u00a0\u00bb90px\u00a0\u00bb content_placement=\u00a0\u00bbbottom\u00a0\u00bb slope_top=\u00a0\u00bbslope-top\u00a0\u00bb slope_top_pos=\u00a0\u00bbslope-top-outside\u00a0\u00bb slope_top_height=\u00a0\u00bb50px\u00a0\u00bb slope_top_color=\u00a0\u00bb#ffffff\u00a0\u00bb][vc_column css=\u00a0\u00bb.vc_custom_1706093098288{margin-left: 0px !important;padding-left: 0px !important;}\u00a0\u00bb][vc_row_inner top=\u00a0\u00bb0px\u00a0\u00bb][vc_column_inner][vc_column_text] Nos d\u00e9lais de&#8230;  <\/p>\n<div class=\"read-more\"><a class=\"excerpt-read-more\" href=\"https:\/\/www.zollas.ch\/fr\/dedouanements\/\" title=\"Continue reading D\u00e9douanements\">Read more<i class=\"fa fa-angle-right\"><\/i><\/a><\/div>\n","protected":false},"author":1,"featured_media":0,"parent":0,"menu_order":0,"comment_status":"closed","ping_status":"closed","template":"","meta":{"inline_featured_image":false,"footnotes":""},"yoast_head":"<!-- This site is optimized with the Yoast SEO plugin v21.4 - https:\/\/yoast.com\/wordpress\/plugins\/seo\/ -->\n<title>D\u00e9douanements &#8211; Zollas Verzollungen Schweiz GmbH<\/title>\n<meta name=\"description\" content=\"Zollas erledigt f\u00fcr Sie alle Formalit\u00e4ten und Dokumente, die f\u00fcr die Zollabwicklung ben\u00f6tigt werden.Nous \u00e9tablissons pour vous tous les documents n\u00e9cessaires au d\u00e9douanement \u00e0 l\u2019importation et \u00e0 l\u2019exportation dans le cadre du trafic transfrontalier de marchandises.\" \/>\n<meta name=\"robots\" content=\"index, follow, max-snippet:-1, max-image-preview:large, max-video-preview:-1\" \/>\n<link rel=\"canonical\" href=\"https:\/\/www.zollas.ch\/fr\/dedouanements\/\" \/>\n<meta property=\"og:locale\" content=\"fr_FR\" \/>\n<meta property=\"og:type\" content=\"article\" \/>\n<meta property=\"og:title\" content=\"D\u00e9douanements &#8211; Zollas Verzollungen Schweiz GmbH\" \/>\n<meta property=\"og:description\" content=\"Zollas erledigt f\u00fcr Sie alle Formalit\u00e4ten und Dokumente, die f\u00fcr die Zollabwicklung ben\u00f6tigt werden.Nous \u00e9tablissons pour vous tous les documents n\u00e9cessaires au d\u00e9douanement \u00e0 l\u2019importation et \u00e0 l\u2019exportation dans le cadre du trafic transfrontalier de marchandises.\" \/>\n<meta property=\"og:url\" content=\"https:\/\/www.zollas.ch\/fr\/dedouanements\/\" \/>\n<meta property=\"og:site_name\" content=\"Zollas Verzollungen Schweiz GmbH\" \/>\n<meta property=\"article:modified_time\" content=\"2024-02-02T10:44:45+00:00\" \/>\n<meta name=\"twitter:card\" content=\"summary_large_image\" \/>\n<meta name=\"twitter:label1\" content=\"Dur\u00e9e de lecture estim\u00e9e\" \/>\n\t<meta name=\"twitter:data1\" content=\"3 minutes\" \/>\n<script type=\"application\/ld+json\" class=\"yoast-schema-graph\">{\"@context\":\"https:\/\/schema.org\",\"@graph\":[{\"@type\":\"WebPage\",\"@id\":\"https:\/\/www.zollas.ch\/fr\/dedouanements\/\",\"url\":\"https:\/\/www.zollas.ch\/fr\/dedouanements\/\",\"name\":\"D\u00e9douanements &#8211; Zollas Verzollungen Schweiz GmbH\",\"isPartOf\":{\"@id\":\"https:\/\/www.zollas.ch\/pl\/#website\"},\"datePublished\":\"2016-03-21T11:12:51+00:00\",\"dateModified\":\"2024-02-02T10:44:45+00:00\",\"description\":\"Zollas erledigt f\u00fcr Sie alle Formalit\u00e4ten und Dokumente, die f\u00fcr die Zollabwicklung ben\u00f6tigt werden.Nous \u00e9tablissons pour vous tous les documents n\u00e9cessaires au d\u00e9douanement \u00e0 l\u2019importation et \u00e0 l\u2019exportation dans le cadre du trafic transfrontalier de marchandises.\",\"breadcrumb\":{\"@id\":\"https:\/\/www.zollas.ch\/fr\/dedouanements\/#breadcrumb\"},\"inLanguage\":\"fr-FR\",\"potentialAction\":[{\"@type\":\"ReadAction\",\"target\":[\"https:\/\/www.zollas.ch\/fr\/dedouanements\/\"]}]},{\"@type\":\"BreadcrumbList\",\"@id\":\"https:\/\/www.zollas.ch\/fr\/dedouanements\/#breadcrumb\",\"itemListElement\":[{\"@type\":\"ListItem\",\"position\":1,\"name\":\"Home\",\"item\":\"https:\/\/www.zollas.ch\/fr\/\"},{\"@type\":\"ListItem\",\"position\":2,\"name\":\"D\u00e9douanements\"}]},{\"@type\":\"WebSite\",\"@id\":\"https:\/\/www.zollas.ch\/pl\/#website\",\"url\":\"https:\/\/www.zollas.ch\/pl\/\",\"name\":\"Zollas Verzollungen Schweiz GmbH\",\"description\":\"\",\"potentialAction\":[{\"@type\":\"SearchAction\",\"target\":{\"@type\":\"EntryPoint\",\"urlTemplate\":\"https:\/\/www.zollas.ch\/pl\/?s={search_term_string}\"},\"query-input\":\"required name=search_term_string\"}],\"inLanguage\":\"fr-FR\"}]}<\/script>\n<!-- \/ Yoast SEO plugin. -->","yoast_head_json":{"title":"D\u00e9douanements &#8211; Zollas Verzollungen Schweiz GmbH","description":"Zollas erledigt f\u00fcr Sie alle Formalit\u00e4ten und Dokumente, die f\u00fcr die Zollabwicklung ben\u00f6tigt werden.Nous \u00e9tablissons pour vous tous les documents n\u00e9cessaires au d\u00e9douanement \u00e0 l\u2019importation et \u00e0 l\u2019exportation dans le cadre du trafic transfrontalier de marchandises.","robots":{"index":"index","follow":"follow","max-snippet":"max-snippet:-1","max-image-preview":"max-image-preview:large","max-video-preview":"max-video-preview:-1"},"canonical":"https:\/\/www.zollas.ch\/fr\/dedouanements\/","og_locale":"fr_FR","og_type":"article","og_title":"D\u00e9douanements &#8211; Zollas Verzollungen Schweiz GmbH","og_description":"Zollas erledigt f\u00fcr Sie alle Formalit\u00e4ten und Dokumente, die f\u00fcr die Zollabwicklung ben\u00f6tigt werden.Nous \u00e9tablissons pour vous tous les documents n\u00e9cessaires au d\u00e9douanement \u00e0 l\u2019importation et \u00e0 l\u2019exportation dans le cadre du trafic transfrontalier de marchandises.","og_url":"https:\/\/www.zollas.ch\/fr\/dedouanements\/","og_site_name":"Zollas Verzollungen Schweiz GmbH","article_modified_time":"2024-02-02T10:44:45+00:00","twitter_card":"summary_large_image","twitter_misc":{"Dur\u00e9e de lecture estim\u00e9e":"3 minutes"},"schema":{"@context":"https:\/\/schema.org","@graph":[{"@type":"WebPage","@id":"https:\/\/www.zollas.ch\/fr\/dedouanements\/","url":"https:\/\/www.zollas.ch\/fr\/dedouanements\/","name":"D\u00e9douanements &#8211; Zollas Verzollungen Schweiz GmbH","isPartOf":{"@id":"https:\/\/www.zollas.ch\/pl\/#website"},"datePublished":"2016-03-21T11:12:51+00:00","dateModified":"2024-02-02T10:44:45+00:00","description":"Zollas erledigt f\u00fcr Sie alle Formalit\u00e4ten und Dokumente, die f\u00fcr die Zollabwicklung ben\u00f6tigt werden.Nous \u00e9tablissons pour vous tous les documents n\u00e9cessaires au d\u00e9douanement \u00e0 l\u2019importation et \u00e0 l\u2019exportation dans le cadre du trafic transfrontalier de marchandises.","breadcrumb":{"@id":"https:\/\/www.zollas.ch\/fr\/dedouanements\/#breadcrumb"},"inLanguage":"fr-FR","potentialAction":[{"@type":"ReadAction","target":["https:\/\/www.zollas.ch\/fr\/dedouanements\/"]}]},{"@type":"BreadcrumbList","@id":"https:\/\/www.zollas.ch\/fr\/dedouanements\/#breadcrumb","itemListElement":[{"@type":"ListItem","position":1,"name":"Home","item":"https:\/\/www.zollas.ch\/fr\/"},{"@type":"ListItem","position":2,"name":"D\u00e9douanements"}]},{"@type":"WebSite","@id":"https:\/\/www.zollas.ch\/pl\/#website","url":"https:\/\/www.zollas.ch\/pl\/","name":"Zollas Verzollungen Schweiz GmbH","description":"","potentialAction":[{"@type":"SearchAction","target":{"@type":"EntryPoint","urlTemplate":"https:\/\/www.zollas.ch\/pl\/?s={search_term_string}"},"query-input":"required name=search_term_string"}],"inLanguage":"fr-FR"}]}},"_links":{"self":[{"href":"https:\/\/www.zollas.ch\/fr\/wp-json\/wp\/v2\/pages\/1361"}],"collection":[{"href":"https:\/\/www.zollas.ch\/fr\/wp-json\/wp\/v2\/pages"}],"about":[{"href":"https:\/\/www.zollas.ch\/fr\/wp-json\/wp\/v2\/types\/page"}],"author":[{"embeddable":true,"href":"https:\/\/www.zollas.ch\/fr\/wp-json\/wp\/v2\/users\/1"}],"replies":[{"embeddable":true,"href":"https:\/\/www.zollas.ch\/fr\/wp-json\/wp\/v2\/comments?post=1361"}],"version-history":[{"count":4,"href":"https:\/\/www.zollas.ch\/fr\/wp-json\/wp\/v2\/pages\/1361\/revisions"}],"predecessor-version":[{"id":1517,"href":"https:\/\/www.zollas.ch\/fr\/wp-json\/wp\/v2\/pages\/1361\/revisions\/1517"}],"wp:attachment":[{"href":"https:\/\/www.zollas.ch\/fr\/wp-json\/wp\/v2\/media?parent=1361"}],"curies":[{"name":"wp","href":"https:\/\/api.w.org\/{rel}","templated":true}]}}