{"id":1365,"date":"2016-03-30T09:42:23","date_gmt":"2016-03-30T07:42:23","guid":{"rendered":"https:\/\/www.zollas.ch\/handlingpartner\/"},"modified":"2024-02-02T11:44:54","modified_gmt":"2024-02-02T10:44:54","slug":"partenaires","status":"publish","type":"page","link":"https:\/\/www.zollas.ch\/fr\/partenaires\/","title":{"rendered":"Partenaires de manutention"},"content":{"rendered":"<section class=\"wpb-content-wrapper\"><p>[vc_row bottom=\u00a0\u00bb90px\u00a0\u00bb bg_type=\u00a0\u00bbimage\u00a0\u00bb bg_repeat=\u00a0\u00bbno-repeat\u00a0\u00bb bg_position=\u00a0\u00bbCenter center\u00a0\u00bb slope_top=\u00a0\u00bbslope-top\u00a0\u00bb slope_top_pos=\u00a0\u00bbslope-top-outside\u00a0\u00bb slope_top_height=\u00a0\u00bb50px\u00a0\u00bb bg_color=\u00a0\u00bb#f2fdfa\u00a0\u00bb slope_top_color=\u00a0\u00bb#f2fdfa\u00a0\u00bb bg_image=\u00a0\u00bb1284&Prime;][vc_column width=\u00a0\u00bb2\/3&Prime;][vc_column_text]<\/p>\n<h2>Quel itin\u00e9raire choisir?<\/h2>\n<p>Quel poste-fronti\u00e8re est le plus pratique pour vos envois internationaux de marchandises? Cette d\u00e9cision VOUS appartient. Et nous sommes la seule agence douani\u00e8re qui vous assiste \u00e0 chaque poste-fronti\u00e8re important du nord de la Suisse pour toutes vos exportations et importations. Votre avantage \u00e9vident: vous obtenez tout d\u2019un seul tenant, quel que soit l\u2019itin\u00e9raire que vous choisissez! Vos interlocutrices et interlocuteurs restent toujours les m\u00eames.<\/p>\n<p>Nous pr\u00e9parons vos documents douaniers directement pr\u00eats \u00e0 l\u2019emploi, lesquels seront remis \u00e0 vos chauffeurs par nos partenaires de manutention.<\/p>\n<p>En cas de doutes, n\u2019h\u00e9sitez pas \u00e0 nous contacter.[\/vc_column_text][\/vc_column][vc_column width=\u00a0\u00bb1\/3&Prime;][vc_single_image image=\u00a0\u00bb208&Prime; img_size=\u00a0\u00bb300&#215;200&Prime; alignment=\u00a0\u00bbcenter\u00a0\u00bb][\/vc_column][\/vc_row][vc_row bottom=\u00a0\u00bb50px\u00a0\u00bb content_placement=\u00a0\u00bbbottom\u00a0\u00bb bg_type=\u00a0\u00bbimage\u00a0\u00bb slope_top=\u00a0\u00bbslope-top\u00a0\u00bb slope_top_pos=\u00a0\u00bbslope-top-outside\u00a0\u00bb slope_top_height=\u00a0\u00bb50px\u00a0\u00bb bg_color=\u00a0\u00bb#c40c0c\u00a0\u00bb slope_top_color=\u00a0\u00bb#c40c0c\u00a0\u00bb el_class=\u00a0\u00bbwhite\u00a0\u00bb][vc_column width=\u00a0\u00bb2\/3&Prime;][vc_column_text css=\u00a0\u00bb.vc_custom_1706788726554{padding-bottom: 25px !important;}\u00a0\u00bb]<\/p>\n<h2>Comment pouvons-nous vous \u00eatre utile?<\/h2>\n<p>Nous sommes toujours \u00e0 vos c\u00f4t\u00e9s pour le d\u00e9douanement de vos importations et exportations!<\/p>\n<p><span style=\"font-weight: 500;\">T\u00e9l. CH: <a href=\"tel:0041716779500\">+41 71 67 79 50-0<\/a> \u00a0 | \u00a0 T\u00e9l. DE: <a href=\"tel:00497531455554\">+49 75 31 45 55 54<\/a> \u00a0 | \u00a0 E-mail: <a href=\"mailto:info@zollas.ch\">info@zollas.ch<\/a><\/span>[\/vc_column_text][\/vc_column][vc_column textalign=\u00a0\u00bbcenter\u00a0\u00bb width=\u00a0\u00bb1\/3&Prime; css=\u00a0\u00bb.vc_custom_1705927498042{margin-bottom: 30px !important;}\u00a0\u00bb][vc_single_image image=\u00a0\u00bb1287&Prime; img_size=\u00a0\u00bb300&#215;200&Prime; alignment=\u00a0\u00bbcenter\u00a0\u00bb css=\u00a0\u00bb.vc_custom_1706001640847{margin-top: -50px !important;}\u00a0\u00bb][vc_button title=\u00a0\u00bbContactez-nous!\u00a0\u00bb size=\u00a0\u00bbbtn-large\u00a0\u00bb color=\u00a0\u00bbbtn_white\u00a0\u00bb link=\u00a0\u00bburl:https%3A%2F%2Fwww.zollas.ch%2Ffr%2Fcontact%2F|title:Kontakt\u00a0\u00bb][\/vc_column][\/vc_row]<\/p>\n<\/section>","protected":false},"excerpt":{"rendered":"<p>[vc_row bottom=\u00a0\u00bb90px\u00a0\u00bb bg_type=\u00a0\u00bbimage\u00a0\u00bb bg_repeat=\u00a0\u00bbno-repeat\u00a0\u00bb bg_position=\u00a0\u00bbCenter center\u00a0\u00bb slope_top=\u00a0\u00bbslope-top\u00a0\u00bb slope_top_pos=\u00a0\u00bbslope-top-outside\u00a0\u00bb slope_top_height=\u00a0\u00bb50px\u00a0\u00bb bg_color=\u00a0\u00bb#f2fdfa\u00a0\u00bb slope_top_color=\u00a0\u00bb#f2fdfa\u00a0\u00bb bg_image=\u00a0\u00bb1284&Prime;][vc_column width=\u00a0\u00bb2\/3&Prime;][vc_column_text] Quel itin\u00e9raire choisir? Quel poste-fronti\u00e8re est le plus pratique pour vos envois internationaux de marchandises? Cette d\u00e9cision VOUS appartient. Et nous sommes la seule agence douani\u00e8re qui vous assiste \u00e0 chaque poste-fronti\u00e8re important du nord de la Suisse pour toutes vos exportations et importations. Votre avantage \u00e9vident: vous obtenez tout d\u2019un seul tenant, quel que soit l\u2019itin\u00e9raire que vous choisissez! Vos interlocutrices&#8230;  <\/p>\n<div class=\"read-more\"><a class=\"excerpt-read-more\" href=\"https:\/\/www.zollas.ch\/fr\/partenaires\/\" title=\"Continue reading Partenaires de manutention\">Read more<i class=\"fa fa-angle-right\"><\/i><\/a><\/div>\n","protected":false},"author":1,"featured_media":0,"parent":0,"menu_order":0,"comment_status":"closed","ping_status":"closed","template":"","meta":{"inline_featured_image":false,"footnotes":""},"yoast_head":"<!-- This site is optimized with the Yoast SEO plugin v21.4 - https:\/\/yoast.com\/wordpress\/plugins\/seo\/ -->\n<title>Partenaires de manutention &#8211; Zollas Verzollungen Schweiz GmbH<\/title>\n<meta name=\"description\" content=\"Quel poste-fronti\u00e8re est le plus pratique pour vos envois internationaux de marchandises? Cette d\u00e9cision vous appartient.\" \/>\n<meta name=\"robots\" content=\"index, follow, max-snippet:-1, max-image-preview:large, max-video-preview:-1\" \/>\n<link rel=\"canonical\" href=\"https:\/\/www.zollas.ch\/fr\/partenaires\/\" \/>\n<meta property=\"og:locale\" content=\"fr_FR\" \/>\n<meta property=\"og:type\" content=\"article\" \/>\n<meta property=\"og:title\" content=\"Partenaires de manutention &#8211; Zollas Verzollungen Schweiz GmbH\" \/>\n<meta property=\"og:description\" content=\"Quel poste-fronti\u00e8re est le plus pratique pour vos envois internationaux de marchandises? Cette d\u00e9cision vous appartient.\" \/>\n<meta property=\"og:url\" content=\"https:\/\/www.zollas.ch\/fr\/partenaires\/\" \/>\n<meta property=\"og:site_name\" content=\"Zollas Verzollungen Schweiz GmbH\" \/>\n<meta property=\"article:modified_time\" content=\"2024-02-02T10:44:54+00:00\" \/>\n<meta name=\"twitter:card\" content=\"summary_large_image\" \/>\n<meta name=\"twitter:label1\" content=\"Dur\u00e9e de lecture estim\u00e9e\" \/>\n\t<meta name=\"twitter:data1\" content=\"2 minutes\" \/>\n<script type=\"application\/ld+json\" class=\"yoast-schema-graph\">{\"@context\":\"https:\/\/schema.org\",\"@graph\":[{\"@type\":\"WebPage\",\"@id\":\"https:\/\/www.zollas.ch\/fr\/partenaires\/\",\"url\":\"https:\/\/www.zollas.ch\/fr\/partenaires\/\",\"name\":\"Partenaires de manutention &#8211; Zollas Verzollungen Schweiz GmbH\",\"isPartOf\":{\"@id\":\"https:\/\/www.zollas.ch\/pl\/#website\"},\"datePublished\":\"2016-03-30T07:42:23+00:00\",\"dateModified\":\"2024-02-02T10:44:54+00:00\",\"description\":\"Quel poste-fronti\u00e8re est le plus pratique pour vos envois internationaux de marchandises? Cette d\u00e9cision vous appartient.\",\"breadcrumb\":{\"@id\":\"https:\/\/www.zollas.ch\/fr\/partenaires\/#breadcrumb\"},\"inLanguage\":\"fr-FR\",\"potentialAction\":[{\"@type\":\"ReadAction\",\"target\":[\"https:\/\/www.zollas.ch\/fr\/partenaires\/\"]}]},{\"@type\":\"BreadcrumbList\",\"@id\":\"https:\/\/www.zollas.ch\/fr\/partenaires\/#breadcrumb\",\"itemListElement\":[{\"@type\":\"ListItem\",\"position\":1,\"name\":\"Home\",\"item\":\"https:\/\/www.zollas.ch\/fr\/\"},{\"@type\":\"ListItem\",\"position\":2,\"name\":\"Partenaires de manutention\"}]},{\"@type\":\"WebSite\",\"@id\":\"https:\/\/www.zollas.ch\/pl\/#website\",\"url\":\"https:\/\/www.zollas.ch\/pl\/\",\"name\":\"Zollas Verzollungen Schweiz GmbH\",\"description\":\"\",\"potentialAction\":[{\"@type\":\"SearchAction\",\"target\":{\"@type\":\"EntryPoint\",\"urlTemplate\":\"https:\/\/www.zollas.ch\/pl\/?s={search_term_string}\"},\"query-input\":\"required name=search_term_string\"}],\"inLanguage\":\"fr-FR\"}]}<\/script>\n<!-- \/ Yoast SEO plugin. -->","yoast_head_json":{"title":"Partenaires de manutention &#8211; Zollas Verzollungen Schweiz GmbH","description":"Quel poste-fronti\u00e8re est le plus pratique pour vos envois internationaux de marchandises? Cette d\u00e9cision vous appartient.","robots":{"index":"index","follow":"follow","max-snippet":"max-snippet:-1","max-image-preview":"max-image-preview:large","max-video-preview":"max-video-preview:-1"},"canonical":"https:\/\/www.zollas.ch\/fr\/partenaires\/","og_locale":"fr_FR","og_type":"article","og_title":"Partenaires de manutention &#8211; Zollas Verzollungen Schweiz GmbH","og_description":"Quel poste-fronti\u00e8re est le plus pratique pour vos envois internationaux de marchandises? Cette d\u00e9cision vous appartient.","og_url":"https:\/\/www.zollas.ch\/fr\/partenaires\/","og_site_name":"Zollas Verzollungen Schweiz GmbH","article_modified_time":"2024-02-02T10:44:54+00:00","twitter_card":"summary_large_image","twitter_misc":{"Dur\u00e9e de lecture estim\u00e9e":"2 minutes"},"schema":{"@context":"https:\/\/schema.org","@graph":[{"@type":"WebPage","@id":"https:\/\/www.zollas.ch\/fr\/partenaires\/","url":"https:\/\/www.zollas.ch\/fr\/partenaires\/","name":"Partenaires de manutention &#8211; Zollas Verzollungen Schweiz GmbH","isPartOf":{"@id":"https:\/\/www.zollas.ch\/pl\/#website"},"datePublished":"2016-03-30T07:42:23+00:00","dateModified":"2024-02-02T10:44:54+00:00","description":"Quel poste-fronti\u00e8re est le plus pratique pour vos envois internationaux de marchandises? Cette d\u00e9cision vous appartient.","breadcrumb":{"@id":"https:\/\/www.zollas.ch\/fr\/partenaires\/#breadcrumb"},"inLanguage":"fr-FR","potentialAction":[{"@type":"ReadAction","target":["https:\/\/www.zollas.ch\/fr\/partenaires\/"]}]},{"@type":"BreadcrumbList","@id":"https:\/\/www.zollas.ch\/fr\/partenaires\/#breadcrumb","itemListElement":[{"@type":"ListItem","position":1,"name":"Home","item":"https:\/\/www.zollas.ch\/fr\/"},{"@type":"ListItem","position":2,"name":"Partenaires de manutention"}]},{"@type":"WebSite","@id":"https:\/\/www.zollas.ch\/pl\/#website","url":"https:\/\/www.zollas.ch\/pl\/","name":"Zollas Verzollungen Schweiz GmbH","description":"","potentialAction":[{"@type":"SearchAction","target":{"@type":"EntryPoint","urlTemplate":"https:\/\/www.zollas.ch\/pl\/?s={search_term_string}"},"query-input":"required name=search_term_string"}],"inLanguage":"fr-FR"}]}},"_links":{"self":[{"href":"https:\/\/www.zollas.ch\/fr\/wp-json\/wp\/v2\/pages\/1365"}],"collection":[{"href":"https:\/\/www.zollas.ch\/fr\/wp-json\/wp\/v2\/pages"}],"about":[{"href":"https:\/\/www.zollas.ch\/fr\/wp-json\/wp\/v2\/types\/page"}],"author":[{"embeddable":true,"href":"https:\/\/www.zollas.ch\/fr\/wp-json\/wp\/v2\/users\/1"}],"replies":[{"embeddable":true,"href":"https:\/\/www.zollas.ch\/fr\/wp-json\/wp\/v2\/comments?post=1365"}],"version-history":[{"count":4,"href":"https:\/\/www.zollas.ch\/fr\/wp-json\/wp\/v2\/pages\/1365\/revisions"}],"predecessor-version":[{"id":1518,"href":"https:\/\/www.zollas.ch\/fr\/wp-json\/wp\/v2\/pages\/1365\/revisions\/1518"}],"wp:attachment":[{"href":"https:\/\/www.zollas.ch\/fr\/wp-json\/wp\/v2\/media?parent=1365"}],"curies":[{"name":"wp","href":"https:\/\/api.w.org\/{rel}","templated":true}]}}