{"id":1369,"date":"2016-03-21T13:01:21","date_gmt":"2016-03-21T12:01:21","guid":{"rendered":"https:\/\/www.zollas.ch\/dokument-download\/"},"modified":"2024-02-02T11:45:07","modified_gmt":"2024-02-02T10:45:07","slug":"documents","status":"publish","type":"page","link":"https:\/\/www.zollas.ch\/fr\/documents\/","title":{"rendered":"T\u00e9l\u00e9chargement de documents"},"content":{"rendered":"<section class=\"wpb-content-wrapper\"><p>[vc_row bottom=\u00a0\u00bb90px\u00a0\u00bb slope_top=\u00a0\u00bbslope-top\u00a0\u00bb slope_top_pos=\u00a0\u00bbslope-top-outside\u00a0\u00bb slope_top_height=\u00a0\u00bb50px\u00a0\u00bb slope_top_color=\u00a0\u00bb#f2fdfa\u00a0\u00bb bg_color=\u00a0\u00bb#f2fdfa\u00a0\u00bb][vc_column width=\u00a0\u00bb2\/3&Prime;][vc_column_text css=\u00a0\u00bb.vc_custom_1706780615335{padding-bottom: 25px !important;}\u00a0\u00bb]<\/p>\n<h2>Documents utiles pour la douane<\/h2>\n<p>Vous avez d\u00e9cid\u00e9 de faire appel \u00e0 notre savoir-faire?<br \/>\nParfait!<\/p>\n<p>Vous trouverez ici quelques documents qui vous apporteront une aide certaine.<br \/>\n[\/vc_column_text][\/vc_column][vc_column width=\u00a0\u00bb1\/3&Prime;][vc_single_image image=\u00a0\u00bb187&Prime; img_size=\u00a0\u00bb300&#215;200&Prime;][\/vc_column][\/vc_row][vc_row bottom=\u00a0\u00bb90px\u00a0\u00bb content_placement=\u00a0\u00bbbottom\u00a0\u00bb slope_top=\u00a0\u00bbslope-top\u00a0\u00bb slope_top_pos=\u00a0\u00bbslope-top-outside\u00a0\u00bb slope_top_height=\u00a0\u00bb50px\u00a0\u00bb slope_top_color=\u00a0\u00bb#ffffff\u00a0\u00bb][vc_column width=\u00a0\u00bb1\/6&Prime;][vc_single_image image=\u00a0\u00bb1203&Prime; img_size=\u00a0\u00bb200&#215;250&Prime;][\/vc_column][vc_column width=\u00a0\u00bb5\/6&Prime;][vc_service icon_fontawesome=\u00a0\u00bbfas fa-file-pdf\u00a0\u00bb title=\u00a0\u00bbZollas \u2013 Ordre de d\u00e9douanement importation Allemagne\u00a0\u00bb title_tag=\u00a0\u00bbh6&Prime; icon_shape=\u00a0\u00bbservice-square\u00a0\u00bb link=\u00a0\u00bburl:https%3A%2F%2Fwww.zollas.ch%2Fwp-content%2Fuploads%2F2024%2F01%2FVertretungsvollmacht-DE-Import-Zollas-CH.pdf|target:_blank\u00a0\u00bb icon_color=\u00a0\u00bb#ffffff\u00a0\u00bb bg_color=\u00a0\u00bb#21a47e\u00a0\u00bb]T\u00e9l\u00e9charger le document en pdf[\/vc_service][vc_service icon_fontawesome=\u00a0\u00bbfas fa-file-pdf\u00a0\u00bb title=\u00a0\u00bbZollas \u2013 Ordre de d\u00e9douanement Atlas Export\u00a0\u00bb title_tag=\u00a0\u00bbh6&Prime; icon_shape=\u00a0\u00bbservice-square\u00a0\u00bb link=\u00a0\u00bburl:https%3A%2F%2Fwww.zollas.ch%2Fwp-content%2Fuploads%2F2024%2F01%2FVertretungsvollmacht-DE-Export-Zollas-CH.pdf|target:_blank\u00a0\u00bb icon_color=\u00a0\u00bb#ffffff\u00a0\u00bb bg_color=\u00a0\u00bb#21a47e\u00a0\u00bb]T\u00e9l\u00e9charger le document en pdf[\/vc_service][vc_service icon_fontawesome=\u00a0\u00bbfas fa-file-pdf\u00a0\u00bb title=\u00a0\u00bbZollas \u2013 Ordre de d\u00e9douanement importation Suisse\u00a0\u00bb title_tag=\u00a0\u00bbh6&Prime; icon_shape=\u00a0\u00bbservice-square\u00a0\u00bb link=\u00a0\u00bburl:https%3A%2F%2Fwww.zollas.ch%2Fwp-content%2Fuploads%2F2024%2F01%2FVertretungsvollmacht-CH-Import-Zollas-CH.pdf|target:_blank\u00a0\u00bb icon_color=\u00a0\u00bb#ffffff\u00a0\u00bb bg_color=\u00a0\u00bb#21a47e\u00a0\u00bb]T\u00e9l\u00e9charger le document en pdf[\/vc_service][vc_service icon_fontawesome=\u00a0\u00bbfas fa-file-pdf\u00a0\u00bb title=\u00a0\u00bbZollas \u2013 Ordre de d\u00e9douanement exportation Suisse\u00a0\u00bb title_tag=\u00a0\u00bbh6&Prime; icon_shape=\u00a0\u00bbservice-square\u00a0\u00bb link=\u00a0\u00bburl:https%3A%2F%2Fwww.zollas.ch%2Fwp-content%2Fuploads%2F2024%2F01%2FVertretungsvollmacht-DE-Export-Zollas-CH.pdf|target:_blank\u00a0\u00bb icon_color=\u00a0\u00bb#ffffff\u00a0\u00bb bg_color=\u00a0\u00bb#21a47e\u00a0\u00bb]T\u00e9l\u00e9charger le document en pdf[\/vc_service][vc_service icon_fontawesome=\u00a0\u00bbfas fa-file-pdf\u00a0\u00bb title=\u00a0\u00bbZollas \u2013 Garantie de responsabilit\u00e9 T1\/T2&Prime; title_tag=\u00a0\u00bbh6&Prime; icon_shape=\u00a0\u00bbservice-square\u00a0\u00bb link=\u00a0\u00bburl:https%3A%2F%2Fwww.zollas.ch%2Fwp-content%2Fuploads%2F2024%2F01%2FHaftungsgarantie-T1-T2-ZOLLAS-CH.pdf|target:_blank\u00a0\u00bb icon_color=\u00a0\u00bb#ffffff\u00a0\u00bb bg_color=\u00a0\u00bb#21a47e\u00a0\u00bb]T\u00e9l\u00e9charger le document en pdf[\/vc_service][vc_service icon_fontawesome=\u00a0\u00bbfas fa-file-pdf\u00a0\u00bb title=\u00a0\u00bbZollas \u2013 Mandat pour la cr\u00e9ation d\u2019un laissez-passer\u00a0\u00bb title_tag=\u00a0\u00bbh6&Prime; icon_shape=\u00a0\u00bbservice-square\u00a0\u00bb link=\u00a0\u00bburl:https%3A%2F%2Fwww.zollas.ch%2Fwp-content%2Fuploads%2F2024%2F01%2FVollmacht-Freipass-Zollas-CH.pdf|target:_blank\u00a0\u00bb icon_color=\u00a0\u00bb#ffffff\u00a0\u00bb bg_color=\u00a0\u00bb#21a47e\u00a0\u00bb]T\u00e9l\u00e9charger le document en pdf[\/vc_service][vc_service icon_fontawesome=\u00a0\u00bbfas fa-file-pdf\u00a0\u00bb title=\u00a0\u00bbZollas \u2013 D\u00e9claration\/demande d\u2019admission en franchise d\u2019effets de d\u00e9m\u00e9nagement\u00a0\u00bb title_tag=\u00a0\u00bbh6&Prime; icon_shape=\u00a0\u00bbservice-square\u00a0\u00bb link=\u00a0\u00bburl:https%3A%2F%2Fwww.zollas.ch%2Fwp-content%2Fuploads%2F2024%2F01%2Fzollas_uebersiedlungsgut-1.pdf|target:_blank\u00a0\u00bb icon_color=\u00a0\u00bb#ffffff\u00a0\u00bb bg_color=\u00a0\u00bb#21a47e\u00a0\u00bb]T\u00e9l\u00e9charger le document en pdf[\/vc_service][\/vc_column][\/vc_row][vc_row top=\u00a0\u00bb50px\u00a0\u00bb content_placement=\u00a0\u00bbbottom\u00a0\u00bb slope_top=\u00a0\u00bbslope-top\u00a0\u00bb slope_top_pos=\u00a0\u00bbslope-top-outside\u00a0\u00bb slope_top_height=\u00a0\u00bb50px\u00a0\u00bb slope_top_color=\u00a0\u00bb#d01313&Prime; font_color=\u00a0\u00bb#ffffff\u00a0\u00bb bg_color=\u00a0\u00bb#d01313&Prime; el_class=\u00a0\u00bbwhite\u00a0\u00bb][vc_column width=\u00a0\u00bb2\/3&Prime;][vc_column_text]<\/p>\n<h2>Nous mettons volontiers notre savoir-faire \u00e0 votre disposition.<\/h2>\n<p>\u00c9conomisez des ressources co\u00fbteuses en temps et en argent \u2013 contactez-nous!<\/p>\n<p><span style=\"font-weight: 500;\">T\u00e9l. CH: <a href=\"tel:0041716779500\">+41 71 67 79 50-0<\/a> \u00a0 | \u00a0 T\u00e9l. DE: <a href=\"tel:00497531455554\">+49 75 31 45 55 54<\/a> \u00a0 | \u00a0 E-mail: <a href=\"mailto:info@zollas.ch\">info@zollas.ch<\/a><\/span>[\/vc_column_text][\/vc_column][vc_column textalign=\u00a0\u00bbcenter\u00a0\u00bb width=\u00a0\u00bb1\/3&Prime;][vc_single_image image=\u00a0\u00bb1287&Prime; img_size=\u00a0\u00bb300&#215;200&Prime; alignment=\u00a0\u00bbcenter\u00a0\u00bb css=\u00a0\u00bb.vc_custom_1706001586651{margin-top: -50px !important;}\u00a0\u00bb][vc_button title=\u00a0\u00bbContactez-nous!\u00a0\u00bb size=\u00a0\u00bbbtn-large\u00a0\u00bb color=\u00a0\u00bbbtn_white\u00a0\u00bb link=\u00a0\u00bburl:https%3A%2F%2Fwww.zollas.ch%2Ffr%2Fcontact%2F|title:Kontakt\u00a0\u00bb][\/vc_column][\/vc_row]<\/p>\n<\/section>","protected":false},"excerpt":{"rendered":"<p>[vc_row bottom=\u00a0\u00bb90px\u00a0\u00bb slope_top=\u00a0\u00bbslope-top\u00a0\u00bb slope_top_pos=\u00a0\u00bbslope-top-outside\u00a0\u00bb slope_top_height=\u00a0\u00bb50px\u00a0\u00bb slope_top_color=\u00a0\u00bb#f2fdfa\u00a0\u00bb bg_color=\u00a0\u00bb#f2fdfa\u00a0\u00bb][vc_column width=\u00a0\u00bb2\/3&Prime;][vc_column_text css=\u00a0\u00bb.vc_custom_1706780615335{padding-bottom: 25px !important;}\u00a0\u00bb] Documents utiles pour la douane Vous avez d\u00e9cid\u00e9 de faire appel \u00e0 notre savoir-faire? Parfait! Vous trouverez ici quelques documents qui vous apporteront une aide certaine. [\/vc_column_text][\/vc_column][vc_column width=\u00a0\u00bb1\/3&Prime;][vc_single_image image=\u00a0\u00bb187&Prime; img_size=\u00a0\u00bb300&#215;200&Prime;][\/vc_column][\/vc_row][vc_row bottom=\u00a0\u00bb90px\u00a0\u00bb content_placement=\u00a0\u00bbbottom\u00a0\u00bb slope_top=\u00a0\u00bbslope-top\u00a0\u00bb slope_top_pos=\u00a0\u00bbslope-top-outside\u00a0\u00bb slope_top_height=\u00a0\u00bb50px\u00a0\u00bb slope_top_color=\u00a0\u00bb#ffffff\u00a0\u00bb][vc_column width=\u00a0\u00bb1\/6&Prime;][vc_single_image image=\u00a0\u00bb1203&Prime; img_size=\u00a0\u00bb200&#215;250&Prime;][\/vc_column][vc_column width=\u00a0\u00bb5\/6&Prime;][vc_service icon_fontawesome=\u00a0\u00bbfas fa-file-pdf\u00a0\u00bb title=\u00a0\u00bbZollas \u2013 Ordre de d\u00e9douanement importation Allemagne\u00a0\u00bb title_tag=\u00a0\u00bbh6&Prime; icon_shape=\u00a0\u00bbservice-square\u00a0\u00bb link=\u00a0\u00bburl:https%3A%2F%2Fwww.zollas.ch%2Fwp-content%2Fuploads%2F2024%2F01%2FVertretungsvollmacht-DE-Import-Zollas-CH.pdf|target:_blank\u00a0\u00bb icon_color=\u00a0\u00bb#ffffff\u00a0\u00bb bg_color=\u00a0\u00bb#21a47e\u00a0\u00bb]T\u00e9l\u00e9charger le document en pdf[\/vc_service][vc_service icon_fontawesome=\u00a0\u00bbfas fa-file-pdf\u00a0\u00bb title=\u00a0\u00bbZollas \u2013 Ordre de&#8230;  <\/p>\n<div class=\"read-more\"><a class=\"excerpt-read-more\" href=\"https:\/\/www.zollas.ch\/fr\/documents\/\" title=\"Continue reading T\u00e9l\u00e9chargement de documents\">Read more<i class=\"fa fa-angle-right\"><\/i><\/a><\/div>\n","protected":false},"author":1,"featured_media":0,"parent":0,"menu_order":0,"comment_status":"closed","ping_status":"closed","template":"","meta":{"inline_featured_image":false,"footnotes":""},"yoast_head":"<!-- This site is optimized with the Yoast SEO plugin v21.4 - https:\/\/yoast.com\/wordpress\/plugins\/seo\/ -->\n<title>T\u00e9l\u00e9chargement de documents &#8211; Zollas Verzollungen Schweiz GmbH<\/title>\n<meta name=\"description\" content=\"Hier haben wir Zoll-Unterlagen als Dokument-Downloads f\u00fcr Sie zusammengestellt, die Ihnen n\u00fctzlich sein werden.Vous trouverez ici quelques documents qui vous apporteront une aide certaine.\" \/>\n<meta name=\"robots\" content=\"index, follow, max-snippet:-1, max-image-preview:large, max-video-preview:-1\" \/>\n<link rel=\"canonical\" href=\"https:\/\/www.zollas.ch\/fr\/documents\/\" \/>\n<meta property=\"og:locale\" content=\"fr_FR\" \/>\n<meta property=\"og:type\" content=\"article\" \/>\n<meta property=\"og:title\" content=\"T\u00e9l\u00e9chargement de documents &#8211; Zollas Verzollungen Schweiz GmbH\" \/>\n<meta property=\"og:description\" content=\"Hier haben wir Zoll-Unterlagen als Dokument-Downloads f\u00fcr Sie zusammengestellt, die Ihnen n\u00fctzlich sein werden.Vous trouverez ici quelques documents qui vous apporteront une aide certaine.\" \/>\n<meta property=\"og:url\" content=\"https:\/\/www.zollas.ch\/fr\/documents\/\" \/>\n<meta property=\"og:site_name\" content=\"Zollas Verzollungen Schweiz GmbH\" \/>\n<meta property=\"article:modified_time\" content=\"2024-02-02T10:45:07+00:00\" \/>\n<meta name=\"twitter:card\" content=\"summary_large_image\" \/>\n<meta name=\"twitter:label1\" content=\"Dur\u00e9e de lecture estim\u00e9e\" \/>\n\t<meta name=\"twitter:data1\" content=\"2 minutes\" \/>\n<script type=\"application\/ld+json\" class=\"yoast-schema-graph\">{\"@context\":\"https:\/\/schema.org\",\"@graph\":[{\"@type\":\"WebPage\",\"@id\":\"https:\/\/www.zollas.ch\/fr\/documents\/\",\"url\":\"https:\/\/www.zollas.ch\/fr\/documents\/\",\"name\":\"T\u00e9l\u00e9chargement de documents &#8211; Zollas Verzollungen Schweiz GmbH\",\"isPartOf\":{\"@id\":\"https:\/\/www.zollas.ch\/pl\/#website\"},\"datePublished\":\"2016-03-21T12:01:21+00:00\",\"dateModified\":\"2024-02-02T10:45:07+00:00\",\"description\":\"Hier haben wir Zoll-Unterlagen als Dokument-Downloads f\u00fcr Sie zusammengestellt, die Ihnen n\u00fctzlich sein werden.Vous trouverez ici quelques documents qui vous apporteront une aide certaine.\",\"breadcrumb\":{\"@id\":\"https:\/\/www.zollas.ch\/fr\/documents\/#breadcrumb\"},\"inLanguage\":\"fr-FR\",\"potentialAction\":[{\"@type\":\"ReadAction\",\"target\":[\"https:\/\/www.zollas.ch\/fr\/documents\/\"]}]},{\"@type\":\"BreadcrumbList\",\"@id\":\"https:\/\/www.zollas.ch\/fr\/documents\/#breadcrumb\",\"itemListElement\":[{\"@type\":\"ListItem\",\"position\":1,\"name\":\"Home\",\"item\":\"https:\/\/www.zollas.ch\/fr\/\"},{\"@type\":\"ListItem\",\"position\":2,\"name\":\"T\u00e9l\u00e9chargement de documents\"}]},{\"@type\":\"WebSite\",\"@id\":\"https:\/\/www.zollas.ch\/pl\/#website\",\"url\":\"https:\/\/www.zollas.ch\/pl\/\",\"name\":\"Zollas Verzollungen Schweiz GmbH\",\"description\":\"\",\"potentialAction\":[{\"@type\":\"SearchAction\",\"target\":{\"@type\":\"EntryPoint\",\"urlTemplate\":\"https:\/\/www.zollas.ch\/pl\/?s={search_term_string}\"},\"query-input\":\"required name=search_term_string\"}],\"inLanguage\":\"fr-FR\"}]}<\/script>\n<!-- \/ Yoast SEO plugin. -->","yoast_head_json":{"title":"T\u00e9l\u00e9chargement de documents &#8211; Zollas Verzollungen Schweiz GmbH","description":"Hier haben wir Zoll-Unterlagen als Dokument-Downloads f\u00fcr Sie zusammengestellt, die Ihnen n\u00fctzlich sein werden.Vous trouverez ici quelques documents qui vous apporteront une aide certaine.","robots":{"index":"index","follow":"follow","max-snippet":"max-snippet:-1","max-image-preview":"max-image-preview:large","max-video-preview":"max-video-preview:-1"},"canonical":"https:\/\/www.zollas.ch\/fr\/documents\/","og_locale":"fr_FR","og_type":"article","og_title":"T\u00e9l\u00e9chargement de documents &#8211; Zollas Verzollungen Schweiz GmbH","og_description":"Hier haben wir Zoll-Unterlagen als Dokument-Downloads f\u00fcr Sie zusammengestellt, die Ihnen n\u00fctzlich sein werden.Vous trouverez ici quelques documents qui vous apporteront une aide certaine.","og_url":"https:\/\/www.zollas.ch\/fr\/documents\/","og_site_name":"Zollas Verzollungen Schweiz GmbH","article_modified_time":"2024-02-02T10:45:07+00:00","twitter_card":"summary_large_image","twitter_misc":{"Dur\u00e9e de lecture estim\u00e9e":"2 minutes"},"schema":{"@context":"https:\/\/schema.org","@graph":[{"@type":"WebPage","@id":"https:\/\/www.zollas.ch\/fr\/documents\/","url":"https:\/\/www.zollas.ch\/fr\/documents\/","name":"T\u00e9l\u00e9chargement de documents &#8211; Zollas Verzollungen Schweiz GmbH","isPartOf":{"@id":"https:\/\/www.zollas.ch\/pl\/#website"},"datePublished":"2016-03-21T12:01:21+00:00","dateModified":"2024-02-02T10:45:07+00:00","description":"Hier haben wir Zoll-Unterlagen als Dokument-Downloads f\u00fcr Sie zusammengestellt, die Ihnen n\u00fctzlich sein werden.Vous trouverez ici quelques documents qui vous apporteront une aide certaine.","breadcrumb":{"@id":"https:\/\/www.zollas.ch\/fr\/documents\/#breadcrumb"},"inLanguage":"fr-FR","potentialAction":[{"@type":"ReadAction","target":["https:\/\/www.zollas.ch\/fr\/documents\/"]}]},{"@type":"BreadcrumbList","@id":"https:\/\/www.zollas.ch\/fr\/documents\/#breadcrumb","itemListElement":[{"@type":"ListItem","position":1,"name":"Home","item":"https:\/\/www.zollas.ch\/fr\/"},{"@type":"ListItem","position":2,"name":"T\u00e9l\u00e9chargement de documents"}]},{"@type":"WebSite","@id":"https:\/\/www.zollas.ch\/pl\/#website","url":"https:\/\/www.zollas.ch\/pl\/","name":"Zollas Verzollungen Schweiz GmbH","description":"","potentialAction":[{"@type":"SearchAction","target":{"@type":"EntryPoint","urlTemplate":"https:\/\/www.zollas.ch\/pl\/?s={search_term_string}"},"query-input":"required name=search_term_string"}],"inLanguage":"fr-FR"}]}},"_links":{"self":[{"href":"https:\/\/www.zollas.ch\/fr\/wp-json\/wp\/v2\/pages\/1369"}],"collection":[{"href":"https:\/\/www.zollas.ch\/fr\/wp-json\/wp\/v2\/pages"}],"about":[{"href":"https:\/\/www.zollas.ch\/fr\/wp-json\/wp\/v2\/types\/page"}],"author":[{"embeddable":true,"href":"https:\/\/www.zollas.ch\/fr\/wp-json\/wp\/v2\/users\/1"}],"replies":[{"embeddable":true,"href":"https:\/\/www.zollas.ch\/fr\/wp-json\/wp\/v2\/comments?post=1369"}],"version-history":[{"count":5,"href":"https:\/\/www.zollas.ch\/fr\/wp-json\/wp\/v2\/pages\/1369\/revisions"}],"predecessor-version":[{"id":1519,"href":"https:\/\/www.zollas.ch\/fr\/wp-json\/wp\/v2\/pages\/1369\/revisions\/1519"}],"wp:attachment":[{"href":"https:\/\/www.zollas.ch\/fr\/wp-json\/wp\/v2\/media?parent=1369"}],"curies":[{"name":"wp","href":"https:\/\/api.w.org\/{rel}","templated":true}]}}