{"id":1374,"date":"2016-03-21T14:29:44","date_gmt":"2016-03-21T13:29:44","guid":{"rendered":"https:\/\/www.zollas.ch\/impressum\/"},"modified":"2024-02-01T10:54:37","modified_gmt":"2024-02-01T09:54:37","slug":"impressum","status":"publish","type":"page","link":"https:\/\/www.zollas.ch\/fr\/impressum\/","title":{"rendered":"Impressum"},"content":{"rendered":"<section class=\"wpb-content-wrapper\"><p>[vc_row bottom=\u00a0\u00bb90px\u00a0\u00bb slope_top=\u00a0\u00bbslope-top\u00a0\u00bb slope_top_pos=\u00a0\u00bbslope-top-outside\u00a0\u00bb slope_top_height=\u00a0\u00bb50px\u00a0\u00bb bg_color=\u00a0\u00bb#f2fdfa\u00a0\u00bb slope_top_color=\u00a0\u00bb#f2fdfa\u00a0\u00bb][vc_column][vc_column_text]<strong>Zollas Verzollungen Schweiz GmbH<\/strong><br \/>\nAutobahnzoll, Postfach 2319<br \/>\n8280 Kreuzlingen<\/p>\n<p><strong>Direction g\u00e9n\u00e9rale:<\/strong><br \/>\nDiana Porzig, Iris Porzig-Erny, Sylvia Porzig<br \/>\nUSt.ID DE360674001, UID: CHE113836020<\/p>\n<p><strong>Si\u00e8ge de la soci\u00e9t\u00e9:<\/strong><br \/>\nCH-8280 Kreuzlingen[\/vc_column_text][\/vc_column][\/vc_row][vc_row bottom=\u00a0\u00bb90px\u00a0\u00bb slope_top=\u00a0\u00bbslope-top\u00a0\u00bb slope_top_pos=\u00a0\u00bbslope-top-outside\u00a0\u00bb slope_top_height=\u00a0\u00bb50px\u00a0\u00bb slope_top_color=\u00a0\u00bb#ffffff\u00a0\u00bb][vc_column][vc_column_text]<\/p>\n<h2>Clause de non-responsabilit\u00e9<\/h2>\n<p>&nbsp;<\/p>\n<p>Notre <a href=\"https:\/\/www.zollas.ch\/impressum\/\">clause de non-responsabilit\u00e9<\/a> est disponible en allemand.[\/vc_column_text][\/vc_column][\/vc_row]<\/p>\n<\/section>","protected":false},"excerpt":{"rendered":"<p>[vc_row bottom=\u00a0\u00bb90px\u00a0\u00bb slope_top=\u00a0\u00bbslope-top\u00a0\u00bb slope_top_pos=\u00a0\u00bbslope-top-outside\u00a0\u00bb slope_top_height=\u00a0\u00bb50px\u00a0\u00bb bg_color=\u00a0\u00bb#f2fdfa\u00a0\u00bb slope_top_color=\u00a0\u00bb#f2fdfa\u00a0\u00bb][vc_column][vc_column_text]Zollas Verzollungen Schweiz GmbH Autobahnzoll, Postfach 2319 8280 Kreuzlingen Direction g\u00e9n\u00e9rale: Diana Porzig, Iris Porzig-Erny, Sylvia Porzig USt.ID DE360674001, UID: CHE113836020 Si\u00e8ge de la soci\u00e9t\u00e9: CH-8280 Kreuzlingen[\/vc_column_text][\/vc_column][\/vc_row][vc_row bottom=\u00a0\u00bb90px\u00a0\u00bb slope_top=\u00a0\u00bbslope-top\u00a0\u00bb slope_top_pos=\u00a0\u00bbslope-top-outside\u00a0\u00bb slope_top_height=\u00a0\u00bb50px\u00a0\u00bb slope_top_color=\u00a0\u00bb#ffffff\u00a0\u00bb][vc_column][vc_column_text] Clause de non-responsabilit\u00e9 &nbsp; Notre clause de non-responsabilit\u00e9 est disponible en allemand.[\/vc_column_text][\/vc_column][\/vc_row]<\/p>\n","protected":false},"author":1,"featured_media":0,"parent":0,"menu_order":0,"comment_status":"closed","ping_status":"closed","template":"","meta":{"inline_featured_image":false,"footnotes":""},"yoast_head":"<!-- This site is optimized with the Yoast SEO plugin v21.4 - https:\/\/yoast.com\/wordpress\/plugins\/seo\/ -->\n<title>Impressum &#8211; Zollas Verzollungen Schweiz GmbH<\/title>\n<meta name=\"robots\" content=\"index, follow, max-snippet:-1, max-image-preview:large, max-video-preview:-1\" \/>\n<link rel=\"canonical\" href=\"https:\/\/www.zollas.ch\/fr\/impressum\/\" \/>\n<meta property=\"og:locale\" content=\"fr_FR\" \/>\n<meta property=\"og:type\" content=\"article\" \/>\n<meta property=\"og:title\" content=\"Impressum &#8211; Zollas Verzollungen Schweiz GmbH\" \/>\n<meta property=\"og:description\" content=\"[vc_row bottom=\u00a0\u00bb90px\u00a0\u00bb slope_top=\u00a0\u00bbslope-top\u00a0\u00bb slope_top_pos=\u00a0\u00bbslope-top-outside\u00a0\u00bb slope_top_height=\u00a0\u00bb50px\u00a0\u00bb bg_color=\u00a0\u00bb#f2fdfa\u00a0\u00bb slope_top_color=\u00a0\u00bb#f2fdfa\u00a0\u00bb][vc_column][vc_column_text]Zollas Verzollungen Schweiz GmbH Autobahnzoll, Postfach 2319 8280 Kreuzlingen Direction g\u00e9n\u00e9rale: Diana Porzig, Iris Porzig-Erny, Sylvia Porzig USt.ID DE360674001, UID: CHE113836020 Si\u00e8ge de la soci\u00e9t\u00e9: CH-8280 Kreuzlingen[\/vc_column_text][\/vc_column][\/vc_row][vc_row bottom=\u00a0\u00bb90px\u00a0\u00bb slope_top=\u00a0\u00bbslope-top\u00a0\u00bb slope_top_pos=\u00a0\u00bbslope-top-outside\u00a0\u00bb slope_top_height=\u00a0\u00bb50px\u00a0\u00bb slope_top_color=\u00a0\u00bb#ffffff\u00a0\u00bb][vc_column][vc_column_text] Clause de non-responsabilit\u00e9 &nbsp; Notre clause de non-responsabilit\u00e9 est disponible en allemand.[\/vc_column_text][\/vc_column][\/vc_row]\" \/>\n<meta property=\"og:url\" content=\"https:\/\/www.zollas.ch\/fr\/impressum\/\" \/>\n<meta property=\"og:site_name\" content=\"Zollas Verzollungen Schweiz GmbH\" \/>\n<meta property=\"article:modified_time\" content=\"2024-02-01T09:54:37+00:00\" \/>\n<meta name=\"twitter:card\" content=\"summary_large_image\" \/>\n<meta name=\"twitter:label1\" content=\"Dur\u00e9e de lecture estim\u00e9e\" \/>\n\t<meta name=\"twitter:data1\" content=\"1 minute\" \/>\n<script type=\"application\/ld+json\" class=\"yoast-schema-graph\">{\"@context\":\"https:\/\/schema.org\",\"@graph\":[{\"@type\":\"WebPage\",\"@id\":\"https:\/\/www.zollas.ch\/fr\/impressum\/\",\"url\":\"https:\/\/www.zollas.ch\/fr\/impressum\/\",\"name\":\"Impressum &#8211; Zollas Verzollungen Schweiz GmbH\",\"isPartOf\":{\"@id\":\"https:\/\/www.zollas.ch\/pl\/#website\"},\"datePublished\":\"2016-03-21T13:29:44+00:00\",\"dateModified\":\"2024-02-01T09:54:37+00:00\",\"breadcrumb\":{\"@id\":\"https:\/\/www.zollas.ch\/fr\/impressum\/#breadcrumb\"},\"inLanguage\":\"fr-FR\",\"potentialAction\":[{\"@type\":\"ReadAction\",\"target\":[\"https:\/\/www.zollas.ch\/fr\/impressum\/\"]}]},{\"@type\":\"BreadcrumbList\",\"@id\":\"https:\/\/www.zollas.ch\/fr\/impressum\/#breadcrumb\",\"itemListElement\":[{\"@type\":\"ListItem\",\"position\":1,\"name\":\"Home\",\"item\":\"https:\/\/www.zollas.ch\/fr\/\"},{\"@type\":\"ListItem\",\"position\":2,\"name\":\"Impressum\"}]},{\"@type\":\"WebSite\",\"@id\":\"https:\/\/www.zollas.ch\/pl\/#website\",\"url\":\"https:\/\/www.zollas.ch\/pl\/\",\"name\":\"Zollas Verzollungen Schweiz GmbH\",\"description\":\"\",\"potentialAction\":[{\"@type\":\"SearchAction\",\"target\":{\"@type\":\"EntryPoint\",\"urlTemplate\":\"https:\/\/www.zollas.ch\/pl\/?s={search_term_string}\"},\"query-input\":\"required name=search_term_string\"}],\"inLanguage\":\"fr-FR\"}]}<\/script>\n<!-- \/ Yoast SEO plugin. -->","yoast_head_json":{"title":"Impressum &#8211; Zollas Verzollungen Schweiz GmbH","robots":{"index":"index","follow":"follow","max-snippet":"max-snippet:-1","max-image-preview":"max-image-preview:large","max-video-preview":"max-video-preview:-1"},"canonical":"https:\/\/www.zollas.ch\/fr\/impressum\/","og_locale":"fr_FR","og_type":"article","og_title":"Impressum &#8211; Zollas Verzollungen Schweiz GmbH","og_description":"[vc_row bottom=\u00a0\u00bb90px\u00a0\u00bb slope_top=\u00a0\u00bbslope-top\u00a0\u00bb slope_top_pos=\u00a0\u00bbslope-top-outside\u00a0\u00bb slope_top_height=\u00a0\u00bb50px\u00a0\u00bb bg_color=\u00a0\u00bb#f2fdfa\u00a0\u00bb slope_top_color=\u00a0\u00bb#f2fdfa\u00a0\u00bb][vc_column][vc_column_text]Zollas Verzollungen Schweiz GmbH Autobahnzoll, Postfach 2319 8280 Kreuzlingen Direction g\u00e9n\u00e9rale: Diana Porzig, Iris Porzig-Erny, Sylvia Porzig USt.ID DE360674001, UID: CHE113836020 Si\u00e8ge de la soci\u00e9t\u00e9: CH-8280 Kreuzlingen[\/vc_column_text][\/vc_column][\/vc_row][vc_row bottom=\u00a0\u00bb90px\u00a0\u00bb slope_top=\u00a0\u00bbslope-top\u00a0\u00bb slope_top_pos=\u00a0\u00bbslope-top-outside\u00a0\u00bb slope_top_height=\u00a0\u00bb50px\u00a0\u00bb slope_top_color=\u00a0\u00bb#ffffff\u00a0\u00bb][vc_column][vc_column_text] Clause de non-responsabilit\u00e9 &nbsp; Notre clause de non-responsabilit\u00e9 est disponible en allemand.[\/vc_column_text][\/vc_column][\/vc_row]","og_url":"https:\/\/www.zollas.ch\/fr\/impressum\/","og_site_name":"Zollas Verzollungen Schweiz GmbH","article_modified_time":"2024-02-01T09:54:37+00:00","twitter_card":"summary_large_image","twitter_misc":{"Dur\u00e9e de lecture estim\u00e9e":"1 minute"},"schema":{"@context":"https:\/\/schema.org","@graph":[{"@type":"WebPage","@id":"https:\/\/www.zollas.ch\/fr\/impressum\/","url":"https:\/\/www.zollas.ch\/fr\/impressum\/","name":"Impressum &#8211; Zollas Verzollungen Schweiz GmbH","isPartOf":{"@id":"https:\/\/www.zollas.ch\/pl\/#website"},"datePublished":"2016-03-21T13:29:44+00:00","dateModified":"2024-02-01T09:54:37+00:00","breadcrumb":{"@id":"https:\/\/www.zollas.ch\/fr\/impressum\/#breadcrumb"},"inLanguage":"fr-FR","potentialAction":[{"@type":"ReadAction","target":["https:\/\/www.zollas.ch\/fr\/impressum\/"]}]},{"@type":"BreadcrumbList","@id":"https:\/\/www.zollas.ch\/fr\/impressum\/#breadcrumb","itemListElement":[{"@type":"ListItem","position":1,"name":"Home","item":"https:\/\/www.zollas.ch\/fr\/"},{"@type":"ListItem","position":2,"name":"Impressum"}]},{"@type":"WebSite","@id":"https:\/\/www.zollas.ch\/pl\/#website","url":"https:\/\/www.zollas.ch\/pl\/","name":"Zollas Verzollungen Schweiz GmbH","description":"","potentialAction":[{"@type":"SearchAction","target":{"@type":"EntryPoint","urlTemplate":"https:\/\/www.zollas.ch\/pl\/?s={search_term_string}"},"query-input":"required name=search_term_string"}],"inLanguage":"fr-FR"}]}},"_links":{"self":[{"href":"https:\/\/www.zollas.ch\/fr\/wp-json\/wp\/v2\/pages\/1374"}],"collection":[{"href":"https:\/\/www.zollas.ch\/fr\/wp-json\/wp\/v2\/pages"}],"about":[{"href":"https:\/\/www.zollas.ch\/fr\/wp-json\/wp\/v2\/types\/page"}],"author":[{"embeddable":true,"href":"https:\/\/www.zollas.ch\/fr\/wp-json\/wp\/v2\/users\/1"}],"replies":[{"embeddable":true,"href":"https:\/\/www.zollas.ch\/fr\/wp-json\/wp\/v2\/comments?post=1374"}],"version-history":[{"count":2,"href":"https:\/\/www.zollas.ch\/fr\/wp-json\/wp\/v2\/pages\/1374\/revisions"}],"predecessor-version":[{"id":1376,"href":"https:\/\/www.zollas.ch\/fr\/wp-json\/wp\/v2\/pages\/1374\/revisions\/1376"}],"wp:attachment":[{"href":"https:\/\/www.zollas.ch\/fr\/wp-json\/wp\/v2\/media?parent=1374"}],"curies":[{"name":"wp","href":"https:\/\/api.w.org\/{rel}","templated":true}]}}