{"id":1399,"date":"2016-03-21T14:29:44","date_gmt":"2016-03-21T13:29:44","guid":{"rendered":"https:\/\/www.zollas.ch\/impressum\/"},"modified":"2024-02-01T11:27:14","modified_gmt":"2024-02-01T10:27:14","slug":"colophon","status":"publish","type":"page","link":"https:\/\/www.zollas.ch\/it\/colophon\/","title":{"rendered":"Colophon"},"content":{"rendered":"<section class=\"wpb-content-wrapper\"><p>[vc_row bottom=&#8221;90px&#8221; slope_top=&#8221;slope-top&#8221; slope_top_pos=&#8221;slope-top-outside&#8221; slope_top_height=&#8221;50px&#8221; bg_color=&#8221;#f2fdfa&#8221; slope_top_color=&#8221;#f2fdfa&#8221;][vc_column][vc_column_text]<strong>Zollas Verzollungen Schweiz GmbH<\/strong><br \/>\nAutobahnzoll, Postfach 2319<br \/>\n8280 Kreuzlingen<\/p>\n<p><strong>Dirigenti aziendali:<\/strong><br \/>\nDiana Porzig, Iris Porzig-Erny, Sylvia Porzig<br \/>\nUSt.ID DE360674001, UID: CHE113836020<\/p>\n<p><strong>Sede della societ\u00e0:<\/strong><br \/>\nCH-8280 Kreuzlingen[\/vc_column_text][\/vc_column][\/vc_row][vc_row bottom=&#8221;90px&#8221; slope_top=&#8221;slope-top&#8221; slope_top_pos=&#8221;slope-top-outside&#8221; slope_top_height=&#8221;50px&#8221; slope_top_color=&#8221;#ffffff&#8221;][vc_column][vc_column_text]<\/p>\n<h2>Clausola di esclusione della responsabilit\u00e0<\/h2>\n<p>&nbsp;<\/p>\n<p>La nostra <a href=\"https:\/\/www.zollas.ch\/impressum\/\">clausola di esclusione della responsabilit\u00e0<\/a> \u00e8 disponibile in tedesco.[\/vc_column_text][\/vc_column][\/vc_row]<\/p>\n<\/section>","protected":false},"excerpt":{"rendered":"<p>[vc_row bottom=&#8221;90px&#8221; slope_top=&#8221;slope-top&#8221; slope_top_pos=&#8221;slope-top-outside&#8221; slope_top_height=&#8221;50px&#8221; bg_color=&#8221;#f2fdfa&#8221; slope_top_color=&#8221;#f2fdfa&#8221;][vc_column][vc_column_text]Zollas Verzollungen Schweiz GmbH Autobahnzoll, Postfach 2319 8280 Kreuzlingen Dirigenti aziendali: Diana Porzig, Iris Porzig-Erny, Sylvia Porzig USt.ID DE360674001, UID: CHE113836020 Sede della societ\u00e0: CH-8280 Kreuzlingen[\/vc_column_text][\/vc_column][\/vc_row][vc_row bottom=&#8221;90px&#8221; slope_top=&#8221;slope-top&#8221; slope_top_pos=&#8221;slope-top-outside&#8221; slope_top_height=&#8221;50px&#8221; slope_top_color=&#8221;#ffffff&#8221;][vc_column][vc_column_text] Clausola di esclusione della responsabilit\u00e0 &nbsp; La nostra clausola di esclusione della responsabilit\u00e0 \u00e8 disponibile in tedesco.[\/vc_column_text][\/vc_column][\/vc_row]<\/p>\n","protected":false},"author":1,"featured_media":0,"parent":0,"menu_order":0,"comment_status":"closed","ping_status":"closed","template":"","meta":{"inline_featured_image":false,"footnotes":""},"yoast_head":"<!-- This site is optimized with the Yoast SEO plugin v21.4 - https:\/\/yoast.com\/wordpress\/plugins\/seo\/ -->\n<title>Colophon &#8211; Zollas Verzollungen Schweiz GmbH<\/title>\n<meta name=\"robots\" content=\"index, follow, max-snippet:-1, max-image-preview:large, max-video-preview:-1\" \/>\n<link rel=\"canonical\" href=\"https:\/\/www.zollas.ch\/it\/colophon\/\" \/>\n<meta property=\"og:locale\" content=\"it_IT\" \/>\n<meta property=\"og:type\" content=\"article\" \/>\n<meta property=\"og:title\" content=\"Colophon &#8211; Zollas Verzollungen Schweiz GmbH\" \/>\n<meta property=\"og:description\" content=\"[vc_row bottom=&#8221;90px&#8221; slope_top=&#8221;slope-top&#8221; slope_top_pos=&#8221;slope-top-outside&#8221; slope_top_height=&#8221;50px&#8221; bg_color=&#8221;#f2fdfa&#8221; slope_top_color=&#8221;#f2fdfa&#8221;][vc_column][vc_column_text]Zollas Verzollungen Schweiz GmbH Autobahnzoll, Postfach 2319 8280 Kreuzlingen Dirigenti aziendali: Diana Porzig, Iris Porzig-Erny, Sylvia Porzig USt.ID DE360674001, UID: CHE113836020 Sede della societ\u00e0: CH-8280 Kreuzlingen[\/vc_column_text][\/vc_column][\/vc_row][vc_row bottom=&#8221;90px&#8221; slope_top=&#8221;slope-top&#8221; slope_top_pos=&#8221;slope-top-outside&#8221; slope_top_height=&#8221;50px&#8221; slope_top_color=&#8221;#ffffff&#8221;][vc_column][vc_column_text] Clausola di esclusione della responsabilit\u00e0 &nbsp; La nostra clausola di esclusione della responsabilit\u00e0 \u00e8 disponibile in tedesco.[\/vc_column_text][\/vc_column][\/vc_row]\" \/>\n<meta property=\"og:url\" content=\"https:\/\/www.zollas.ch\/it\/colophon\/\" \/>\n<meta property=\"og:site_name\" content=\"Zollas Verzollungen Schweiz GmbH\" \/>\n<meta property=\"article:modified_time\" content=\"2024-02-01T10:27:14+00:00\" \/>\n<meta name=\"twitter:card\" content=\"summary_large_image\" \/>\n<meta name=\"twitter:label1\" content=\"Tempo di lettura stimato\" \/>\n\t<meta name=\"twitter:data1\" content=\"1 minuto\" \/>\n<script type=\"application\/ld+json\" class=\"yoast-schema-graph\">{\"@context\":\"https:\/\/schema.org\",\"@graph\":[{\"@type\":\"WebPage\",\"@id\":\"https:\/\/www.zollas.ch\/it\/colophon\/\",\"url\":\"https:\/\/www.zollas.ch\/it\/colophon\/\",\"name\":\"Colophon &#8211; Zollas Verzollungen Schweiz GmbH\",\"isPartOf\":{\"@id\":\"https:\/\/www.zollas.ch\/pl\/#website\"},\"datePublished\":\"2016-03-21T13:29:44+00:00\",\"dateModified\":\"2024-02-01T10:27:14+00:00\",\"breadcrumb\":{\"@id\":\"https:\/\/www.zollas.ch\/it\/colophon\/#breadcrumb\"},\"inLanguage\":\"it-IT\",\"potentialAction\":[{\"@type\":\"ReadAction\",\"target\":[\"https:\/\/www.zollas.ch\/it\/colophon\/\"]}]},{\"@type\":\"BreadcrumbList\",\"@id\":\"https:\/\/www.zollas.ch\/it\/colophon\/#breadcrumb\",\"itemListElement\":[{\"@type\":\"ListItem\",\"position\":1,\"name\":\"Home\",\"item\":\"https:\/\/www.zollas.ch\/it\/\"},{\"@type\":\"ListItem\",\"position\":2,\"name\":\"Colophon\"}]},{\"@type\":\"WebSite\",\"@id\":\"https:\/\/www.zollas.ch\/pl\/#website\",\"url\":\"https:\/\/www.zollas.ch\/pl\/\",\"name\":\"Zollas Verzollungen Schweiz GmbH\",\"description\":\"\",\"potentialAction\":[{\"@type\":\"SearchAction\",\"target\":{\"@type\":\"EntryPoint\",\"urlTemplate\":\"https:\/\/www.zollas.ch\/pl\/?s={search_term_string}\"},\"query-input\":\"required name=search_term_string\"}],\"inLanguage\":\"it-IT\"}]}<\/script>\n<!-- \/ Yoast SEO plugin. -->","yoast_head_json":{"title":"Colophon &#8211; Zollas Verzollungen Schweiz GmbH","robots":{"index":"index","follow":"follow","max-snippet":"max-snippet:-1","max-image-preview":"max-image-preview:large","max-video-preview":"max-video-preview:-1"},"canonical":"https:\/\/www.zollas.ch\/it\/colophon\/","og_locale":"it_IT","og_type":"article","og_title":"Colophon &#8211; Zollas Verzollungen Schweiz GmbH","og_description":"[vc_row bottom=&#8221;90px&#8221; slope_top=&#8221;slope-top&#8221; slope_top_pos=&#8221;slope-top-outside&#8221; slope_top_height=&#8221;50px&#8221; bg_color=&#8221;#f2fdfa&#8221; slope_top_color=&#8221;#f2fdfa&#8221;][vc_column][vc_column_text]Zollas Verzollungen Schweiz GmbH Autobahnzoll, Postfach 2319 8280 Kreuzlingen Dirigenti aziendali: Diana Porzig, Iris Porzig-Erny, Sylvia Porzig USt.ID DE360674001, UID: CHE113836020 Sede della societ\u00e0: CH-8280 Kreuzlingen[\/vc_column_text][\/vc_column][\/vc_row][vc_row bottom=&#8221;90px&#8221; slope_top=&#8221;slope-top&#8221; slope_top_pos=&#8221;slope-top-outside&#8221; slope_top_height=&#8221;50px&#8221; slope_top_color=&#8221;#ffffff&#8221;][vc_column][vc_column_text] Clausola di esclusione della responsabilit\u00e0 &nbsp; La nostra clausola di esclusione della responsabilit\u00e0 \u00e8 disponibile in tedesco.[\/vc_column_text][\/vc_column][\/vc_row]","og_url":"https:\/\/www.zollas.ch\/it\/colophon\/","og_site_name":"Zollas Verzollungen Schweiz GmbH","article_modified_time":"2024-02-01T10:27:14+00:00","twitter_card":"summary_large_image","twitter_misc":{"Tempo di lettura stimato":"1 minuto"},"schema":{"@context":"https:\/\/schema.org","@graph":[{"@type":"WebPage","@id":"https:\/\/www.zollas.ch\/it\/colophon\/","url":"https:\/\/www.zollas.ch\/it\/colophon\/","name":"Colophon &#8211; Zollas Verzollungen Schweiz GmbH","isPartOf":{"@id":"https:\/\/www.zollas.ch\/pl\/#website"},"datePublished":"2016-03-21T13:29:44+00:00","dateModified":"2024-02-01T10:27:14+00:00","breadcrumb":{"@id":"https:\/\/www.zollas.ch\/it\/colophon\/#breadcrumb"},"inLanguage":"it-IT","potentialAction":[{"@type":"ReadAction","target":["https:\/\/www.zollas.ch\/it\/colophon\/"]}]},{"@type":"BreadcrumbList","@id":"https:\/\/www.zollas.ch\/it\/colophon\/#breadcrumb","itemListElement":[{"@type":"ListItem","position":1,"name":"Home","item":"https:\/\/www.zollas.ch\/it\/"},{"@type":"ListItem","position":2,"name":"Colophon"}]},{"@type":"WebSite","@id":"https:\/\/www.zollas.ch\/pl\/#website","url":"https:\/\/www.zollas.ch\/pl\/","name":"Zollas Verzollungen Schweiz GmbH","description":"","potentialAction":[{"@type":"SearchAction","target":{"@type":"EntryPoint","urlTemplate":"https:\/\/www.zollas.ch\/pl\/?s={search_term_string}"},"query-input":"required name=search_term_string"}],"inLanguage":"it-IT"}]}},"_links":{"self":[{"href":"https:\/\/www.zollas.ch\/it\/wp-json\/wp\/v2\/pages\/1399"}],"collection":[{"href":"https:\/\/www.zollas.ch\/it\/wp-json\/wp\/v2\/pages"}],"about":[{"href":"https:\/\/www.zollas.ch\/it\/wp-json\/wp\/v2\/types\/page"}],"author":[{"embeddable":true,"href":"https:\/\/www.zollas.ch\/it\/wp-json\/wp\/v2\/users\/1"}],"replies":[{"embeddable":true,"href":"https:\/\/www.zollas.ch\/it\/wp-json\/wp\/v2\/comments?post=1399"}],"version-history":[{"count":2,"href":"https:\/\/www.zollas.ch\/it\/wp-json\/wp\/v2\/pages\/1399\/revisions"}],"predecessor-version":[{"id":1401,"href":"https:\/\/www.zollas.ch\/it\/wp-json\/wp\/v2\/pages\/1399\/revisions\/1401"}],"wp:attachment":[{"href":"https:\/\/www.zollas.ch\/it\/wp-json\/wp\/v2\/media?parent=1399"}],"curies":[{"name":"wp","href":"https:\/\/api.w.org\/{rel}","templated":true}]}}