{"id":1412,"date":"2016-03-21T11:50:24","date_gmt":"2016-03-21T10:50:24","guid":{"rendered":"https:\/\/www.zollas.ch\/wir-ueber-uns\/"},"modified":"2024-02-01T11:56:03","modified_gmt":"2024-02-01T10:56:03","slug":"chi-siamo","status":"publish","type":"page","link":"https:\/\/www.zollas.ch\/it\/chi-siamo\/","title":{"rendered":"Chi siamo"},"content":{"rendered":"<section class=\"wpb-content-wrapper\"><p>[vc_row top=&#8221;75px&#8221; bottom=&#8221;75px&#8221; bg_type=&#8221;image&#8221; bg_repeat=&#8221;no-repeat&#8221; bg_position=&#8221;Center center&#8221; row_mobile_style=&#8221;ipad_full_width&#8221; slope_top=&#8221;slope-top&#8221; slope_top_pos=&#8221;slope-top-outside&#8221; slope_top_height=&#8221;50px&#8221; bg_color=&#8221;#f2fdfa&#8221; slope_top_color=&#8221;#f2fdfa&#8221; bg_image=&#8221;1284&#8243;][vc_column width=&#8221;2\/3&#8243;][vc_column_text]<\/p>\n<h2>Dal 1\u00b0 gennaio 2023 sulla via del successo<\/h2>\n<p>\u201cEfficienza senza confini\u201d ha un significato tutto speciale dal 1\u00b0 gennaio 2023, con la nostra sede sulla frontiera di Costanza\/Kreuzlingen. L\u2019azienda Frederick &amp; St\u00e4hli \u00e8 stata acquisita da Zollas Verzollungen Schweiz e cos\u00ec ora \u00e8 possibile organizzare spedizioni dentro e fuori la Svizzera in modo ancora pi\u00f9 rapido. Siamo anche riusciti a mantenere la piena neutralit\u00e0, garantendovi il contatto diretto con referenti e la tutela dei clienti. Un\u2019assistenza rapida, affidabile e adeguata alle vostre esigenze con collaboratori svizzeri di lunga esperienza consente di ottenere una maggiore sicurezza nel rapporto con le autorit\u00e0 doganali e fiscali.[\/vc_column_text][vc_column_text css=&#8221;.vc_custom_1706783928404{padding-top: 20px !important;padding-bottom: 20px !important;}&#8221;]<span style=\"color: #3ab78b;\">\u201cVediamo questa acquisizione come un tassello importante nel nostro percorso verso la semplificazione delle pratiche doganali per le aziende svizzere. Inoltre, abbiamo la certezza di poter ampliare la nostra posizione sul mercato in modo duraturo e poter offrire ai grandi gruppi un punto di riferimento con la nostra azienda a conduzione familiare\u201c<\/span>, afferma Iris Porzig-Erny, una delle tre dirigenti della Zollas Verzollungen Schweiz GmbH.[\/vc_column_text][vc_column_text]Costanza\/Kreuzlingen \u00e8 un punto di passaggio strategico tra la Germania e la Svizzera. Grazie alla lunga esperienza e apprezzato dai clienti, il nostro team vi aiuta a sbrigare in modo affidabile tutte le pratiche doganali.[\/vc_column_text][\/vc_column][vc_column width=&#8221;1\/3&#8243;][vc_single_image image=&#8221;164&#8243; img_size=&#8221;300&#215;200&#8243;][\/vc_column][\/vc_row][vc_row bottom=&#8221;90px&#8221; slope_top=&#8221;slope-top&#8221; slope_top_pos=&#8221;slope-top-outside&#8221; slope_top_height=&#8221;50px&#8221; slope_top_color=&#8221;#ffffff&#8221;][vc_column width=&#8221;2\/3&#8243;][vc_column_text]<\/p>\n<h3>Informazioni su Zollas Verzollungen GmbH<\/h3>\n<p>Zollas Verzollungen GmbH \u00e8 stata fondata nel 1987 e oggi \u00e8 un\u2019azienda leader a conduzione familiare con sede sul varco Bietingen\/Thayngen.[\/vc_column_text][\/vc_column][vc_column width=&#8221;1\/3&#8243;][\/vc_column][\/vc_row][vc_row bottom=&#8221;90px&#8221; slope_top=&#8221;slope-top&#8221; slope_top_pos=&#8221;slope-top-outside&#8221; slope_top_height=&#8221;50px&#8221; bg_color=&#8221;#f2fdfa&#8221; slope_top_color=&#8221;#f2fdfa&#8221;][vc_column width=&#8221;2\/3&#8243;][vc_column_text]<\/p>\n<h3>Informazioni su Frederick &amp; St\u00e4hli<\/h3>\n<p>Il team di Frederick &amp; St\u00e4hli dal 1994 \u00e8 noto per l\u2019efficienza nel disbrigo delle pratiche doganali sul confine Kreuzlingen\/Costanza.[\/vc_column_text][\/vc_column][vc_column width=&#8221;1\/3&#8243;][\/vc_column][\/vc_row][vc_row top=&#8221;50px&#8221; content_placement=&#8221;bottom&#8221; slope_top=&#8221;slope-top&#8221; slope_top_pos=&#8221;slope-top-outside&#8221; slope_top_height=&#8221;50px&#8221; bg_color=&#8221;#d01313&#8243; slope_top_color=&#8221;#d01313&#8243; el_class=&#8221;white&#8221;][vc_column width=&#8221;2\/3&#8243;][vc_column_text]<\/p>\n<h2>Come possiamo aiutarvi?<\/h2>\n<p>Siamo lieti di aiutarvi a sbrigare le pratiche doganali per le importazioni ed esportazioni!<\/p>\n<p><span style=\"font-weight: 500;\">Telefono CH: <a href=\"tel:0041716779500\">+41 71 67 79 50-0<\/a> \u00a0 | \u00a0 Telefono DE: <a href=\"tel:00497531455554\">+49 75 31 45 55 54<\/a> \u00a0 | \u00a0 E-Mail: <a href=\"mailto:info@zollas.ch\">info@zollas.ch<\/a><\/span>[\/vc_column_text][\/vc_column][vc_column textalign=&#8221;center&#8221; width=&#8221;1\/3&#8243;][vc_single_image image=&#8221;1287&#8243; img_size=&#8221;300&#215;200&#8243; alignment=&#8221;center&#8221; css=&#8221;.vc_custom_1706001491839{margin-top: -50px !important;}&#8221;][vc_button title=&#8221;Contattateci!&#8221; size=&#8221;btn-large&#8221; color=&#8221;btn_white&#8221; link=&#8221;url:https%3A%2F%2Fwww.zollas.ch%2Fit%2Fcontatti%2F|title:Kontakt&#8221;][\/vc_column][\/vc_row]<\/p>\n<\/section>","protected":false},"excerpt":{"rendered":"<p>[vc_row top=&#8221;75px&#8221; bottom=&#8221;75px&#8221; bg_type=&#8221;image&#8221; bg_repeat=&#8221;no-repeat&#8221; bg_position=&#8221;Center center&#8221; row_mobile_style=&#8221;ipad_full_width&#8221; slope_top=&#8221;slope-top&#8221; slope_top_pos=&#8221;slope-top-outside&#8221; slope_top_height=&#8221;50px&#8221; bg_color=&#8221;#f2fdfa&#8221; slope_top_color=&#8221;#f2fdfa&#8221; bg_image=&#8221;1284&#8243;][vc_column width=&#8221;2\/3&#8243;][vc_column_text] Dal 1\u00b0 gennaio 2023 sulla via del successo \u201cEfficienza senza confini\u201d ha un significato tutto speciale dal 1\u00b0 gennaio 2023, con la nostra sede sulla frontiera di Costanza\/Kreuzlingen. L\u2019azienda Frederick &amp; St\u00e4hli \u00e8 stata acquisita da Zollas Verzollungen Schweiz e cos\u00ec ora \u00e8 possibile organizzare spedizioni dentro e fuori la Svizzera in modo ancora pi\u00f9 rapido. Siamo anche riusciti a&#8230;  <\/p>\n<div class=\"read-more\"><a class=\"excerpt-read-more\" href=\"https:\/\/www.zollas.ch\/it\/chi-siamo\/\" title=\"Continue reading Chi siamo\">Read more<i class=\"fa fa-angle-right\"><\/i><\/a><\/div>\n","protected":false},"author":1,"featured_media":0,"parent":0,"menu_order":0,"comment_status":"closed","ping_status":"closed","template":"","meta":{"inline_featured_image":false,"footnotes":""},"yoast_head":"<!-- This site is optimized with the Yoast SEO plugin v21.4 - https:\/\/yoast.com\/wordpress\/plugins\/seo\/ -->\n<title>Chi siamo &#8211; Zollas Verzollungen Schweiz GmbH<\/title>\n<meta name=\"description\" content=\"\u201cEfficienza senza confini\u201d ha un significato tutto speciale dal 1\u00b0 gennaio 2023, con la nostra sede sulla frontiera di Costanza\/Kreuzlingen.\" \/>\n<meta name=\"robots\" content=\"index, follow, max-snippet:-1, max-image-preview:large, max-video-preview:-1\" \/>\n<link rel=\"canonical\" href=\"https:\/\/www.zollas.ch\/it\/chi-siamo\/\" \/>\n<meta property=\"og:locale\" content=\"it_IT\" \/>\n<meta property=\"og:type\" content=\"article\" \/>\n<meta property=\"og:title\" content=\"Chi siamo &#8211; Zollas Verzollungen Schweiz GmbH\" \/>\n<meta property=\"og:description\" content=\"\u201cEfficienza senza confini\u201d ha un significato tutto speciale dal 1\u00b0 gennaio 2023, con la nostra sede sulla frontiera di Costanza\/Kreuzlingen.\" \/>\n<meta property=\"og:url\" content=\"https:\/\/www.zollas.ch\/it\/chi-siamo\/\" \/>\n<meta property=\"og:site_name\" content=\"Zollas Verzollungen Schweiz GmbH\" \/>\n<meta property=\"article:modified_time\" content=\"2024-02-01T10:56:03+00:00\" \/>\n<meta name=\"twitter:card\" content=\"summary_large_image\" \/>\n<meta name=\"twitter:label1\" content=\"Tempo di lettura stimato\" \/>\n\t<meta name=\"twitter:data1\" content=\"2 minuti\" \/>\n<script type=\"application\/ld+json\" class=\"yoast-schema-graph\">{\"@context\":\"https:\/\/schema.org\",\"@graph\":[{\"@type\":\"WebPage\",\"@id\":\"https:\/\/www.zollas.ch\/it\/chi-siamo\/\",\"url\":\"https:\/\/www.zollas.ch\/it\/chi-siamo\/\",\"name\":\"Chi siamo &#8211; Zollas Verzollungen Schweiz GmbH\",\"isPartOf\":{\"@id\":\"https:\/\/www.zollas.ch\/pl\/#website\"},\"datePublished\":\"2016-03-21T10:50:24+00:00\",\"dateModified\":\"2024-02-01T10:56:03+00:00\",\"description\":\"\u201cEfficienza senza confini\u201d ha un significato tutto speciale dal 1\u00b0 gennaio 2023, con la nostra sede sulla frontiera di Costanza\/Kreuzlingen.\",\"breadcrumb\":{\"@id\":\"https:\/\/www.zollas.ch\/it\/chi-siamo\/#breadcrumb\"},\"inLanguage\":\"it-IT\",\"potentialAction\":[{\"@type\":\"ReadAction\",\"target\":[\"https:\/\/www.zollas.ch\/it\/chi-siamo\/\"]}]},{\"@type\":\"BreadcrumbList\",\"@id\":\"https:\/\/www.zollas.ch\/it\/chi-siamo\/#breadcrumb\",\"itemListElement\":[{\"@type\":\"ListItem\",\"position\":1,\"name\":\"Home\",\"item\":\"https:\/\/www.zollas.ch\/it\/\"},{\"@type\":\"ListItem\",\"position\":2,\"name\":\"Chi siamo\"}]},{\"@type\":\"WebSite\",\"@id\":\"https:\/\/www.zollas.ch\/pl\/#website\",\"url\":\"https:\/\/www.zollas.ch\/pl\/\",\"name\":\"Zollas Verzollungen Schweiz GmbH\",\"description\":\"\",\"potentialAction\":[{\"@type\":\"SearchAction\",\"target\":{\"@type\":\"EntryPoint\",\"urlTemplate\":\"https:\/\/www.zollas.ch\/pl\/?s={search_term_string}\"},\"query-input\":\"required name=search_term_string\"}],\"inLanguage\":\"it-IT\"}]}<\/script>\n<!-- \/ Yoast SEO plugin. -->","yoast_head_json":{"title":"Chi siamo &#8211; Zollas Verzollungen Schweiz GmbH","description":"\u201cEfficienza senza confini\u201d ha un significato tutto speciale dal 1\u00b0 gennaio 2023, con la nostra sede sulla frontiera di Costanza\/Kreuzlingen.","robots":{"index":"index","follow":"follow","max-snippet":"max-snippet:-1","max-image-preview":"max-image-preview:large","max-video-preview":"max-video-preview:-1"},"canonical":"https:\/\/www.zollas.ch\/it\/chi-siamo\/","og_locale":"it_IT","og_type":"article","og_title":"Chi siamo &#8211; Zollas Verzollungen Schweiz GmbH","og_description":"\u201cEfficienza senza confini\u201d ha un significato tutto speciale dal 1\u00b0 gennaio 2023, con la nostra sede sulla frontiera di Costanza\/Kreuzlingen.","og_url":"https:\/\/www.zollas.ch\/it\/chi-siamo\/","og_site_name":"Zollas Verzollungen Schweiz GmbH","article_modified_time":"2024-02-01T10:56:03+00:00","twitter_card":"summary_large_image","twitter_misc":{"Tempo di lettura stimato":"2 minuti"},"schema":{"@context":"https:\/\/schema.org","@graph":[{"@type":"WebPage","@id":"https:\/\/www.zollas.ch\/it\/chi-siamo\/","url":"https:\/\/www.zollas.ch\/it\/chi-siamo\/","name":"Chi siamo &#8211; Zollas Verzollungen Schweiz GmbH","isPartOf":{"@id":"https:\/\/www.zollas.ch\/pl\/#website"},"datePublished":"2016-03-21T10:50:24+00:00","dateModified":"2024-02-01T10:56:03+00:00","description":"\u201cEfficienza senza confini\u201d ha un significato tutto speciale dal 1\u00b0 gennaio 2023, con la nostra sede sulla frontiera di Costanza\/Kreuzlingen.","breadcrumb":{"@id":"https:\/\/www.zollas.ch\/it\/chi-siamo\/#breadcrumb"},"inLanguage":"it-IT","potentialAction":[{"@type":"ReadAction","target":["https:\/\/www.zollas.ch\/it\/chi-siamo\/"]}]},{"@type":"BreadcrumbList","@id":"https:\/\/www.zollas.ch\/it\/chi-siamo\/#breadcrumb","itemListElement":[{"@type":"ListItem","position":1,"name":"Home","item":"https:\/\/www.zollas.ch\/it\/"},{"@type":"ListItem","position":2,"name":"Chi siamo"}]},{"@type":"WebSite","@id":"https:\/\/www.zollas.ch\/pl\/#website","url":"https:\/\/www.zollas.ch\/pl\/","name":"Zollas Verzollungen Schweiz GmbH","description":"","potentialAction":[{"@type":"SearchAction","target":{"@type":"EntryPoint","urlTemplate":"https:\/\/www.zollas.ch\/pl\/?s={search_term_string}"},"query-input":"required name=search_term_string"}],"inLanguage":"it-IT"}]}},"_links":{"self":[{"href":"https:\/\/www.zollas.ch\/it\/wp-json\/wp\/v2\/pages\/1412"}],"collection":[{"href":"https:\/\/www.zollas.ch\/it\/wp-json\/wp\/v2\/pages"}],"about":[{"href":"https:\/\/www.zollas.ch\/it\/wp-json\/wp\/v2\/types\/page"}],"author":[{"embeddable":true,"href":"https:\/\/www.zollas.ch\/it\/wp-json\/wp\/v2\/users\/1"}],"replies":[{"embeddable":true,"href":"https:\/\/www.zollas.ch\/it\/wp-json\/wp\/v2\/comments?post=1412"}],"version-history":[{"count":2,"href":"https:\/\/www.zollas.ch\/it\/wp-json\/wp\/v2\/pages\/1412\/revisions"}],"predecessor-version":[{"id":1415,"href":"https:\/\/www.zollas.ch\/it\/wp-json\/wp\/v2\/pages\/1412\/revisions\/1415"}],"wp:attachment":[{"href":"https:\/\/www.zollas.ch\/it\/wp-json\/wp\/v2\/media?parent=1412"}],"curies":[{"name":"wp","href":"https:\/\/api.w.org\/{rel}","templated":true}]}}