{"id":1418,"date":"2016-03-21T12:12:51","date_gmt":"2016-03-21T11:12:51","guid":{"rendered":"https:\/\/www.zollas.ch\/verzollungen\/"},"modified":"2024-02-01T11:59:38","modified_gmt":"2024-02-01T10:59:38","slug":"sdoganamenti","status":"publish","type":"page","link":"https:\/\/www.zollas.ch\/it\/sdoganamenti\/","title":{"rendered":"Sdoganamenti"},"content":{"rendered":"<section class=\"wpb-content-wrapper\"><p>[vc_row bottom=&#8221;90px&#8221; slope_top=&#8221;slope-top&#8221; slope_top_pos=&#8221;slope-top-outside&#8221; slope_top_height=&#8221;50px&#8221; bg_color=&#8221;#f2fdfa&#8221; slope_top_color=&#8221;#f2fdfa&#8221;][vc_column width=&#8221;2\/3&#8243;][vc_column_text]<\/p>\n<h2>Che cosa possiamo fare per voi?<\/h2>\n<p>Prepariamo tutti i documenti doganali necessari per l\u2019import\/export nella circolazione internazionale delle merci. Nel farlo, garantiamo sempre un \u201cqualcosa in pi\u00f9\u201d ne nostri servizi in modo da garantire una collaborazione costruttiva, collaborativa e duratura nel tempo.[\/vc_column_text][\/vc_column][vc_column width=&#8221;1\/3&#8243;][vc_single_image image=&#8221;165&#8243; img_size=&#8221;300&#215;200&#8243;][\/vc_column][\/vc_row][vc_row top=&#8221;px&#8221; bottom=&#8221;90px&#8221; content_placement=&#8221;bottom&#8221; slope_top=&#8221;slope-top&#8221; slope_top_pos=&#8221;slope-top-outside&#8221; slope_top_height=&#8221;50px&#8221; slope_top_color=&#8221;#ffffff&#8221;][vc_column css=&#8221;.vc_custom_1706093098288{margin-left: 0px !important;padding-left: 0px !important;}&#8221;][vc_row_inner top=&#8221;0px&#8221;][vc_column_inner][vc_column_text]<\/p>\n<h2>I nostri tempi di preparazione <span style=\"color: #ff0000;\"><sup>*<\/sup><\/span><\/h2>\n<p>[\/vc_column_text][\/vc_column_inner][\/vc_row_inner][vc_row_inner top=&#8221;0&#8243; bottom=&#8221;0&#8243;][vc_column_inner width=&#8221;1\/6&#8243;][vc_single_image image=&#8221;1206&#8243; img_size=&#8221;200&#215;250&#8243;][\/vc_column_inner][vc_column_inner width=&#8221;5\/6&#8243;][vc_column_text]<\/p>\n<h4>Esportazioni ATLAS <sup>10 Minuti<\/sup><\/h4>\n<p>Per tutte le esportazioni \u00e8 necessaria una dichiarazione di transito. Ce ne occupiamo noi, in tutta la Germania!<\/p>\n<h4>Esportazioni e-dec <sup>10 Minuti<\/sup><\/h4>\n<p>Si tratta di una dichiarazione di esportazione svizzera, di cui c possiamo occupare noi presso qualunque ufficio doganale di confine, da Nord a Sud e da Est a Ovest.<\/p>\n<h4>Sdoganamenti di importazione in Germania e in Svizzera <sup>15 Minuti<\/sup><\/h4>\n<p>Disbrigo semplice delle importazioni dall\u2019estero! Ci occupiamo noi della dichiarazione delle merci in dogana dall\u2019estero.<\/p>\n<h4>Certificati di origine <sup>30 Minuti<\/sup><\/h4>\n<p>Risparmiate inutili tributi doganali. Con noi potete redigere il vostro certificato di origine EUR.1!<\/p>\n<h4>Regime di transito T1\/T2 <sup>10 Minuti<\/sup><\/h4>\n<p>Superare la dogana in breve e registrarsi solo a quel punto all\u2019ufficio della dogana interno? Si pu\u00f2 fare, con un documento di transito. Lo facciamo noi per voi!<\/p>\n<h4>Formalit\u00e0 doganali temporanee <sup>30-45 Minuti<\/sup><\/h4>\n<p>Dovete spedire il palco per un grande concerto o riparare una macchina per un cliente all\u2019estero? Anche in questi casi ci pensiamo noi a fare tutti i passaggi giusti alla dogana.<\/p>\n<h4>Consulenza doganale <sup>in questo caso ci prendiamo tutto il tempo del mondo<\/sup><\/h4>\n<p>Volete esportare prodotti ma non sapete bene da dove iniziare con le pratiche doganali? Contattateci, saremo lieti di offrirvi la nostra consulenza.[\/vc_column_text][\/vc_column_inner][\/vc_row_inner][vc_row_inner bottom=&#8221;&#8221;][vc_column_inner][vc_separator color=&#8221;#3ab78b&#8221;][vc_column_text css=&#8221;.vc_custom_1706784350133{padding-top: 50px !important;}&#8221;]<\/p>\n<h6><span style=\"color: #ff0000;\">*<\/span> Il vostro tempo di attesa in condizioni ideali<\/h6>\n<p>Che cosa significa: Ci mandate documenti doganali completi e necessari per l\u2019ordine circa 24-36 ore (in giorni feriali) prima dell\u2019arrivo al confine o all\u2019ufficio doganale per gli interni oppure prima del carico, a seconda della procedura doganale. La dichiarazione in dogana comprende 1-3 posizioni doganali. Una volta arrivati al confine occorre nominare il riferimento di sdoganamento corretto.[\/vc_column_text][\/vc_column_inner][\/vc_row_inner][\/vc_column][\/vc_row][vc_row bottom=&#8221;90px&#8221; bg_type=&#8221;image&#8221; bg_repeat=&#8221;no-repeat&#8221; bg_position=&#8221;Center center&#8221; slope_top=&#8221;slope-top&#8221; slope_top_pos=&#8221;slope-top-outside&#8221; slope_top_height=&#8221;50px&#8221; slope_top_color=&#8221;#f2fdfa&#8221; bg_color=&#8221;#f2fdfa&#8221; bg_image=&#8221;1284&#8243;][vc_column][vc_column_text]<\/p>\n<h2>I vantaggi con Zollas<\/h2>\n<ul class=\"check\">\n<li>Migliore controllo e riduzione dei rischi.<\/li>\n<li>Facile accesso al know-how di esperti delle pratiche doganali e a processi doganali di alta qualit\u00e0<\/li>\n<li>Raggiungete i vostri clienti pi\u00f9 rapidamente<\/li>\n<li>Minori costi di esercizio<\/li>\n<li>Consolidamento delle informazioni doganali e semplificazione della rendicontazione, tutto da un unico fornitore.<\/li>\n<li>Prendetevi pi\u00f9 tempo per altre attivit\u00e0, di tutte le formalit\u00e0 doganali ci occupiamo noi.<\/li>\n<li>Godetevi la tranquillit\u00e0 di sapere di avere fatto tutto correttamente per il tributo d\u2019entrata.<\/li>\n<\/ul>\n<p>[\/vc_column_text][vc_single_image image=&#8221;1185&#8243; img_size=&#8221;375&#215;130&#8243;][\/vc_column][\/vc_row][vc_row bottom=&#8221;50px&#8221; content_placement=&#8221;bottom&#8221; bg_type=&#8221;image&#8221; slope_top=&#8221;slope-top&#8221; slope_top_pos=&#8221;slope-top-outside&#8221; slope_top_height=&#8221;50px&#8221; bg_color=&#8221;#c40c0c&#8221; slope_top_color=&#8221;#c40c0c&#8221; el_class=&#8221;white&#8221;][vc_column textalign=&#8221;left&#8221; width=&#8221;2\/3&#8243;][vc_column_text css=&#8221;.vc_custom_1706784412239{padding-bottom: 25px !important;}&#8221;]<\/p>\n<h2>Come possiamo aiutarvi?<\/h2>\n<p>Siamo lieti di aiutarvi a sbrigare le pratiche doganali per le vostre spedizioni internazionali!<\/p>\n<p><span style=\"font-weight: 500;\">Telefono CH: <a href=\"tel:0041716779500\">+41 71 67 79 50-0<\/a> \u00a0 | \u00a0 Telefono DE: <a href=\"tel:00497531455554\">+49 75 31 45 55 54<\/a> \u00a0 | \u00a0 E-Mail: <a href=\"mailto:info@zollas.ch\">info@zollas.ch<\/a><\/span>[\/vc_column_text][\/vc_column][vc_column textalign=&#8221;center&#8221; width=&#8221;1\/3&#8243; css=&#8221;.vc_custom_1705926604222{margin-bottom: 30px !important;}&#8221;][vc_single_image image=&#8221;1287&#8243; img_size=&#8221;300&#215;200&#8243; alignment=&#8221;center&#8221; css=&#8221;.vc_custom_1706001789156{margin-top: -50px !important;}&#8221;][vc_button title=&#8221;Contattateci!&#8221; size=&#8221;btn-large&#8221; color=&#8221;btn_white&#8221; link=&#8221;url:https%3A%2F%2Fwww.zollas.ch%2Fit%2Fcontatti%2F|title:Kontakt&#8221;][\/vc_column][\/vc_row]<\/p>\n<\/section>","protected":false},"excerpt":{"rendered":"<p>[vc_row bottom=&#8221;90px&#8221; slope_top=&#8221;slope-top&#8221; slope_top_pos=&#8221;slope-top-outside&#8221; slope_top_height=&#8221;50px&#8221; bg_color=&#8221;#f2fdfa&#8221; slope_top_color=&#8221;#f2fdfa&#8221;][vc_column width=&#8221;2\/3&#8243;][vc_column_text] Che cosa possiamo fare per voi? Prepariamo tutti i documenti doganali necessari per l\u2019import\/export nella circolazione internazionale delle merci. Nel farlo, garantiamo sempre un \u201cqualcosa in pi\u00f9\u201d ne nostri servizi in modo da garantire una collaborazione costruttiva, collaborativa e duratura nel tempo.[\/vc_column_text][\/vc_column][vc_column width=&#8221;1\/3&#8243;][vc_single_image image=&#8221;165&#8243; img_size=&#8221;300&#215;200&#8243;][\/vc_column][\/vc_row][vc_row top=&#8221;px&#8221; bottom=&#8221;90px&#8221; content_placement=&#8221;bottom&#8221; slope_top=&#8221;slope-top&#8221; slope_top_pos=&#8221;slope-top-outside&#8221; slope_top_height=&#8221;50px&#8221; slope_top_color=&#8221;#ffffff&#8221;][vc_column css=&#8221;.vc_custom_1706093098288{margin-left: 0px !important;padding-left: 0px !important;}&#8221;][vc_row_inner top=&#8221;0px&#8221;][vc_column_inner][vc_column_text] I nostri tempi di preparazione * [\/vc_column_text][\/vc_column_inner][\/vc_row_inner][vc_row_inner top=&#8221;0&#8243; bottom=&#8221;0&#8243;][vc_column_inner&#8230;  <\/p>\n<div class=\"read-more\"><a class=\"excerpt-read-more\" href=\"https:\/\/www.zollas.ch\/it\/sdoganamenti\/\" title=\"Continue reading Sdoganamenti\">Read more<i class=\"fa fa-angle-right\"><\/i><\/a><\/div>\n","protected":false},"author":1,"featured_media":0,"parent":0,"menu_order":0,"comment_status":"closed","ping_status":"closed","template":"","meta":{"inline_featured_image":false,"footnotes":""},"yoast_head":"<!-- This site is optimized with the Yoast SEO plugin v21.4 - https:\/\/yoast.com\/wordpress\/plugins\/seo\/ -->\n<title>Sdoganamenti &#8211; Zollas Verzollungen Schweiz GmbH<\/title>\n<meta name=\"description\" content=\"Prepariamo tutti i documenti doganali necessari per l\u2019import\/export nella circolazione internazionale delle merci.\" \/>\n<meta name=\"robots\" content=\"index, follow, max-snippet:-1, max-image-preview:large, max-video-preview:-1\" \/>\n<link rel=\"canonical\" href=\"https:\/\/www.zollas.ch\/it\/sdoganamenti\/\" \/>\n<meta property=\"og:locale\" content=\"it_IT\" \/>\n<meta property=\"og:type\" content=\"article\" \/>\n<meta property=\"og:title\" content=\"Sdoganamenti &#8211; Zollas Verzollungen Schweiz GmbH\" \/>\n<meta property=\"og:description\" content=\"Prepariamo tutti i documenti doganali necessari per l\u2019import\/export nella circolazione internazionale delle merci.\" \/>\n<meta property=\"og:url\" content=\"https:\/\/www.zollas.ch\/it\/sdoganamenti\/\" \/>\n<meta property=\"og:site_name\" content=\"Zollas Verzollungen Schweiz GmbH\" \/>\n<meta property=\"article:modified_time\" content=\"2024-02-01T10:59:38+00:00\" \/>\n<meta name=\"twitter:card\" content=\"summary_large_image\" \/>\n<meta name=\"twitter:label1\" content=\"Tempo di lettura stimato\" \/>\n\t<meta name=\"twitter:data1\" content=\"3 minuti\" \/>\n<script type=\"application\/ld+json\" class=\"yoast-schema-graph\">{\"@context\":\"https:\/\/schema.org\",\"@graph\":[{\"@type\":\"WebPage\",\"@id\":\"https:\/\/www.zollas.ch\/it\/sdoganamenti\/\",\"url\":\"https:\/\/www.zollas.ch\/it\/sdoganamenti\/\",\"name\":\"Sdoganamenti &#8211; Zollas Verzollungen Schweiz GmbH\",\"isPartOf\":{\"@id\":\"https:\/\/www.zollas.ch\/pl\/#website\"},\"datePublished\":\"2016-03-21T11:12:51+00:00\",\"dateModified\":\"2024-02-01T10:59:38+00:00\",\"description\":\"Prepariamo tutti i documenti doganali necessari per l\u2019import\/export nella circolazione internazionale delle merci.\",\"breadcrumb\":{\"@id\":\"https:\/\/www.zollas.ch\/it\/sdoganamenti\/#breadcrumb\"},\"inLanguage\":\"it-IT\",\"potentialAction\":[{\"@type\":\"ReadAction\",\"target\":[\"https:\/\/www.zollas.ch\/it\/sdoganamenti\/\"]}]},{\"@type\":\"BreadcrumbList\",\"@id\":\"https:\/\/www.zollas.ch\/it\/sdoganamenti\/#breadcrumb\",\"itemListElement\":[{\"@type\":\"ListItem\",\"position\":1,\"name\":\"Home\",\"item\":\"https:\/\/www.zollas.ch\/it\/\"},{\"@type\":\"ListItem\",\"position\":2,\"name\":\"Sdoganamenti\"}]},{\"@type\":\"WebSite\",\"@id\":\"https:\/\/www.zollas.ch\/pl\/#website\",\"url\":\"https:\/\/www.zollas.ch\/pl\/\",\"name\":\"Zollas Verzollungen Schweiz GmbH\",\"description\":\"\",\"potentialAction\":[{\"@type\":\"SearchAction\",\"target\":{\"@type\":\"EntryPoint\",\"urlTemplate\":\"https:\/\/www.zollas.ch\/pl\/?s={search_term_string}\"},\"query-input\":\"required name=search_term_string\"}],\"inLanguage\":\"it-IT\"}]}<\/script>\n<!-- \/ Yoast SEO plugin. -->","yoast_head_json":{"title":"Sdoganamenti &#8211; Zollas Verzollungen Schweiz GmbH","description":"Prepariamo tutti i documenti doganali necessari per l\u2019import\/export nella circolazione internazionale delle merci.","robots":{"index":"index","follow":"follow","max-snippet":"max-snippet:-1","max-image-preview":"max-image-preview:large","max-video-preview":"max-video-preview:-1"},"canonical":"https:\/\/www.zollas.ch\/it\/sdoganamenti\/","og_locale":"it_IT","og_type":"article","og_title":"Sdoganamenti &#8211; Zollas Verzollungen Schweiz GmbH","og_description":"Prepariamo tutti i documenti doganali necessari per l\u2019import\/export nella circolazione internazionale delle merci.","og_url":"https:\/\/www.zollas.ch\/it\/sdoganamenti\/","og_site_name":"Zollas Verzollungen Schweiz GmbH","article_modified_time":"2024-02-01T10:59:38+00:00","twitter_card":"summary_large_image","twitter_misc":{"Tempo di lettura stimato":"3 minuti"},"schema":{"@context":"https:\/\/schema.org","@graph":[{"@type":"WebPage","@id":"https:\/\/www.zollas.ch\/it\/sdoganamenti\/","url":"https:\/\/www.zollas.ch\/it\/sdoganamenti\/","name":"Sdoganamenti &#8211; Zollas Verzollungen Schweiz GmbH","isPartOf":{"@id":"https:\/\/www.zollas.ch\/pl\/#website"},"datePublished":"2016-03-21T11:12:51+00:00","dateModified":"2024-02-01T10:59:38+00:00","description":"Prepariamo tutti i documenti doganali necessari per l\u2019import\/export nella circolazione internazionale delle merci.","breadcrumb":{"@id":"https:\/\/www.zollas.ch\/it\/sdoganamenti\/#breadcrumb"},"inLanguage":"it-IT","potentialAction":[{"@type":"ReadAction","target":["https:\/\/www.zollas.ch\/it\/sdoganamenti\/"]}]},{"@type":"BreadcrumbList","@id":"https:\/\/www.zollas.ch\/it\/sdoganamenti\/#breadcrumb","itemListElement":[{"@type":"ListItem","position":1,"name":"Home","item":"https:\/\/www.zollas.ch\/it\/"},{"@type":"ListItem","position":2,"name":"Sdoganamenti"}]},{"@type":"WebSite","@id":"https:\/\/www.zollas.ch\/pl\/#website","url":"https:\/\/www.zollas.ch\/pl\/","name":"Zollas Verzollungen Schweiz GmbH","description":"","potentialAction":[{"@type":"SearchAction","target":{"@type":"EntryPoint","urlTemplate":"https:\/\/www.zollas.ch\/pl\/?s={search_term_string}"},"query-input":"required name=search_term_string"}],"inLanguage":"it-IT"}]}},"_links":{"self":[{"href":"https:\/\/www.zollas.ch\/it\/wp-json\/wp\/v2\/pages\/1418"}],"collection":[{"href":"https:\/\/www.zollas.ch\/it\/wp-json\/wp\/v2\/pages"}],"about":[{"href":"https:\/\/www.zollas.ch\/it\/wp-json\/wp\/v2\/types\/page"}],"author":[{"embeddable":true,"href":"https:\/\/www.zollas.ch\/it\/wp-json\/wp\/v2\/users\/1"}],"replies":[{"embeddable":true,"href":"https:\/\/www.zollas.ch\/it\/wp-json\/wp\/v2\/comments?post=1418"}],"version-history":[{"count":2,"href":"https:\/\/www.zollas.ch\/it\/wp-json\/wp\/v2\/pages\/1418\/revisions"}],"predecessor-version":[{"id":1420,"href":"https:\/\/www.zollas.ch\/it\/wp-json\/wp\/v2\/pages\/1418\/revisions\/1420"}],"wp:attachment":[{"href":"https:\/\/www.zollas.ch\/it\/wp-json\/wp\/v2\/media?parent=1418"}],"curies":[{"name":"wp","href":"https:\/\/api.w.org\/{rel}","templated":true}]}}