{"id":1421,"date":"2016-03-21T12:25:55","date_gmt":"2016-03-21T11:25:55","guid":{"rendered":"https:\/\/www.zollas.ch\/zollberatung\/"},"modified":"2024-02-01T12:02:42","modified_gmt":"2024-02-01T11:02:42","slug":"consulenza-doganale","status":"publish","type":"page","link":"https:\/\/www.zollas.ch\/it\/consulenza-doganale\/","title":{"rendered":"Consulenza doganale"},"content":{"rendered":"<section class=\"wpb-content-wrapper\"><p>[vc_row bottom=&#8221;90px&#8221; slope_top=&#8221;slope-top&#8221; slope_top_pos=&#8221;slope-top-outside&#8221; slope_top_height=&#8221;50px&#8221; slope_top_color=&#8221;#f2fdfa&#8221; bg_color=&#8221;#f2fdfa&#8221;][vc_column width=&#8221;2\/3&#8243;][vc_column_text]<\/p>\n<h2>Una consulenza indipendente da veri professionisti della dogana!<\/h2>\n<p>Il nostro team \u00e8 disponibile anche per le domande meno tradizionali sulla circolazione delle merci internazionale.[\/vc_column_text][\/vc_column][vc_column width=&#8221;1\/3&#8243;][vc_single_image image=&#8221;163&#8243; img_size=&#8221;300&#215;200&#8243;][\/vc_column][\/vc_row][vc_row bottom=&#8221;90px&#8221; content_placement=&#8221;bottom&#8221; slope_top=&#8221;slope-top&#8221; slope_top_pos=&#8221;slope-top-outside&#8221; slope_top_height=&#8221;50px&#8221; slope_top_color=&#8221;#ffffff&#8221; bg_color=&#8221;#ffffff&#8221;][vc_column width=&#8221;5\/6&#8243;][vc_column_text css=&#8221;.vc_custom_1706784509828{margin-bottom: 25px !important;}&#8221;]<\/p>\n<h2>FAQ sulla dogana<\/h2>\n<p>[\/vc_column_text][vc_accordion style=&#8221;accordion_minimal&#8221; collapsible=&#8221;yes&#8221;][vc_accordion_tab title=&#8221;Quali documenti sono necessari per lo sdoganamento all\u2019estero?&#8221;][vc_column_text]Per ogni spedizione internazionale \u00e8 necessaria una fattura valida. La fattura ideale deve contenere i dati di venditore e acquirente, valore, peso e numero di colli. In una seconda fase, sulla base di questi dati, occorre creare un documento per l\u2019esportazione adatto. Ed \u00e8 proprio qui che entriamo in gioco noi![\/vc_column_text][\/vc_accordion_tab][vc_accordion_tab title=&#8221;Quando serve una prova documentaria dell\u2019origine?&#8221;][vc_column_text]Ogni volta che \u00e8 necessario evitare i DIRITTI DI DOGANA all\u2019importazione. Invece l\u2019IMPOSTA di importazione \u00e8 sempre dovuta. I DIRITTI DI DOGANA si pagano solo se non si \u00e8 in possesso di prova documentaria dell\u2019origine.[\/vc_column_text][\/vc_accordion_tab][vc_accordion_tab title=&#8221;Quando \u00e8 possibile capire se per un prodotto \u00e8 necessario versare i tributi doganali?&#8221;][vc_column_text]Si pu\u00f2 capire da dichiarazioni valide rilasciate del fornitore, che ha una visione completa sulla composizione del prodotto.[\/vc_column_text][\/vc_accordion_tab][vc_accordion_tab title=&#8221;Che cos\u2019\u00e8 il documento di accompagnamento delle esportazioni (DAE) e come si pu\u00f2 ottenere?&#8221;][vc_column_text]Si tratta di un documento per l\u2019esportazione UE, che saremo lieti di ottenere per voi tramite un qualunque ufficio della dogana tedesco. Per farlo avremo bisogno di un numero EORI, che potete richiedere in qualunque momento gratuitamente.[\/vc_column_text][\/vc_accordion_tab][vc_accordion_tab title=&#8221;Che cos\u2019\u00e8 una lista e-dec per le esportazioni CH e come viene redatta?&#8221;][vc_column_text]La e-dec \u00e8 molto semplicemente il documento d esportazione svizzero. Per redigerlo \u00e8 necessario avere un numero IVA svizzero. Dopo di che ci occuperemo noi di tutto.[\/vc_column_text][\/vc_accordion_tab][vc_accordion_tab title=&#8221;Quando deve consegnare piuttosto rapidamente, pu\u00f2 un\u2019azienda evitare di recarsi all\u2019ufficio doganale?&#8221;][vc_column_text]Per la circolazione delle merci in Svizzera esistono diverse possibilit\u00e0 di accelerare l\u2019arrivo delle spedizioni a destinazione senza essere bloccate da un ufficio doganale. Saremo lieti di offrirvi la nostra consulenza a questo proposito.[\/vc_column_text][\/vc_accordion_tab][\/vc_accordion][\/vc_column][vc_column width=&#8221;1\/6&#8243;][vc_single_image image=&#8221;1200&#8243; img_size=&#8221;200&#215;250&#8243;][\/vc_column][\/vc_row][vc_row bottom=&#8221;&#8221; columns_placement=&#8221;middle&#8221; content_placement=&#8221;bottom&#8221; slope_top=&#8221;slope-top&#8221; slope_top_pos=&#8221;slope-top-outside&#8221; slope_top_height=&#8221;50px&#8221; slope_top_color=&#8221;#f2fdfa&#8221; bg_color=&#8221;#f2fdfa&#8221;][vc_column css=&#8221;.vc_custom_1705926028371{margin-bottom: 0px !important;padding-bottom: 0px !important;}&#8221;][vc_column_text css=&#8221;.vc_custom_1706784619426{margin-bottom: 0px !important;padding-bottom: 0px !important;}&#8221;]<\/p>\n<h2>Approfittate della nostra assistenza!<\/h2>\n<p>[\/vc_column_text][\/vc_column][\/vc_row][vc_row top=&#8221;0&#8243; bottom=&#8221;90px&#8221; bg_color=&#8221;#f2fdfa&#8221;][vc_column width=&#8221;1\/3&#8243; css=&#8221;.vc_custom_1705922734577{margin-top: 0px !important;padding-top: 0px !important;}&#8221;][vc_row_inner top=&#8221;0&#8243; bottom=&#8221;25&#8243;][vc_column_inner css=&#8221;.vc_custom_1705937893089{padding-bottom: 25px !important;}&#8221;][vc_single_image image=&#8221;1191&#8243; img_size=&#8221;125&#215;125&#8243; alignment=&#8221;center&#8221;][\/vc_column_inner][\/vc_row_inner][vc_row_inner top=&#8221;&#8221; bottom=&#8221;&#8221; font_color=&#8221;#ffffff&#8221; bg_color=&#8221;#006346&#8243;][vc_column_inner css=&#8221;.vc_custom_1705923158870{padding-top: 30px !important;padding-right: 30px !important;padding-bottom: 30px !important;padding-left: 30px !important;}&#8221;][vc_column_text]<strong>Prendetevi pi\u00f9 tempo per altre attivit\u00e0, di tutte le formalit\u00e0 doganali ci occupiamo noi.<\/strong>[\/vc_column_text][\/vc_column_inner][\/vc_row_inner][\/vc_column][vc_column width=&#8221;1\/3&#8243; css=&#8221;.vc_custom_1705922743328{margin-top: 0px !important;padding-top: 0px !important;}&#8221;][vc_row_inner top=&#8221;0&#8243; bottom=&#8221;25&#8243;][vc_column_inner css=&#8221;.vc_custom_1705937898632{padding-bottom: 25px !important;}&#8221;][vc_single_image image=&#8221;1197&#8243; img_size=&#8221;100&#215;125&#8243; alignment=&#8221;center&#8221;][\/vc_column_inner][\/vc_row_inner][vc_row_inner top=&#8221;&#8221; bottom=&#8221;&#8221; font_color=&#8221;#ffffff&#8221; bg_color=&#8221;#006346&#8243;][vc_column_inner css=&#8221;.vc_custom_1705923163294{padding-top: 30px !important;padding-right: 30px !important;padding-bottom: 30px !important;padding-left: 30px !important;}&#8221;][vc_column_text]<strong>Godetevi la tranquillit\u00e0 di sapere di avere fatto tutto correttamente per il tributo d\u2019entrata.<\/strong>[\/vc_column_text][\/vc_column_inner][\/vc_row_inner][\/vc_column][vc_column width=&#8221;1\/3&#8243; css=&#8221;.vc_custom_1705922748946{margin-top: 0px !important;padding-top: 0px !important;}&#8221;][vc_row_inner top=&#8221;0&#8243; bottom=&#8221;25&#8243;][vc_column_inner css=&#8221;.vc_custom_1705937911816{padding-bottom: 25px !important;}&#8221;][vc_single_image image=&#8221;1194&#8243; img_size=&#8221;100&#215;125&#8243; alignment=&#8221;center&#8221;][\/vc_column_inner][\/vc_row_inner][vc_row_inner top=&#8221;&#8221; bottom=&#8221;&#8221; font_color=&#8221;#ffffff&#8221; bg_color=&#8221;#006346&#8243;][vc_column_inner css=&#8221;.vc_custom_1705923187893{padding-top: 30px !important;padding-right: 30px !important;padding-bottom: 30px !important;padding-left: 30px !important;}&#8221;][vc_column_text]<strong>Raggiungete i vostri clienti pi\u00f9 rapidamente.<\/strong>[\/vc_column_text][\/vc_column_inner][\/vc_row_inner][\/vc_column][\/vc_row][vc_row bottom=&#8221;50px&#8221; equal_height=&#8221;content-fadeout&#8221; content_placement=&#8221;bottom&#8221; bg_type=&#8221;image&#8221; slope_top=&#8221;slope-top&#8221; slope_top_pos=&#8221;slope-top-outside&#8221; slope_top_height=&#8221;50px&#8221; slope_top_color=&#8221;#d01313&#8243; el_class=&#8221;white&#8221; bg_color=&#8221;#d01313&#8243;][vc_column textalign=&#8221;left&#8221; width=&#8221;2\/3&#8243;][vc_column_text css=&#8221;.vc_custom_1706784707832{padding-bottom: 25px !important;}&#8221;]<\/p>\n<h2>Siamo lieti di mettere il nostro know-how a vostra disposizione.<\/h2>\n<p>Risparmiate tempo e costose risorse, contattateci!<\/p>\n<p><span style=\"font-weight: 500;\">Telefono CH: <a href=\"tel:0041716779500\">+41 71 67 79 50-0<\/a> \u00a0 | \u00a0 Telefono DE: <a href=\"tel:00497531455554\">+49 75 31 45 55 54<\/a> \u00a0 | \u00a0 E-Mail: <a href=\"mailto:info@zollas.ch\">info@zollas.ch<\/a><\/span>[\/vc_column_text][\/vc_column][vc_column textalign=&#8221;center&#8221; width=&#8221;1\/3&#8243; css=&#8221;.vc_custom_1705924965472{margin-bottom: 30px !important;}&#8221;][vc_single_image image=&#8221;1287&#8243; img_size=&#8221;300&#215;200&#8243; alignment=&#8221;center&#8221; css=&#8221;.vc_custom_1706001763175{margin-top: -50px !important;}&#8221;][vc_button title=&#8221;Contattateci!&#8221; size=&#8221;btn-large&#8221; color=&#8221;btn_white&#8221; link=&#8221;url:https%3A%2F%2Fwww.zollas.ch%2Fit%2Fcontatti%2F|title:Kontakt&#8221;][\/vc_column][\/vc_row]<\/p>\n<\/section>","protected":false},"excerpt":{"rendered":"<p>[vc_row bottom=&#8221;90px&#8221; slope_top=&#8221;slope-top&#8221; slope_top_pos=&#8221;slope-top-outside&#8221; slope_top_height=&#8221;50px&#8221; slope_top_color=&#8221;#f2fdfa&#8221; bg_color=&#8221;#f2fdfa&#8221;][vc_column width=&#8221;2\/3&#8243;][vc_column_text] Una consulenza indipendente da veri professionisti della dogana! Il nostro team \u00e8 disponibile anche per le domande meno tradizionali sulla circolazione delle merci internazionale.[\/vc_column_text][\/vc_column][vc_column width=&#8221;1\/3&#8243;][vc_single_image image=&#8221;163&#8243; img_size=&#8221;300&#215;200&#8243;][\/vc_column][\/vc_row][vc_row bottom=&#8221;90px&#8221; content_placement=&#8221;bottom&#8221; slope_top=&#8221;slope-top&#8221; slope_top_pos=&#8221;slope-top-outside&#8221; slope_top_height=&#8221;50px&#8221; slope_top_color=&#8221;#ffffff&#8221; bg_color=&#8221;#ffffff&#8221;][vc_column width=&#8221;5\/6&#8243;][vc_column_text css=&#8221;.vc_custom_1706784509828{margin-bottom: 25px !important;}&#8221;] FAQ sulla dogana [\/vc_column_text][vc_accordion style=&#8221;accordion_minimal&#8221; collapsible=&#8221;yes&#8221;][vc_accordion_tab title=&#8221;Quali documenti sono necessari per lo sdoganamento all\u2019estero?&#8221;][vc_column_text]Per ogni spedizione internazionale \u00e8 necessaria una fattura valida. La fattura ideale deve contenere i dati&#8230;  <\/p>\n<div class=\"read-more\"><a class=\"excerpt-read-more\" href=\"https:\/\/www.zollas.ch\/it\/consulenza-doganale\/\" title=\"Continue reading Consulenza doganale\">Read more<i class=\"fa fa-angle-right\"><\/i><\/a><\/div>\n","protected":false},"author":1,"featured_media":0,"parent":0,"menu_order":0,"comment_status":"closed","ping_status":"closed","template":"","meta":{"inline_featured_image":false,"footnotes":""},"yoast_head":"<!-- This site is optimized with the Yoast SEO plugin v21.4 - https:\/\/yoast.com\/wordpress\/plugins\/seo\/ -->\n<title>Consulenza doganale &#8211; Zollas Verzollungen Schweiz GmbH<\/title>\n<meta name=\"description\" content=\"Il nostro team \u00e8 disponibile anche per le domande meno tradizionali sulla circolazione delle merci internazionale.\" \/>\n<meta name=\"robots\" content=\"index, follow, max-snippet:-1, max-image-preview:large, max-video-preview:-1\" \/>\n<link rel=\"canonical\" href=\"https:\/\/www.zollas.ch\/it\/consulenza-doganale\/\" \/>\n<meta property=\"og:locale\" content=\"it_IT\" \/>\n<meta property=\"og:type\" content=\"article\" \/>\n<meta property=\"og:title\" content=\"Consulenza doganale &#8211; Zollas Verzollungen Schweiz GmbH\" \/>\n<meta property=\"og:description\" content=\"Il nostro team \u00e8 disponibile anche per le domande meno tradizionali sulla circolazione delle merci internazionale.\" \/>\n<meta property=\"og:url\" content=\"https:\/\/www.zollas.ch\/it\/consulenza-doganale\/\" \/>\n<meta property=\"og:site_name\" content=\"Zollas Verzollungen Schweiz GmbH\" \/>\n<meta property=\"article:modified_time\" content=\"2024-02-01T11:02:42+00:00\" \/>\n<meta name=\"twitter:card\" content=\"summary_large_image\" \/>\n<meta name=\"twitter:label1\" content=\"Tempo di lettura stimato\" \/>\n\t<meta name=\"twitter:data1\" content=\"3 minuti\" \/>\n<script type=\"application\/ld+json\" class=\"yoast-schema-graph\">{\"@context\":\"https:\/\/schema.org\",\"@graph\":[{\"@type\":\"WebPage\",\"@id\":\"https:\/\/www.zollas.ch\/it\/consulenza-doganale\/\",\"url\":\"https:\/\/www.zollas.ch\/it\/consulenza-doganale\/\",\"name\":\"Consulenza doganale &#8211; Zollas Verzollungen Schweiz GmbH\",\"isPartOf\":{\"@id\":\"https:\/\/www.zollas.ch\/pl\/#website\"},\"datePublished\":\"2016-03-21T11:25:55+00:00\",\"dateModified\":\"2024-02-01T11:02:42+00:00\",\"description\":\"Il nostro team \u00e8 disponibile anche per le domande meno tradizionali sulla circolazione delle merci internazionale.\",\"breadcrumb\":{\"@id\":\"https:\/\/www.zollas.ch\/it\/consulenza-doganale\/#breadcrumb\"},\"inLanguage\":\"it-IT\",\"potentialAction\":[{\"@type\":\"ReadAction\",\"target\":[\"https:\/\/www.zollas.ch\/it\/consulenza-doganale\/\"]}]},{\"@type\":\"BreadcrumbList\",\"@id\":\"https:\/\/www.zollas.ch\/it\/consulenza-doganale\/#breadcrumb\",\"itemListElement\":[{\"@type\":\"ListItem\",\"position\":1,\"name\":\"Home\",\"item\":\"https:\/\/www.zollas.ch\/it\/\"},{\"@type\":\"ListItem\",\"position\":2,\"name\":\"Consulenza doganale\"}]},{\"@type\":\"WebSite\",\"@id\":\"https:\/\/www.zollas.ch\/pl\/#website\",\"url\":\"https:\/\/www.zollas.ch\/pl\/\",\"name\":\"Zollas Verzollungen Schweiz GmbH\",\"description\":\"\",\"potentialAction\":[{\"@type\":\"SearchAction\",\"target\":{\"@type\":\"EntryPoint\",\"urlTemplate\":\"https:\/\/www.zollas.ch\/pl\/?s={search_term_string}\"},\"query-input\":\"required name=search_term_string\"}],\"inLanguage\":\"it-IT\"}]}<\/script>\n<!-- \/ Yoast SEO plugin. -->","yoast_head_json":{"title":"Consulenza doganale &#8211; Zollas Verzollungen Schweiz GmbH","description":"Il nostro team \u00e8 disponibile anche per le domande meno tradizionali sulla circolazione delle merci internazionale.","robots":{"index":"index","follow":"follow","max-snippet":"max-snippet:-1","max-image-preview":"max-image-preview:large","max-video-preview":"max-video-preview:-1"},"canonical":"https:\/\/www.zollas.ch\/it\/consulenza-doganale\/","og_locale":"it_IT","og_type":"article","og_title":"Consulenza doganale &#8211; Zollas Verzollungen Schweiz GmbH","og_description":"Il nostro team \u00e8 disponibile anche per le domande meno tradizionali sulla circolazione delle merci internazionale.","og_url":"https:\/\/www.zollas.ch\/it\/consulenza-doganale\/","og_site_name":"Zollas Verzollungen Schweiz GmbH","article_modified_time":"2024-02-01T11:02:42+00:00","twitter_card":"summary_large_image","twitter_misc":{"Tempo di lettura stimato":"3 minuti"},"schema":{"@context":"https:\/\/schema.org","@graph":[{"@type":"WebPage","@id":"https:\/\/www.zollas.ch\/it\/consulenza-doganale\/","url":"https:\/\/www.zollas.ch\/it\/consulenza-doganale\/","name":"Consulenza doganale &#8211; Zollas Verzollungen Schweiz GmbH","isPartOf":{"@id":"https:\/\/www.zollas.ch\/pl\/#website"},"datePublished":"2016-03-21T11:25:55+00:00","dateModified":"2024-02-01T11:02:42+00:00","description":"Il nostro team \u00e8 disponibile anche per le domande meno tradizionali sulla circolazione delle merci internazionale.","breadcrumb":{"@id":"https:\/\/www.zollas.ch\/it\/consulenza-doganale\/#breadcrumb"},"inLanguage":"it-IT","potentialAction":[{"@type":"ReadAction","target":["https:\/\/www.zollas.ch\/it\/consulenza-doganale\/"]}]},{"@type":"BreadcrumbList","@id":"https:\/\/www.zollas.ch\/it\/consulenza-doganale\/#breadcrumb","itemListElement":[{"@type":"ListItem","position":1,"name":"Home","item":"https:\/\/www.zollas.ch\/it\/"},{"@type":"ListItem","position":2,"name":"Consulenza doganale"}]},{"@type":"WebSite","@id":"https:\/\/www.zollas.ch\/pl\/#website","url":"https:\/\/www.zollas.ch\/pl\/","name":"Zollas Verzollungen Schweiz GmbH","description":"","potentialAction":[{"@type":"SearchAction","target":{"@type":"EntryPoint","urlTemplate":"https:\/\/www.zollas.ch\/pl\/?s={search_term_string}"},"query-input":"required name=search_term_string"}],"inLanguage":"it-IT"}]}},"_links":{"self":[{"href":"https:\/\/www.zollas.ch\/it\/wp-json\/wp\/v2\/pages\/1421"}],"collection":[{"href":"https:\/\/www.zollas.ch\/it\/wp-json\/wp\/v2\/pages"}],"about":[{"href":"https:\/\/www.zollas.ch\/it\/wp-json\/wp\/v2\/types\/page"}],"author":[{"embeddable":true,"href":"https:\/\/www.zollas.ch\/it\/wp-json\/wp\/v2\/users\/1"}],"replies":[{"embeddable":true,"href":"https:\/\/www.zollas.ch\/it\/wp-json\/wp\/v2\/comments?post=1421"}],"version-history":[{"count":3,"href":"https:\/\/www.zollas.ch\/it\/wp-json\/wp\/v2\/pages\/1421\/revisions"}],"predecessor-version":[{"id":1440,"href":"https:\/\/www.zollas.ch\/it\/wp-json\/wp\/v2\/pages\/1421\/revisions\/1440"}],"wp:attachment":[{"href":"https:\/\/www.zollas.ch\/it\/wp-json\/wp\/v2\/media?parent=1421"}],"curies":[{"name":"wp","href":"https:\/\/api.w.org\/{rel}","templated":true}]}}